{"id":56487,"date":"2025-07-31T09:43:31","date_gmt":"2025-07-31T08:43:31","guid":{"rendered":"https:\/\/pracek.si\/racunalniskatrgovina\/?post_type=product&#038;p=56487"},"modified":"2025-07-31T09:45:35","modified_gmt":"2025-07-31T08:45:35","slug":"originalni-medion-akoya-p6685-p6687-usb-plosca-69n10ad22a01-deli-prenosnika","status":"publish","type":"product","link":"https:\/\/pracek.si\/racunalniskatrgovina\/izdelek\/originalni-medion-akoya-p6685-p6687-usb-plosca-69n10ad22a01-deli-prenosnika\/","title":{"rendered":"Originalni MEDION Akoya P6685 | P6687 USB plo\u0161\u010da 69N10AD22A01 &#8211; Deli prenosnika"},"content":{"rendered":"<p><strong>Nadgradite svoj MEDION Akoya P6685 ali P6687 s to originalno plo\u0161\u010do USB (\u0161tevilka dela: 69N10AD22A01). Zagotovite brezhibno povezljivost s pristnimi nadomestnimi deli. Hitra in zanesljiva dostava v Evropo in po vsem svetu. Zaupajte Siggmu za kakovostne dele prenosnika.<\/strong><\/p>\n","protected":false},"excerpt":{"rendered":"<p>Izbolj\u0161ajte funkcionalnost svojega prenosnika MEDION Akoya P6685 ali P6687 s to originalno plo\u0161\u010do USB (\u0161tevilka dela: 69N10AD22A01). Ta plo\u0161\u010da USB, pridobljena neposredno od proizvajalca, zagotavlja optimalno delovanje in zdru\u017eljivost.<\/p>\n<p><strong>Zdru\u017eljivost:<\/strong><\/p>\n<ul>\n<li>Zdru\u017eljivo z MEDION Akoya P6685 | prenosniki P6687.<\/li>\n<\/ul>\n<p><strong>Zagotavljanje kakovosti:<\/strong> Na\u0161a plo\u0161\u010da USB je pristen nadomestni del MEDION, ki zagotavlja zanesljivost in zdru\u017eljivost z va\u0161im prenosnikom. Pri Siggmu dajemo prednost kakovosti, da vam zagotovimo najbolj\u0161o mo\u017eno izku\u0161njo.<\/p>\n<p><strong>Enostavna namestitev:<\/strong> Nadgradite svoj prenosnik brez te\u017eav. Ta plo\u0161\u010da USB je zasnovana za enostavno namestitev, in \u010deprav ne ponujamo navodil po korakih, se obrnite na nas, \u010de potrebujete pomo\u010d.<\/p>\n<p><strong>Informacije o po\u0161iljanju:<\/strong> Ponujamo hitro in zanesljivo po\u0161iljanje strankam v Evropi in po svetu. Bodite prepri\u010dani, da je izdelek, ki ga vidite na fotografijah, to\u010dno to, kar boste prejeli. Na\u0161i seznami vsebujejo resni\u010dne fotografije delov, da boste bolje razumeli izdelek.<\/p>\n<p><strong>Zakaj izbrati Siggmo?<\/strong> Siggmo je va\u0161 zaupanja vreden vir za dele prenosnikov. S poudarkom na kakovosti in zadovoljstvu kupcev si prizadevamo zagotoviti avtenti\u010dne komponente za razli\u010dne modele prenosnikov. \u010ce imate kakr\u0161na koli vpra\u0161anja ali potrebujete pomo\u010d, nam pi\u0161ite.<\/p>\n<p>Samozavestno nadgradite svoj prenosnik MEDION. Naro\u010dite svoj originalni MEDION Akoya P6685 | P6687 USB plo\u0161\u010da (69N10AD22A01) od Siggma danes. Va\u0161e zadovoljstvo je na\u0161a prioriteta.<\/p>\n","protected":false},"featured_media":44912,"template":"","meta":[],"product_brand":[],"product_cat":[2062],"product_tag":[2093,1818],"class_list":{"0":"post-56487","1":"product","2":"type-product","3":"status-publish","4":"has-post-thumbnail","6":"product_cat-maticne-plosce-in-deli-plosc","7":"product_tag-medion","8":"product_tag-rezervni-deli","10":"first","11":"instock","12":"taxable","13":"shipping-taxable","14":"purchasable","15":"product-type-simple"},"_links":{"self":[{"href":"https:\/\/pracek.si\/racunalniskatrgovina\/wp-json\/wp\/v2\/product\/56487","targetHints":{"allow":["GET"]}}],"collection":[{"href":"https:\/\/pracek.si\/racunalniskatrgovina\/wp-json\/wp\/v2\/product"}],"about":[{"href":"https:\/\/pracek.si\/racunalniskatrgovina\/wp-json\/wp\/v2\/types\/product"}],"version-history":[{"count":0,"href":"https:\/\/pracek.si\/racunalniskatrgovina\/wp-json\/wp\/v2\/product\/56487\/revisions"}],"wp:featuredmedia":[{"embeddable":true,"href":"https:\/\/pracek.si\/racunalniskatrgovina\/wp-json\/wp\/v2\/media\/44912"}],"wp:attachment":[{"href":"https:\/\/pracek.si\/racunalniskatrgovina\/wp-json\/wp\/v2\/media?parent=56487"}],"wp:term":[{"taxonomy":"product_brand","embeddable":true,"href":"https:\/\/pracek.si\/racunalniskatrgovina\/wp-json\/wp\/v2\/product_brand?post=56487"},{"taxonomy":"product_cat","embeddable":true,"href":"https:\/\/pracek.si\/racunalniskatrgovina\/wp-json\/wp\/v2\/product_cat?post=56487"},{"taxonomy":"product_tag","embeddable":true,"href":"https:\/\/pracek.si\/racunalniskatrgovina\/wp-json\/wp\/v2\/product_tag?post=56487"}],"curies":[{"name":"wp","href":"https:\/\/api.w.org\/{rel}","templated":true}]}}