{"id":56489,"date":"2025-07-31T09:43:31","date_gmt":"2025-07-31T08:43:31","guid":{"rendered":"https:\/\/pracek.si\/racunalniskatrgovina\/?post_type=product&#038;p=56489"},"modified":"2025-07-31T09:45:39","modified_gmt":"2025-07-31T08:45:39","slug":"originalni-hp-dvd-pogon-700577-1c3-uj8fba-nadomestni-deli-prenosnika-posiljanje-po-vsem-svetu","status":"publish","type":"product","link":"https:\/\/pracek.si\/racunalniskatrgovina\/izdelek\/originalni-hp-dvd-pogon-700577-1c3-uj8fba-nadomestni-deli-prenosnika-posiljanje-po-vsem-svetu\/","title":{"rendered":"Originalni HP DVD pogon 700577-1C3 UJ8FBA nadomestni deli prenosnika Po\u0161iljanje po vsem svetu"},"content":{"rendered":"<p>Izbolj\u0161ajte zmogljivosti svojega prenosnika z originalnim HP DVD pogonom 700577-1C3 UJ8FBA. Ta visokokakovosten pogon DVD je pristen nadomestni del, ki zagotavlja zdru\u017eljivost in optimalno delovanje. Na voljo je dostava po vsem svetu. Nadgradite svoj prenosnik \u0161e danes!<\/p>\n","protected":false},"excerpt":{"rendered":"<p>Nadgradite svoj prenosni ra\u010dunalnik z originalnim HP DVD pogonom 700577-1C3 UJ8FBA, vrhunskim nadomestnim delom, zasnovanim za brezhibno zdru\u017eljivost z va\u0161im prenosnim ra\u010dunalnikom HP. Ta DVD pogon je pristen izdelek, ki zagotavlja pristnost in vrhunsko delovanje. Ne glede na to, ali zamenjujete pokvarjen pogon ali nadgrajujete svoj sistem, je ta pogon HP DVD popolna izbira.<\/p>\n<p>Klju\u010dne lastnosti:<\/p>\n<ul>\n<li>Originalni HP-jev nadomestni del (700577-1C3 UJ8FBA).<\/li>\n<li>Zdru\u017eljivo s \u0161iroko paleto prenosnih ra\u010dunalnikov HP.<\/li>\n<li>Zanesljiv in visokokakovosten pogon DVD za optimalno delovanje.<\/li>\n<li>Za va\u0161e udobje je na voljo dostava po vsem svetu.<\/li>\n<\/ul>\n<p>Opomba: ta seznam vklju\u010duje prave fotografije izdelka, tako da lahko natan\u010dno vidite, kaj boste prejeli. Ne nudimo posebnih navodil za zamenjavo delov, vendar nam po\u0161ljite sporo\u010dilo, \u010de potrebujete pomo\u010d ali imate kakr\u0161na koli vpra\u0161anja. Samozavestno nadgradite svoj prenosni ra\u010dunalnik \u2013 naro\u010dite pristen HP-jev pogon DVD \u0161e danes!<\/p>\n","protected":false},"featured_media":44916,"template":"","meta":[],"product_brand":[],"product_cat":[2062],"product_tag":[2060,1818],"class_list":{"0":"post-56489","1":"product","2":"type-product","3":"status-publish","4":"has-post-thumbnail","6":"product_cat-maticne-plosce-in-deli-plosc","7":"product_tag-hp","8":"product_tag-rezervni-deli","10":"first","11":"instock","12":"taxable","13":"shipping-taxable","14":"purchasable","15":"product-type-simple"},"_links":{"self":[{"href":"https:\/\/pracek.si\/racunalniskatrgovina\/wp-json\/wp\/v2\/product\/56489","targetHints":{"allow":["GET"]}}],"collection":[{"href":"https:\/\/pracek.si\/racunalniskatrgovina\/wp-json\/wp\/v2\/product"}],"about":[{"href":"https:\/\/pracek.si\/racunalniskatrgovina\/wp-json\/wp\/v2\/types\/product"}],"version-history":[{"count":0,"href":"https:\/\/pracek.si\/racunalniskatrgovina\/wp-json\/wp\/v2\/product\/56489\/revisions"}],"wp:featuredmedia":[{"embeddable":true,"href":"https:\/\/pracek.si\/racunalniskatrgovina\/wp-json\/wp\/v2\/media\/44916"}],"wp:attachment":[{"href":"https:\/\/pracek.si\/racunalniskatrgovina\/wp-json\/wp\/v2\/media?parent=56489"}],"wp:term":[{"taxonomy":"product_brand","embeddable":true,"href":"https:\/\/pracek.si\/racunalniskatrgovina\/wp-json\/wp\/v2\/product_brand?post=56489"},{"taxonomy":"product_cat","embeddable":true,"href":"https:\/\/pracek.si\/racunalniskatrgovina\/wp-json\/wp\/v2\/product_cat?post=56489"},{"taxonomy":"product_tag","embeddable":true,"href":"https:\/\/pracek.si\/racunalniskatrgovina\/wp-json\/wp\/v2\/product_tag?post=56489"}],"curies":[{"name":"wp","href":"https:\/\/api.w.org\/{rel}","templated":true}]}}