{"id":56491,"date":"2025-07-31T09:43:32","date_gmt":"2025-07-31T08:43:32","guid":{"rendered":"https:\/\/pracek.si\/racunalniskatrgovina\/?post_type=product&#038;p=56491"},"modified":"2025-07-31T09:46:22","modified_gmt":"2025-07-31T08:46:22","slug":"oem-lenovo-hrbtni-pokrov-lcd-zaslona-ap01d000b00-za-3000-n200-0769-aku-razred-a","status":"publish","type":"product","link":"https:\/\/pracek.si\/racunalniskatrgovina\/izdelek\/oem-lenovo-hrbtni-pokrov-lcd-zaslona-ap01d000b00-za-3000-n200-0769-aku-razred-a\/","title":{"rendered":"OEM LENOVO hrbtni pokrov LCD zaslona AP01D000B00 za 3000 N200 0769-AKU razred A"},"content":{"rendered":"<p>Izbolj\u0161ajte svoj prenosni ra\u010dunalnik Lenovo 3000 N200 0769 s tem originalnim zadnjim pokrovom LCD zaslona OEM (AP01D000B00). Izdelana za popolnost, kakovost razreda A zagotavlja vzdr\u017eljivost in brezhibno prileganje. Izbolj\u0161ajte estetiko svojega prenosnika s tem originalnim delom Lenovo.<\/p>\n","protected":false},"excerpt":{"rendered":"<p>Nadgradite svoj prenosni ra\u010dunalnik Lenovo 3000 N200 0769 s pristnim zadnjim pokrovom LCD zaslona OEM, model AP01D000B00. Ta kakovostni del razreda A je natan\u010dno izdelan, da ustreza visokim standardom dru\u017ebe Lenovo ter zagotavlja vzdr\u017eljivost in natan\u010dno prileganje.<\/p>\n<p><strong>Zdru\u017eljivost:<\/strong><\/p>\n<ul>\n<li>Zasnovano za model prenosnikov Lenovo 3000 N200 0769-AKU.<\/li>\n<\/ul>\n<p><strong>Zagotavljanje kakovosti:<\/strong><\/p>\n<ul>\n<li>Pogoj stopnje A zagotavlja vrhunsko kakovost.<\/li>\n<li>Originalni del Lenovo za popolno ujemanje.<\/li>\n<\/ul>\n<p><strong>Izbolj\u0161ajte svoj prenosni ra\u010dunalnik:<\/strong> Spremenite videz svojega prenosnega ra\u010dunalnika s tem pristnim zadnjim pokrovom LCD zaslona Lenovo. Elegantna oblika in natan\u010dno prileganje dodata va\u0161i napravi pridih prefinjenosti.<\/p>\n<p><strong>Enostavna namestitev:<\/strong> Zamenjajte svoj stari ali po\u0161kodovan zadnji pokrov brez truda. \u010ceprav ne nudimo navodil za namestitev, se obrnite na nas, \u010de potrebujete pomo\u010d.<\/p>\n<p><strong>Zdru\u017eljivost po vsem svetu:<\/strong> Ne glede na to, ali ste v Evropi ali kjer koli drugje po svetu, nudimo dostavo po vsem svetu. Bodite prepri\u010dani, fotografije na seznamu so resni\u010dne in prikazujejo natan\u010den del, ki ga boste prejeli.<\/p>\n<p>Nadgradite svojo izku\u0161njo Lenovo s tem zadnjim pokrovom LCD zaslona OEM. Naro\u010dite zdaj in u\u017eivajte v vrhunski kakovosti, ki ji zaupajo ljubitelji Lenovo.<\/p>\n","protected":false},"featured_media":44921,"template":"","meta":[],"product_brand":[],"product_cat":[2051],"product_tag":[2061,1818],"class_list":{"0":"post-56491","1":"product","2":"type-product","3":"status-publish","4":"has-post-thumbnail","6":"product_cat-ohisje-prenosnika","7":"product_tag-lenovo","8":"product_tag-rezervni-deli","10":"first","11":"instock","12":"taxable","13":"shipping-taxable","14":"purchasable","15":"product-type-simple"},"_links":{"self":[{"href":"https:\/\/pracek.si\/racunalniskatrgovina\/wp-json\/wp\/v2\/product\/56491","targetHints":{"allow":["GET"]}}],"collection":[{"href":"https:\/\/pracek.si\/racunalniskatrgovina\/wp-json\/wp\/v2\/product"}],"about":[{"href":"https:\/\/pracek.si\/racunalniskatrgovina\/wp-json\/wp\/v2\/types\/product"}],"version-history":[{"count":0,"href":"https:\/\/pracek.si\/racunalniskatrgovina\/wp-json\/wp\/v2\/product\/56491\/revisions"}],"wp:featuredmedia":[{"embeddable":true,"href":"https:\/\/pracek.si\/racunalniskatrgovina\/wp-json\/wp\/v2\/media\/44921"}],"wp:attachment":[{"href":"https:\/\/pracek.si\/racunalniskatrgovina\/wp-json\/wp\/v2\/media?parent=56491"}],"wp:term":[{"taxonomy":"product_brand","embeddable":true,"href":"https:\/\/pracek.si\/racunalniskatrgovina\/wp-json\/wp\/v2\/product_brand?post=56491"},{"taxonomy":"product_cat","embeddable":true,"href":"https:\/\/pracek.si\/racunalniskatrgovina\/wp-json\/wp\/v2\/product_cat?post=56491"},{"taxonomy":"product_tag","embeddable":true,"href":"https:\/\/pracek.si\/racunalniskatrgovina\/wp-json\/wp\/v2\/product_tag?post=56491"}],"curies":[{"name":"wp","href":"https:\/\/api.w.org\/{rel}","templated":true}]}}