{"id":56533,"date":"2025-07-31T09:46:13","date_gmt":"2025-07-31T08:46:13","guid":{"rendered":"https:\/\/pracek.si\/racunalniskatrgovina\/?post_type=product&#038;p=56533"},"modified":"2026-01-19T14:39:25","modified_gmt":"2026-01-19T13:39:25","slug":"hp-compaq-6820s-56k-klicni-modem-in-kabel-originalni-deli-za-prenosnike-oem-hitra-dostava","status":"publish","type":"product","link":"https:\/\/pracek.si\/racunalniskatrgovina\/izdelek\/hp-compaq-6820s-56k-klicni-modem-in-kabel-originalni-deli-za-prenosnike-oem-hitra-dostava\/","title":{"rendered":"HP Compaq 6820s 56K klicni modem in kabel &#8211; originalni deli za prenosnike OEM &#8211; hitra dostava"},"content":{"rendered":"<p>Izbolj\u0161ajte povezljivost svojega prenosnika HP Compaq 6820s z na\u0161im pristnim OEM 56K modemom na klic &amp; Kabel. Izbolj\u0161ajte svojo izku\u0161njo brskanja s tem visokokakovostnim nadomestnim delom. Na voljo hitra dostava.<\/p>\n","protected":false},"excerpt":{"rendered":"<p>Nadgradite povezljivost va\u0161ega prenosnika HP Compaq 6820s z na\u0161im pristnim OEM 56K modemom na klic &amp; Kabel. Ta originalni prenosni del zagotavlja brezhibno in zanesljivo internetno povezavo, kar vam omogo\u010da, da ostanete povezani, kamor koli greste.<\/p>\n<p><strong>Zdru\u017eljivost:<\/strong><\/p>\n<ul>\n<li>Zasnovan posebej za prenosne ra\u010dunalnike HP Compaq 6820s.<\/li>\n<li>Originalni del OEM (\u0161tevilka dela: 449139-001).<\/li>\n<\/ul>\n<p><strong>Izbolj\u0161ana povezljivost:<\/strong> Izbolj\u0161ajte izku\u0161njo brskanja v prenosnem ra\u010dunalniku s tem 56K klicnim modemom &amp; Kabel. Ne glede na to, ali potrebujete zanesljivo povezavo za delo ali prosti \u010das, ta originalni del zagotavlja visokokakovostno delovanje.<\/p>\n<p><strong>Enostavna namestitev:<\/strong> Na\u0161i nadomestni deli so zasnovani za enostavno namestitev. \u010ceprav ne nudimo navodil po korakih, nam po\u0161ljite sporo\u010dilo, \u010de potrebujete dodatno pomo\u010d. Tukaj smo, da vam pomagamo!<\/p>\n<p><strong>Hitra dostava:<\/strong> Zavedamo se, da je nujno, da va\u0161 prenosni ra\u010dunalnik spet deluje. Zato nudimo hitre in zanesljive storitve po\u0161iljanja, s \u010dimer zagotavljamo, da takoj prejmete originalni del prenosnika OEM.<\/p>\n<p><strong>Prave fotografije, pravi deli:<\/strong> Fotografije na tem seznamu prikazujejo dejanski 56K klicni modem &amp; Kabel prejmete. Verjamemo v preglednost in te resni\u010dne slike prikazujejo kakovost in pristnost delov na\u0161ega prenosnika.<\/p>\n<p>Samozavestno nadgradite svoj HP Compaq 6820s. Naro\u010dite svoj pristen 56K klicni modem &amp; Pove\u017eite kabel zdaj in izkusite izbolj\u0161ano povezljivost kot \u0161e nikoli doslej. Ostanite povezani s Siggmo \u2013 va\u0161im zaupanja vrednim virom kakovostnih delov za prenosnike.<\/p>\n","protected":false},"featured_media":44998,"template":"","meta":[],"product_brand":[],"product_cat":[2062],"product_tag":[2060,1818],"class_list":{"0":"post-56533","1":"product","2":"type-product","3":"status-publish","4":"has-post-thumbnail","6":"product_cat-maticne-plosce-in-deli-plosc","7":"product_tag-hp","8":"product_tag-rezervni-deli","10":"first","11":"instock","12":"taxable","13":"shipping-taxable","14":"purchasable","15":"product-type-simple"},"_links":{"self":[{"href":"https:\/\/pracek.si\/racunalniskatrgovina\/wp-json\/wp\/v2\/product\/56533","targetHints":{"allow":["GET"]}}],"collection":[{"href":"https:\/\/pracek.si\/racunalniskatrgovina\/wp-json\/wp\/v2\/product"}],"about":[{"href":"https:\/\/pracek.si\/racunalniskatrgovina\/wp-json\/wp\/v2\/types\/product"}],"version-history":[{"count":0,"href":"https:\/\/pracek.si\/racunalniskatrgovina\/wp-json\/wp\/v2\/product\/56533\/revisions"}],"wp:featuredmedia":[{"embeddable":true,"href":"https:\/\/pracek.si\/racunalniskatrgovina\/wp-json\/wp\/v2\/media\/44998"}],"wp:attachment":[{"href":"https:\/\/pracek.si\/racunalniskatrgovina\/wp-json\/wp\/v2\/media?parent=56533"}],"wp:term":[{"taxonomy":"product_brand","embeddable":true,"href":"https:\/\/pracek.si\/racunalniskatrgovina\/wp-json\/wp\/v2\/product_brand?post=56533"},{"taxonomy":"product_cat","embeddable":true,"href":"https:\/\/pracek.si\/racunalniskatrgovina\/wp-json\/wp\/v2\/product_cat?post=56533"},{"taxonomy":"product_tag","embeddable":true,"href":"https:\/\/pracek.si\/racunalniskatrgovina\/wp-json\/wp\/v2\/product_tag?post=56533"}],"curies":[{"name":"wp","href":"https:\/\/api.w.org\/{rel}","templated":true}]}}