{"id":56559,"date":"2025-07-31T09:47:56","date_gmt":"2025-07-31T08:47:56","guid":{"rendered":"https:\/\/pracek.si\/racunalniskatrgovina\/?post_type=product&#038;p=56559"},"modified":"2026-01-19T14:44:52","modified_gmt":"2026-01-19T13:44:52","slug":"originalni-pokrov-pomnilnika-hp-probook-450-g2-deli-prenosnika-nadomestna-vratca-z-okvirjem-pomnilnika","status":"publish","type":"product","link":"https:\/\/pracek.si\/racunalniskatrgovina\/izdelek\/originalni-pokrov-pomnilnika-hp-probook-450-g2-deli-prenosnika-nadomestna-vratca-z-okvirjem-pomnilnika\/","title":{"rendered":"Originalni pokrov pomnilnika HP ProBook 450 G2 &#8211; deli prenosnika &#8211; nadomestna vratca z okvirjem pomnilnika"},"content":{"rendered":"<p>Izbolj\u0161ajte zmogljivost va\u0161ega HP ProBook 450 G2 s tem pristnim pokrovom za pomnilnik. Zasnovana za enostaven dostop, ta vrata z loputo Memory Bezel zagotavljajo nadgradnjo brez te\u017eav. Kakovost, ki ji lahko zaupate, s Siggmo.com po\u0161iljamo po vsem svetu.<\/p>\n","protected":false},"excerpt":{"rendered":"<p>Nadgradite svoj HP ProBook 450 G2 brez truda z na\u0161im originalnim pokrovom pomnilnika. Ta vratca z loputo za pomnilni\u0161ki okvir so izdelana za vzdr\u017eljivost in enostaven dostop, kar vam omogo\u010da samozavestno izbolj\u0161anje pomnilnika va\u0161ega prenosnika.<\/p>\n<p><strong>Klju\u010dne lastnosti:<\/strong><\/p>\n<ul>\n<li><strong>Zdru\u017eljivost:<\/strong> Zasnovan posebej za prenosne ra\u010dunalnike HP ProBook 450 G2.<\/li>\n<li><strong>Zagotavljanje kakovosti:<\/strong> Originalni HP-jev del, ki zagotavlja popolno prileganje in zanesljivo delovanje.<\/li>\n<li><strong>Enostavna namestitev:<\/strong> Brezhibna nadgradnja z na\u0161imi vratci za pomnilni\u0161ki okvir za hiter dostop do pomnilni\u0161kih re\u017e.<\/li>\n<li><strong>Dostava po vsem svetu:<\/strong> Dostavljamo po vsem svetu, tako da kjerkoli \u017ee ste, izbolj\u0161ajte zmogljivost svojega prenosnika s Siggmo.<\/li>\n<\/ul>\n<p><strong>Opomba:<\/strong> navodila za namestitev niso prilo\u017eena, vendar se lahko obrnete na nas prek sporo\u010dila za kakr\u0161no koli pomo\u010d, ki jo morda potrebujete. Prave fotografije izdelka zagotavljajo, da vidite to\u010dno to, kar boste prejeli. Samozavestno nadgradite pomnilnik svojega prenosnika, saj veste, da dobite pristen del, ki je zasnovan za vrhunsko zmogljivost.<\/p>\n","protected":false},"featured_media":45041,"template":"","meta":[],"product_brand":[],"product_cat":[2062],"product_tag":[2060,1818],"class_list":{"0":"post-56559","1":"product","2":"type-product","3":"status-publish","4":"has-post-thumbnail","6":"product_cat-maticne-plosce-in-deli-plosc","7":"product_tag-hp","8":"product_tag-rezervni-deli","10":"first","11":"instock","12":"taxable","13":"shipping-taxable","14":"purchasable","15":"product-type-simple"},"_links":{"self":[{"href":"https:\/\/pracek.si\/racunalniskatrgovina\/wp-json\/wp\/v2\/product\/56559","targetHints":{"allow":["GET"]}}],"collection":[{"href":"https:\/\/pracek.si\/racunalniskatrgovina\/wp-json\/wp\/v2\/product"}],"about":[{"href":"https:\/\/pracek.si\/racunalniskatrgovina\/wp-json\/wp\/v2\/types\/product"}],"version-history":[{"count":0,"href":"https:\/\/pracek.si\/racunalniskatrgovina\/wp-json\/wp\/v2\/product\/56559\/revisions"}],"wp:featuredmedia":[{"embeddable":true,"href":"https:\/\/pracek.si\/racunalniskatrgovina\/wp-json\/wp\/v2\/media\/45041"}],"wp:attachment":[{"href":"https:\/\/pracek.si\/racunalniskatrgovina\/wp-json\/wp\/v2\/media?parent=56559"}],"wp:term":[{"taxonomy":"product_brand","embeddable":true,"href":"https:\/\/pracek.si\/racunalniskatrgovina\/wp-json\/wp\/v2\/product_brand?post=56559"},{"taxonomy":"product_cat","embeddable":true,"href":"https:\/\/pracek.si\/racunalniskatrgovina\/wp-json\/wp\/v2\/product_cat?post=56559"},{"taxonomy":"product_tag","embeddable":true,"href":"https:\/\/pracek.si\/racunalniskatrgovina\/wp-json\/wp\/v2\/product_tag?post=56559"}],"curies":[{"name":"wp","href":"https:\/\/api.w.org\/{rel}","templated":true}]}}