{"id":56656,"date":"2025-07-31T09:54:18","date_gmt":"2025-07-31T08:54:18","guid":{"rendered":"https:\/\/pracek.si\/racunalniskatrgovina\/?post_type=product&#038;p=56656"},"modified":"2026-01-19T14:57:17","modified_gmt":"2026-01-19T13:57:17","slug":"ls-8134p-plosca-bralnika-prstnih-odtisov-lenovo-thinkpad-edge-e430-z-deli-prenosnika-caddy-razreda-a","status":"publish","type":"product","link":"https:\/\/pracek.si\/racunalniskatrgovina\/izdelek\/ls-8134p-plosca-bralnika-prstnih-odtisov-lenovo-thinkpad-edge-e430-z-deli-prenosnika-caddy-razreda-a\/","title":{"rendered":"LS-8134P plo\u0161\u010da bralnika prstnih odtisov Lenovo ThinkPad Edge E430 z deli prenosnika Caddy razreda A"},"content":{"rendered":"<p>Izbolj\u0161ajte varnostne funkcije va\u0161ega Lenovo ThinkPad Edge E430 s to plo\u0161\u010do bralnika prstnih odtisov razreda A LS-8134P. Vklju\u010duje priro\u010den nosilec za brezhibno namestitev. Pristni in visokokakovostni deli prenosnika za optimalno delovanje.<\/p>\n","protected":false},"excerpt":{"rendered":"<p>Nadgradite svoj Lenovo ThinkPad Edge E430 z na\u0161o plo\u0161\u010do bralnika prstnih odtisov razreda A LS-8134P. Ta pristen in visokokakovosten prenosni del zagotavlja izbolj\u0161ano varnost va\u0161ega prenosnika. S prilo\u017eenim ohi\u0161jem je namestitev enostavna, kar vam omogo\u010da brezhibno integracijo tega bralnika prstnih odtisov v va\u0161 sistem.<\/p>\n<p><strong>Podrobnosti o izdelku:<\/strong><\/p>\n<ul>\n<li><strong>Zdru\u017eljivost:<\/strong> Zasnovan za Lenovo ThinkPad Edge E430<\/li>\n<li><strong>Stanje:<\/strong> Razred A &#8211; odli\u010dno stanje, ki zagotavlja vrhunsko delovanje.<\/li>\n<li><strong>Izbolj\u0161ana varnost:<\/strong> \u010citalnik prstnih odtisov va\u0161emu prenosniku doda dodatno plast varnosti, \u0161\u010diti va\u0161e podatke in zagotavlja brezskrbnost.<\/li>\n<li><strong>Enostavna namestitev:<\/strong> Prilo\u017eeni nosilec poenostavi postopek namestitve, zaradi \u010desar je uporabniku prijazen tudi za tiste z omejenim tehni\u010dnim znanjem.<\/li>\n<li><strong>Zdru\u017eljivost po vsem svetu:<\/strong> Primerno za uporabo po vsem svetu, s poudarkom na evropskih strankah.<\/li>\n<\/ul>\n<p>Ne glede na to, ali \u017eelite zamenjati pokvarjen bralnik prstnih odtisov ali nadgraditi svoj sistem, je na\u0161a plo\u0161\u010da bralnika prstnih odtisov stopnje A LS-8134P idealna izbira. Upo\u0161tevajte, da \u010deprav ne nudimo navodil za namestitev, smo tukaj, da vam pomagamo. \u010ce imate kakr\u0161na koli vpra\u0161anja ali potrebujete dodatno pomo\u010d, se obrnite na nas.<\/p>\n<p><em>Opomba: Fotografije izdelkov, ki jih vidite, so resni\u010dne slike delov, ki jih boste prejeli. Kupujte z zaupanjem in nadgradite svoj prenosnik s pristnimi in zanesljivimi deli za prenosnike podjetja siggmo.<\/em><\/p>\n","protected":false},"featured_media":45194,"template":"","meta":[],"product_brand":[],"product_cat":[2062],"product_tag":[2061,1818],"class_list":{"0":"post-56656","1":"product","2":"type-product","3":"status-publish","4":"has-post-thumbnail","6":"product_cat-maticne-plosce-in-deli-plosc","7":"product_tag-lenovo","8":"product_tag-rezervni-deli","10":"first","11":"instock","12":"taxable","13":"shipping-taxable","14":"purchasable","15":"product-type-simple"},"_links":{"self":[{"href":"https:\/\/pracek.si\/racunalniskatrgovina\/wp-json\/wp\/v2\/product\/56656","targetHints":{"allow":["GET"]}}],"collection":[{"href":"https:\/\/pracek.si\/racunalniskatrgovina\/wp-json\/wp\/v2\/product"}],"about":[{"href":"https:\/\/pracek.si\/racunalniskatrgovina\/wp-json\/wp\/v2\/types\/product"}],"version-history":[{"count":0,"href":"https:\/\/pracek.si\/racunalniskatrgovina\/wp-json\/wp\/v2\/product\/56656\/revisions"}],"wp:featuredmedia":[{"embeddable":true,"href":"https:\/\/pracek.si\/racunalniskatrgovina\/wp-json\/wp\/v2\/media\/45194"}],"wp:attachment":[{"href":"https:\/\/pracek.si\/racunalniskatrgovina\/wp-json\/wp\/v2\/media?parent=56656"}],"wp:term":[{"taxonomy":"product_brand","embeddable":true,"href":"https:\/\/pracek.si\/racunalniskatrgovina\/wp-json\/wp\/v2\/product_brand?post=56656"},{"taxonomy":"product_cat","embeddable":true,"href":"https:\/\/pracek.si\/racunalniskatrgovina\/wp-json\/wp\/v2\/product_cat?post=56656"},{"taxonomy":"product_tag","embeddable":true,"href":"https:\/\/pracek.si\/racunalniskatrgovina\/wp-json\/wp\/v2\/product_tag?post=56656"}],"curies":[{"name":"wp","href":"https:\/\/api.w.org\/{rel}","templated":true}]}}