{"id":56671,"date":"2025-07-31T09:55:14","date_gmt":"2025-07-31T08:55:14","guid":{"rendered":"https:\/\/pracek.si\/racunalniskatrgovina\/?post_type=product&#038;p=56671"},"modified":"2025-07-31T09:57:59","modified_gmt":"2025-07-31T08:57:59","slug":"zamenjava-originalnih-delov-zadnjega-zgornjega-pokrova-prenosnega-racunalnika-ibm-lenovo-b70-80-lcd","status":"publish","type":"product","link":"https:\/\/pracek.si\/racunalniskatrgovina\/izdelek\/zamenjava-originalnih-delov-zadnjega-zgornjega-pokrova-prenosnega-racunalnika-ibm-lenovo-b70-80-lcd\/","title":{"rendered":"Zamenjava originalnih delov zadnjega zgornjega pokrova prenosnega ra\u010dunalnika IBM Lenovo B70-80 LCD"},"content":{"rendered":"<p>Nadgradite estetiko svojega prenosnika s tem pristnim zadnjim pokrovom LCD IBM Lenovo B70-80. Izdelan za natan\u010dnost in vzdr\u017eljivost, zagotavlja popolno prileganje va\u0161emu modelu B70-80. Povrnite eleganten videz svojega prenosnika in u\u017eivajte v zaupanju, ki ga prina\u0161ajo originalni nadomestni deli.<\/p>\n","protected":false},"excerpt":{"rendered":"<p>Izbolj\u0161ajte vizualno privla\u010dnost in funkcionalnost svojega prenosnika IBM Lenovo B70-80 z na\u0161im pristnim nadomestnim zadnjim zgornjim pokrovom LCD. Ta prevleka, izdelana z natan\u010dnostjo, zagotavlja brezhibno prileganje in obnavlja eleganten dizajn, ki ga imate radi.<\/p>\n<p><strong>Zdru\u017eljivost:<\/strong><\/p>\n<ul>\n<li>Posebej zasnovan za modele IBM Lenovo B70-80, ki zagotavlja popolno prileganje.<\/li>\n<li>Zagotovljena pristnost \u2013 zaupajte samo originalnim delom za svoj prenosnik.<\/li>\n<\/ul>\n<p><strong>Kakovostni materiali:<\/strong><\/p>\n<ul>\n<li>Izdelan iz visokokakovostnih materialov, ki zagotavljajo vzdr\u017eljivost in dolgo \u017eivljenjsko dobo.<\/li>\n<li>Zasnovano tako, da vzdr\u017ei vsakodnevno obrabo in zagotavlja zanesljivo za\u0161\u010dito za LCD va\u0161ega prenosnika.<\/li>\n<\/ul>\n<p><strong>Enostavna namestitev:<\/strong><\/p>\n<ul>\n<li>Nadomestna zamenjava, ki jo naredi sam \u2013 ni potrebe po strokovni namestitvi.<\/li>\n<li>Podrobna navodila niso na voljo, vendar nam po\u0161ljite sporo\u010dilo, \u010de potrebujete kakr\u0161no koli pomo\u010d.<\/li>\n<\/ul>\n<p><strong>Hitra dostava:<\/strong><\/p>\n<ul>\n<li>Zavedamo se, da je nujno, da va\u0161 prenosni ra\u010dunalnik ponovno vzpostavite. U\u017eivajte v hitrih in zanesljivih storitvah po\u0161iljanja.<\/li>\n<\/ul>\n<p><strong>Prave fotografije izdelkov:<\/strong><\/p>\n<ul>\n<li>Fotografije v tem seznamu so pristne slike izdelka, ki ga boste prejeli.<\/li>\n<li>Kar vidite, to dobite \u2013 brez presene\u010denj, samo kakovost.<\/li>\n<\/ul>\n<p>Samozavestno nadgradite svoj IBM Lenovo B70-80. O\u017eivite vizualni \u010dar svojega prenosnika in izkusite veselje brezhibno zamenjanega zadnjega zgornjega pokrova LCD. \u010ce imate kakr\u0161na koli vpra\u0161anja ali potrebujete dodatno pomo\u010d, se obrnite na nas. Va\u0161e zadovoljstvo je na\u0161a prioriteta.<\/p>\n","protected":false},"featured_media":45225,"template":"","meta":[],"product_brand":[],"product_cat":[2051],"product_tag":[2061,1818],"class_list":{"0":"post-56671","1":"product","2":"type-product","3":"status-publish","4":"has-post-thumbnail","6":"product_cat-ohisje-prenosnika","7":"product_tag-lenovo","8":"product_tag-rezervni-deli","10":"first","11":"instock","12":"taxable","13":"shipping-taxable","14":"purchasable","15":"product-type-simple"},"_links":{"self":[{"href":"https:\/\/pracek.si\/racunalniskatrgovina\/wp-json\/wp\/v2\/product\/56671","targetHints":{"allow":["GET"]}}],"collection":[{"href":"https:\/\/pracek.si\/racunalniskatrgovina\/wp-json\/wp\/v2\/product"}],"about":[{"href":"https:\/\/pracek.si\/racunalniskatrgovina\/wp-json\/wp\/v2\/types\/product"}],"version-history":[{"count":0,"href":"https:\/\/pracek.si\/racunalniskatrgovina\/wp-json\/wp\/v2\/product\/56671\/revisions"}],"wp:featuredmedia":[{"embeddable":true,"href":"https:\/\/pracek.si\/racunalniskatrgovina\/wp-json\/wp\/v2\/media\/45225"}],"wp:attachment":[{"href":"https:\/\/pracek.si\/racunalniskatrgovina\/wp-json\/wp\/v2\/media?parent=56671"}],"wp:term":[{"taxonomy":"product_brand","embeddable":true,"href":"https:\/\/pracek.si\/racunalniskatrgovina\/wp-json\/wp\/v2\/product_brand?post=56671"},{"taxonomy":"product_cat","embeddable":true,"href":"https:\/\/pracek.si\/racunalniskatrgovina\/wp-json\/wp\/v2\/product_cat?post=56671"},{"taxonomy":"product_tag","embeddable":true,"href":"https:\/\/pracek.si\/racunalniskatrgovina\/wp-json\/wp\/v2\/product_tag?post=56671"}],"curies":[{"name":"wp","href":"https:\/\/api.w.org\/{rel}","templated":true}]}}