{"id":56680,"date":"2025-07-31T09:56:03","date_gmt":"2025-07-31T08:56:03","guid":{"rendered":"https:\/\/pracek.si\/racunalniskatrgovina\/?post_type=product&#038;p=56680"},"modified":"2026-01-19T15:14:12","modified_gmt":"2026-01-19T14:14:12","slug":"originalni-deli-za-plosco-prenosnega-racunalnika-lenovo-ideapad-g70-80z70b70-80-usb-citalnik-kartic-slusalke","status":"publish","type":"product","link":"https:\/\/pracek.si\/racunalniskatrgovina\/izdelek\/originalni-deli-za-plosco-prenosnega-racunalnika-lenovo-ideapad-g70-80z70b70-80-usb-citalnik-kartic-slusalke\/","title":{"rendered":"Originalni deli za plo\u0161\u010do prenosnega ra\u010dunalnika Lenovo IdeaPad G70-80Z70B70-80 USB \u010ditalnik kartic slu\u0161alke"},"content":{"rendered":"<p>Izbolj\u0161ajte svoj Lenovo IdeaPad G70-80\/Z70\/B70-80 s to originalno plo\u0161\u010do za slu\u0161alke z bralnikom kartic USB. Popolna zamenjava za nedelujo\u010do ali po\u0161kodovano plo\u0161\u010do. Kupite zdaj za zanesljivo delovanje in brezhibno povezljivost. Siggmo.com dobavlja dele prenosnikov po vsem svetu.<\/p>\n","protected":false},"excerpt":{"rendered":"<p>Nadgradite svoj Lenovo IdeaPad G70-80\/Z70\/B70-80 z na\u0161o originalno plo\u0161\u010do z vti\u010dnico za slu\u0161alke za bralnik kartic USB, ki je zasnovana za optimalno zmogljivost in povezljivost. Ta plo\u0161\u010da je popoln nadomestek za po\u0161kodovane ali okvarjene dele in zagotavlja, da va\u0161 prenosnik deluje po najbolj\u0161ih mo\u010deh.<\/p>\n<p><strong>Klju\u010dne lastnosti:<\/strong><\/p>\n<ul>\n<li>Pristen del Lenovo: Ta plo\u0161\u010da je pristen izdelek Lenovo, ki zagotavlja zdru\u017eljivost in zanesljivost.<\/li>\n<li>\u010citalnik kartic USB: z vgrajenim bralnikom kartic priro\u010dno prena\u0161ajte podatke s kartic.<\/li>\n<li>Priklju\u010dek za slu\u0161alke: u\u017eivajte v kristalno \u010distem zvoku z vgrajenim priklju\u010dkom za slu\u0161alke.<\/li>\n<li>Zdru\u017eljivost: posebej zasnovano za modele Lenovo IdeaPad G70-80, Z70 in B70-80.<\/li>\n<\/ul>\n<p><strong>Enostavna namestitev:<\/strong> Namestitev te plo\u0161\u010de je enostavna in niso potrebna posebna navodila. \u010ce imate kakr\u0161na koli vpra\u0161anja ali potrebujete pomo\u010d, nam pi\u0161ite. \u010ceprav ne nudimo navodil po korakih, smo tu, da vam pomagamo pri morebitnih vpra\u0161anjih.<\/p>\n<p><strong>Pravi izdelek, resni\u010dna zmogljivost:<\/strong> Fotografije na tem seznamu so pristne slike izdelka, ki ga boste prejeli. Ponosni smo na zagotavljanje natan\u010dnih predstavitev, tako da ste lahko prepri\u010dani v svoj nakup.<\/p>\n<p><strong>Dostava po vsem svetu:<\/strong> Siggmo je va\u0161a glavna destinacija za kakovostne dele prenosnikov. Po\u0161iljamo po vsem svetu in zagotavljamo, da dobite komponente, ki jih potrebujete, kjer koli \u017ee ste.<\/p>\n<p>Samozavestno nadgradite svoj prenosnik. Naro\u010dite originalno plo\u0161\u010do z vhodom za slu\u0161alke za bralnik kartic USB za Lenovo IdeaPad G70-80\/Z70\/B70-80 zdaj in izkusite brezhibno povezljivost in izbolj\u0161ano funkcionalnost.<\/p>\n","protected":false},"featured_media":45234,"template":"","meta":[],"product_brand":[],"product_cat":[2062],"product_tag":[2061,1818],"class_list":{"0":"post-56680","1":"product","2":"type-product","3":"status-publish","4":"has-post-thumbnail","6":"product_cat-maticne-plosce-in-deli-plosc","7":"product_tag-lenovo","8":"product_tag-rezervni-deli","10":"first","11":"instock","12":"taxable","13":"shipping-taxable","14":"purchasable","15":"product-type-simple"},"_links":{"self":[{"href":"https:\/\/pracek.si\/racunalniskatrgovina\/wp-json\/wp\/v2\/product\/56680","targetHints":{"allow":["GET"]}}],"collection":[{"href":"https:\/\/pracek.si\/racunalniskatrgovina\/wp-json\/wp\/v2\/product"}],"about":[{"href":"https:\/\/pracek.si\/racunalniskatrgovina\/wp-json\/wp\/v2\/types\/product"}],"version-history":[{"count":0,"href":"https:\/\/pracek.si\/racunalniskatrgovina\/wp-json\/wp\/v2\/product\/56680\/revisions"}],"wp:featuredmedia":[{"embeddable":true,"href":"https:\/\/pracek.si\/racunalniskatrgovina\/wp-json\/wp\/v2\/media\/45234"}],"wp:attachment":[{"href":"https:\/\/pracek.si\/racunalniskatrgovina\/wp-json\/wp\/v2\/media?parent=56680"}],"wp:term":[{"taxonomy":"product_brand","embeddable":true,"href":"https:\/\/pracek.si\/racunalniskatrgovina\/wp-json\/wp\/v2\/product_brand?post=56680"},{"taxonomy":"product_cat","embeddable":true,"href":"https:\/\/pracek.si\/racunalniskatrgovina\/wp-json\/wp\/v2\/product_cat?post=56680"},{"taxonomy":"product_tag","embeddable":true,"href":"https:\/\/pracek.si\/racunalniskatrgovina\/wp-json\/wp\/v2\/product_tag?post=56680"}],"curies":[{"name":"wp","href":"https:\/\/api.w.org\/{rel}","templated":true}]}}