{"id":56730,"date":"2025-07-31T09:59:37","date_gmt":"2025-07-31T08:59:37","guid":{"rendered":"https:\/\/pracek.si\/racunalniskatrgovina\/?post_type=product&#038;p=56730"},"modified":"2025-07-31T10:02:56","modified_gmt":"2025-07-31T09:02:56","slug":"originalni-pokrov-pomnilnika-hp-elitebook-840-g8-deli-prenosnika","status":"publish","type":"product","link":"https:\/\/pracek.si\/racunalniskatrgovina\/izdelek\/originalni-pokrov-pomnilnika-hp-elitebook-840-g8-deli-prenosnika\/","title":{"rendered":"Originalni pokrov pomnilnika HP EliteBook 840 G8 &#8211; deli prenosnika"},"content":{"rendered":"<p>Izbolj\u0161ajte svoj prenosnik HP EliteBook 840 G8 s tem originalnim pokrovom za pomnilnik. Zagotovite optimalno delovanje in varnost s pristnimi HP-jevimi deli. Kupite zdaj za brezhibno nadgradnjo!<\/p>\n","protected":false},"excerpt":{"rendered":"<p>Izbolj\u0161ajte zmogljivosti svojega prenosnika HP EliteBook 840 G8 s tem originalnim pokrovom za pomnilnik. Ta komplet, ki ga je HP izdelal za natan\u010dnost in zdru\u017eljivost, je zasnovan za izbolj\u0161anje funkcionalnosti va\u0161ega prenosnika.<\/p>\n<p><strong>Klju\u010dne lastnosti:<\/strong><\/p>\n<ul>\n<li><strong>Pokrov pomnilnika:<\/strong> Brezhibno nadgradite pomnilnik prenosnika s pristnim pokrovom pomnilnika HP, ki je vklju\u010den v ta komplet. Izkusite izbolj\u0161ano zmogljivost in ve\u010dopravilnost.<\/li>\n<\/ul>\n<p><strong>Zdru\u017eljivost:<\/strong> Ta komplet je zasnovan posebej za model HP EliteBook 840 G8 in zagotavlja popolno prileganje in optimalno delovanje.<\/p>\n<p><strong>Namestitev:<\/strong> \u010ceprav podrobna navodila za namestitev niso na voljo, se obrnite na nas, \u010de med postopkom namestitve naletite na te\u017eave ali imate vpra\u0161anja. Tukaj smo, da vam pomagamo. Upo\u0161tevajte, da je profesionalna namestitev priporo\u010dljiva za tiste, ki niso seznanjeni s strojno opremo prenosnika.<\/p>\n<p><strong>Zajam\u010dena pristnost:<\/strong> Bodite prepri\u010dani, da so vse komponente, vklju\u010dene v ta komplet, originalni HP-jevi deli. Prednost dajemo pristnosti, da zagotovimo kakovost in zanesljivost, ki ju pri\u010dakujete od izdelkov HP.<\/p>\n<p><strong>Pravi izdelek, prave fotografije:<\/strong> Slike na tem seznamu so dejanske fotografije kompleta, ki ga boste prejeli. Kar vidite, to dobite \u2013 pristen pomnilni\u0161ki ovitek HP EliteBook 840 G8.<\/p>\n","protected":false},"featured_media":45320,"template":"","meta":[],"product_brand":[],"product_cat":[2051],"product_tag":[2060,1818],"class_list":{"0":"post-56730","1":"product","2":"type-product","3":"status-publish","4":"has-post-thumbnail","6":"product_cat-ohisje-prenosnika","7":"product_tag-hp","8":"product_tag-rezervni-deli","10":"first","11":"instock","12":"taxable","13":"shipping-taxable","14":"purchasable","15":"product-type-simple"},"_links":{"self":[{"href":"https:\/\/pracek.si\/racunalniskatrgovina\/wp-json\/wp\/v2\/product\/56730","targetHints":{"allow":["GET"]}}],"collection":[{"href":"https:\/\/pracek.si\/racunalniskatrgovina\/wp-json\/wp\/v2\/product"}],"about":[{"href":"https:\/\/pracek.si\/racunalniskatrgovina\/wp-json\/wp\/v2\/types\/product"}],"version-history":[{"count":0,"href":"https:\/\/pracek.si\/racunalniskatrgovina\/wp-json\/wp\/v2\/product\/56730\/revisions"}],"wp:featuredmedia":[{"embeddable":true,"href":"https:\/\/pracek.si\/racunalniskatrgovina\/wp-json\/wp\/v2\/media\/45320"}],"wp:attachment":[{"href":"https:\/\/pracek.si\/racunalniskatrgovina\/wp-json\/wp\/v2\/media?parent=56730"}],"wp:term":[{"taxonomy":"product_brand","embeddable":true,"href":"https:\/\/pracek.si\/racunalniskatrgovina\/wp-json\/wp\/v2\/product_brand?post=56730"},{"taxonomy":"product_cat","embeddable":true,"href":"https:\/\/pracek.si\/racunalniskatrgovina\/wp-json\/wp\/v2\/product_cat?post=56730"},{"taxonomy":"product_tag","embeddable":true,"href":"https:\/\/pracek.si\/racunalniskatrgovina\/wp-json\/wp\/v2\/product_tag?post=56730"}],"curies":[{"name":"wp","href":"https:\/\/api.w.org\/{rel}","templated":true}]}}