{"id":56731,"date":"2025-07-31T09:59:37","date_gmt":"2025-07-31T08:59:37","guid":{"rendered":"https:\/\/pracek.si\/racunalniskatrgovina\/?post_type=product&#038;p=56731"},"modified":"2025-07-31T10:03:00","modified_gmt":"2025-07-31T09:03:00","slug":"hp-elitebook-840-g7-genuine-laptop-wifi-card-ax201ngw-intel-wireless-upgrade","status":"publish","type":"product","link":"https:\/\/pracek.si\/racunalniskatrgovina\/izdelek\/hp-elitebook-840-g7-genuine-laptop-wifi-card-ax201ngw-intel-wireless-upgrade\/","title":{"rendered":"HP EliteBook 840 G7 Genuine Laptop WiFi Card AX201NGW Intel Wireless Upgrade"},"content":{"rendered":"<p>Nadgradite svoj prenosnik HP EliteBook 840 G7 s to pristno Intelovo brez\u017ei\u010dno WiFi kartico AX201NGW. U\u017eivajte v bliskovito hitri in zanesljivi brez\u017ei\u010dni povezavi za va\u0161 prenosnik. Originalni del za brezhibno zdru\u017eljivost. Izbolj\u0161ajte zmogljivost svojega prenosnika \u0161e danes!<\/p>\n","protected":false},"excerpt":{"rendered":"<p>Odklenite polni potencial svojega prenosnika HP EliteBook 840 G7 z originalno brez\u017ei\u010dno kartico Intel Wireless WiFi Card AX201NGW. Ta visokokakovosten prenosni del zagotavlja hitro in varno brez\u017ei\u010dno povezljivost, kar vam omogo\u010da, da ostanete povezani, kamorkoli greste.<\/p>\n<p><strong>Klju\u010dne lastnosti:<\/strong><\/p>\n<ul>\n<li>Pristna kartica Intel WiFi: ta model AX201NGW je pristna brez\u017ei\u010dna kartica Intel WiFi, zasnovana posebej za HP EliteBook 840 G7, ki zagotavlja optimalno zdru\u017eljivost in zmogljivost.<\/li>\n<li>Vi\u0161je brez\u017ei\u010dne hitrosti: Nadgradite na najnovej\u0161i standard WiFi za bliskovite hitrosti, gladko pretakanje in zanesljive povezave.<\/li>\n<li>Enostavna namestitev: pristna narava te kartice WiFi zagotavlja postopek namestitve brez te\u017eav. U\u017eivajte v brezhibni nadgradnji brez kompromisov pri kakovosti.<\/li>\n<li>Dostava po vsem svetu: Ponujamo dostavo po vsem svetu, tako da lahko ne glede na to, kje ste, izbolj\u0161ate zmogljivosti svojega prenosnika s to pristno kartico Intel WiFi.<\/li>\n<\/ul>\n<p><strong>Opomba za kupce:<\/strong><\/p>\n<ul>\n<li>Prijazno do DIY: \u010ceprav ne nudimo posebnih navodil za zamenjavo, je postopek namestitve preprost. \u010ce imate kakr\u0161na koli vpra\u0161anja ali potrebujete pomo\u010d, nam pi\u0161ite.<\/li>\n<li>Prave fotografije izdelkov: Slike na tem seznamu so dejanske fotografije kartice WiFi, ki jo boste prejeli. Kar vidite, to dobite.<\/li>\n<\/ul>\n<p>Nadgradite svoj HP EliteBook 840 G7 \u0161e danes s pristno Intelovo brez\u017ei\u010dno WiFi kartico AX201NGW in izkusite novo raven brez\u017ei\u010dne zmogljivosti za svoj prenosnik. Ostanite povezani brez truda in u\u017eivajte v svobodi zanesljive povezave na poti.<\/p>\n","protected":false},"featured_media":45322,"template":"","meta":[],"product_brand":[],"product_cat":[2062],"product_tag":[2060,1818],"class_list":{"0":"post-56731","1":"product","2":"type-product","3":"status-publish","4":"has-post-thumbnail","6":"product_cat-maticne-plosce-in-deli-plosc","7":"product_tag-hp","8":"product_tag-rezervni-deli","10":"first","11":"instock","12":"taxable","13":"shipping-taxable","14":"purchasable","15":"product-type-simple"},"_links":{"self":[{"href":"https:\/\/pracek.si\/racunalniskatrgovina\/wp-json\/wp\/v2\/product\/56731","targetHints":{"allow":["GET"]}}],"collection":[{"href":"https:\/\/pracek.si\/racunalniskatrgovina\/wp-json\/wp\/v2\/product"}],"about":[{"href":"https:\/\/pracek.si\/racunalniskatrgovina\/wp-json\/wp\/v2\/types\/product"}],"version-history":[{"count":0,"href":"https:\/\/pracek.si\/racunalniskatrgovina\/wp-json\/wp\/v2\/product\/56731\/revisions"}],"wp:featuredmedia":[{"embeddable":true,"href":"https:\/\/pracek.si\/racunalniskatrgovina\/wp-json\/wp\/v2\/media\/45322"}],"wp:attachment":[{"href":"https:\/\/pracek.si\/racunalniskatrgovina\/wp-json\/wp\/v2\/media?parent=56731"}],"wp:term":[{"taxonomy":"product_brand","embeddable":true,"href":"https:\/\/pracek.si\/racunalniskatrgovina\/wp-json\/wp\/v2\/product_brand?post=56731"},{"taxonomy":"product_cat","embeddable":true,"href":"https:\/\/pracek.si\/racunalniskatrgovina\/wp-json\/wp\/v2\/product_cat?post=56731"},{"taxonomy":"product_tag","embeddable":true,"href":"https:\/\/pracek.si\/racunalniskatrgovina\/wp-json\/wp\/v2\/product_tag?post=56731"}],"curies":[{"name":"wp","href":"https:\/\/api.w.org\/{rel}","templated":true}]}}