{"id":56733,"date":"2025-07-31T09:59:38","date_gmt":"2025-07-31T08:59:38","guid":{"rendered":"https:\/\/pracek.si\/racunalniskatrgovina\/?post_type=product&#038;p=56733"},"modified":"2025-07-31T10:03:10","modified_gmt":"2025-07-31T09:03:10","slug":"za-prenosni-racunalnik-hp-probook-430-g4-c-d-e-shell-cover-naslon-za-dlani-osnovni-pokrov-spodnji-del","status":"publish","type":"product","link":"https:\/\/pracek.si\/racunalniskatrgovina\/izdelek\/za-prenosni-racunalnik-hp-probook-430-g4-c-d-e-shell-cover-naslon-za-dlani-osnovni-pokrov-spodnji-del\/","title":{"rendered":"ZA prenosni ra\u010dunalnik HP ProBook 430 G4 C D E Shell Cover naslon za dlani osnovni pokrov spodnji del"},"content":{"rendered":"<p>Izbolj\u0161ajte videz in za\u0161\u010dito va\u0161ega HP ProBook 430 G4 z na\u0161im pristnim nadomestnim kompletom OEM. Ta komplet vklju\u010duje pokrov \u0161koljke C, D in E, naslon za dlani in spodnji del pokrova. Ti visokokakovostni ovitki, oblikovani za popolno prileganje, bodo obnovili videz va\u0161ega prenosnika. Originalni deli HP zagotavljajo vzdr\u017eljivost in zdru\u017eljivost. Samozavestno nadgradite svoj prenosnik in izkusite vrhunsko kakovost, ki ji zaupate.<\/p>\n","protected":false},"excerpt":{"rendered":"<p><strong>ENA MAJHNA PO\u0160KODOVANA DESNA PLO\u0160\u010cICA, KOT JE VIDNA NA FOTOGRAFIJI NA SEZNAMU!<\/strong><\/p>\n<p>Naredite preobrazbo svojemu prenosniku HP ProBook 430 G4 z na\u0161im pristnim nadomestnim kompletom OEM \u2013 C D E Shell Cover Base Cover Bottom naslona za dlani. Ta obse\u017een komplet je zasnovan tako, da va\u0161emu prenosniku vdihne novo \u017eivljenje, saj ne ponuja le sve\u017eega videza, ampak tudi optimalno za\u0161\u010dito za klju\u010dne komponente.<\/p>\n<p><strong>Kaj je vklju\u010deno:<\/strong><\/p>\n<ul>\n<li><strong>C, D, E Shell Cover:<\/strong> Obnovite zgornje pokrove va\u0161ega ProBook-a in tako zagotovite eleganten in enoten videz. Natan\u010dna zasnova zagotavlja brezhibno prileganje, ki izbolj\u0161uje tako estetiko kot funkcionalnost.<\/li>\n<li><strong>Naslon za dlani:<\/strong> Izkusite udobje in vzdr\u017eljivost z na\u0161im OEM naslonom za dlani. Izdelan tako, da zagotavlja vrhunski dotik in ob\u010dutek, dopolnjuje celotno zasnovo, hkrati pa \u0161\u010diti notranje komponente va\u0161ega prenosnika.<\/li>\n<li><strong>Spodnji del pokrova:<\/strong> Za\u0161\u010ditite spodnjo stran prenosnika z na\u0161im pokrovom. Zasnovan za tesno prileganje, \u0161\u010diti vitalne komponente in ohranja strukturno celovitost va\u0161ega ProBook-a.<\/li>\n<\/ul>\n<p><strong>Zakaj izbrati originalne dele HP:<\/strong><\/p>\n<ul>\n<li><strong>Zdru\u017eljivost:<\/strong> Ti deli, zasnovani posebej za ProBook 430 G4, zagotavljajo popolno prileganje in namestitev brez te\u017eav.<\/li>\n<li><strong>Vzdr\u017eljivost:<\/strong> Zaupajte v vzdr\u017eljivost pristnih HP-jevih komponent, izdelanih z natan\u010dnostjo in kakovostnimi materiali za dolgotrajno delovanje.<\/li>\n<li><strong>Estetika:<\/strong> Povrnite svojemu prenosnemu ra\u010dunalniku prvotni sijaj z deli, zasnovanimi tako, da ustrezajo specifikacijam proizvajalca.<\/li>\n<\/ul>\n<p>Samozavestno nadgradite svoj ProBook 430 G4, saj veste, da z na\u0161im pristnim nadomestnim kompletom OEM dobite najbolj\u0161e. \u010ce imate kakr\u0161na koli vpra\u0161anja ali potrebujete dodatno pomo\u010d pri namestitvi, nam pi\u0161ite. Zagotovljene prave fotografije zagotavljajo, da to, kar vidite, dobite \u2013 kakovost, ki ji lahko zaupate.<\/p>\n","protected":false},"featured_media":45327,"template":"","meta":[],"product_brand":[],"product_cat":[2051],"product_tag":[2060,1818],"class_list":{"0":"post-56733","1":"product","2":"type-product","3":"status-publish","4":"has-post-thumbnail","6":"product_cat-ohisje-prenosnika","7":"product_tag-hp","8":"product_tag-rezervni-deli","10":"first","11":"instock","12":"taxable","13":"shipping-taxable","14":"purchasable","15":"product-type-simple"},"_links":{"self":[{"href":"https:\/\/pracek.si\/racunalniskatrgovina\/wp-json\/wp\/v2\/product\/56733","targetHints":{"allow":["GET"]}}],"collection":[{"href":"https:\/\/pracek.si\/racunalniskatrgovina\/wp-json\/wp\/v2\/product"}],"about":[{"href":"https:\/\/pracek.si\/racunalniskatrgovina\/wp-json\/wp\/v2\/types\/product"}],"version-history":[{"count":0,"href":"https:\/\/pracek.si\/racunalniskatrgovina\/wp-json\/wp\/v2\/product\/56733\/revisions"}],"wp:featuredmedia":[{"embeddable":true,"href":"https:\/\/pracek.si\/racunalniskatrgovina\/wp-json\/wp\/v2\/media\/45327"}],"wp:attachment":[{"href":"https:\/\/pracek.si\/racunalniskatrgovina\/wp-json\/wp\/v2\/media?parent=56733"}],"wp:term":[{"taxonomy":"product_brand","embeddable":true,"href":"https:\/\/pracek.si\/racunalniskatrgovina\/wp-json\/wp\/v2\/product_brand?post=56733"},{"taxonomy":"product_cat","embeddable":true,"href":"https:\/\/pracek.si\/racunalniskatrgovina\/wp-json\/wp\/v2\/product_cat?post=56733"},{"taxonomy":"product_tag","embeddable":true,"href":"https:\/\/pracek.si\/racunalniskatrgovina\/wp-json\/wp\/v2\/product_tag?post=56733"}],"curies":[{"name":"wp","href":"https:\/\/api.w.org\/{rel}","templated":true}]}}