{"id":56819,"date":"2025-07-31T10:05:32","date_gmt":"2025-07-31T09:05:32","guid":{"rendered":"https:\/\/pracek.si\/racunalniskatrgovina\/?post_type=product&#038;p=56819"},"modified":"2025-07-31T10:07:50","modified_gmt":"2025-07-31T09:07:50","slug":"originalni-pokrov-tipkovnice-dell-ap0m1000d00-za-dele-prenosnika-latitude-e5530","status":"publish","type":"product","link":"https:\/\/pracek.si\/racunalniskatrgovina\/izdelek\/originalni-pokrov-tipkovnice-dell-ap0m1000d00-za-dele-prenosnika-latitude-e5530\/","title":{"rendered":"Originalni pokrov tipkovnice Dell AP0M1000D00 za dele prenosnika Latitude E5530"},"content":{"rendered":"<p>Nadgradite svoj prenosni ra\u010dunalnik s pristnim pokrovom tipkovnice Dell AP0M1000D00. Ta originalni ovitek za tipkovnico, izdelan za Latitude E5530, zagotavlja popolno prileganje. Za\u0161\u010ditite svojo napravo pred prahom, razlitjem in vsakodnevno obrabo, medtem ko u\u017eivate v izku\u0161nji tipkanja na dotik. Enostaven za namestitev, va\u0161emu prenosniku doda plast vzdr\u017eljivosti. Za zanesljivost zaupajte originalnim delom Dell.<\/p>\n","protected":false},"excerpt":{"rendered":"<p>Izbolj\u0161ajte svoj Dell Latitude E5530 z originalnim pokrovom za tipkovnico Dell AP0M1000D00. Ta pokrov za tipkovnico je zasnovan tako, da se brezhibno prilega, zato je klju\u010dna komponenta za izbolj\u0161anje izku\u0161nje va\u0161ega prenosnika.<\/p>\n<p><strong>Klju\u010dne lastnosti:<\/strong><\/p>\n<ul>\n<li><strong>Originalni del Dell:<\/strong> AP0M1000D00 je pristen pokrov tipkovnice Dell, ki zagotavlja zdru\u017eljivost in kakovost.<\/li>\n<li><strong>Popolno prileganje za Latitude E5530:<\/strong> Prilagojeno, da se natan\u010dno prilega va\u0161emu prenosniku in nudi popolno za\u0161\u010dito brez ogro\u017eanja uporabnosti.<\/li>\n<li><strong>Izbolj\u0161ana vzdr\u017eljivost:<\/strong> Za\u0161\u010ditite svojo napravo pred vsakodnevnimi nevarnostmi, kot so prah, razlitja in splo\u0161na obraba.<\/li>\n<li><strong>Izku\u0161nja tipkanja na otip:<\/strong> Ohranite izvirni ob\u010dutek tipkovnice in dodajte dodatno plast za\u0161\u010dite.<\/li>\n<li><strong>Enostavna namestitev:<\/strong> Z lahkoto namestite pokrov in takoj za\u010dnite u\u017eivati v prednostih.<\/li>\n<\/ul>\n<p>Ne glede na to, ali \u017eelite zamenjati obrabljen pokrov tipkovnice ali proaktivno za\u0161\u010dititi svoj prenosnik, je originalni pokrov tipkovnice Dell AP0M1000D00 idealna izbira. Zaupajte Dellovemu ugledu glede zanesljivosti in zagotovite, da bo va\u0161 Latitude E5530 ostal v vrhunskem stanju.<\/p>\n","protected":false},"featured_media":45438,"template":"","meta":[],"product_brand":[],"product_cat":[2051],"product_tag":[2052,1818],"class_list":{"0":"post-56819","1":"product","2":"type-product","3":"status-publish","4":"has-post-thumbnail","6":"product_cat-ohisje-prenosnika","7":"product_tag-dell","8":"product_tag-rezervni-deli","10":"first","11":"instock","12":"taxable","13":"shipping-taxable","14":"purchasable","15":"product-type-simple"},"_links":{"self":[{"href":"https:\/\/pracek.si\/racunalniskatrgovina\/wp-json\/wp\/v2\/product\/56819","targetHints":{"allow":["GET"]}}],"collection":[{"href":"https:\/\/pracek.si\/racunalniskatrgovina\/wp-json\/wp\/v2\/product"}],"about":[{"href":"https:\/\/pracek.si\/racunalniskatrgovina\/wp-json\/wp\/v2\/types\/product"}],"version-history":[{"count":0,"href":"https:\/\/pracek.si\/racunalniskatrgovina\/wp-json\/wp\/v2\/product\/56819\/revisions"}],"wp:featuredmedia":[{"embeddable":true,"href":"https:\/\/pracek.si\/racunalniskatrgovina\/wp-json\/wp\/v2\/media\/45438"}],"wp:attachment":[{"href":"https:\/\/pracek.si\/racunalniskatrgovina\/wp-json\/wp\/v2\/media?parent=56819"}],"wp:term":[{"taxonomy":"product_brand","embeddable":true,"href":"https:\/\/pracek.si\/racunalniskatrgovina\/wp-json\/wp\/v2\/product_brand?post=56819"},{"taxonomy":"product_cat","embeddable":true,"href":"https:\/\/pracek.si\/racunalniskatrgovina\/wp-json\/wp\/v2\/product_cat?post=56819"},{"taxonomy":"product_tag","embeddable":true,"href":"https:\/\/pracek.si\/racunalniskatrgovina\/wp-json\/wp\/v2\/product_tag?post=56819"}],"curies":[{"name":"wp","href":"https:\/\/api.w.org\/{rel}","templated":true}]}}