{"id":56851,"date":"2025-07-31T10:07:30","date_gmt":"2025-07-31T09:07:30","guid":{"rendered":"https:\/\/pracek.si\/racunalniskatrgovina\/?post_type=product&#038;p=56851"},"modified":"2025-07-31T10:10:31","modified_gmt":"2025-07-31T09:10:31","slug":"originalni-deli-prenosnika-fujitsu-lifebook-a531-naslon-za-dlani-in-sledilna-ploscica-zgornji-pokrov-ohisja-cp515931-01","status":"publish","type":"product","link":"https:\/\/pracek.si\/racunalniskatrgovina\/izdelek\/originalni-deli-prenosnika-fujitsu-lifebook-a531-naslon-za-dlani-in-sledilna-ploscica-zgornji-pokrov-ohisja-cp515931-01\/","title":{"rendered":"Originalni deli prenosnika Fujitsu Lifebook A531 naslon za dlani in sledilna plo\u0161\u010dica zgornji pokrov ohi\u0161ja CP515931-01"},"content":{"rendered":"<p>Izbolj\u0161ajte videz in funkcionalnost va\u0161ega Fujitsu Lifebook A531 s tem pristnim naslonom za dlani in zgornjim pokrovom sledilne plo\u0161\u010dice (CP515931-01). Ta nadomestni del, izdelan za popolno prileganje, zagotavlja brezhibno nadgradnjo ali popravilo. Kupujte z zaupanjem pri Siggmo.com, va\u0161em zaupanja vrednem viru visokokakovostnih delov za prenosnike. Na voljo je dostava po vsem svetu.<\/p>\n","protected":false},"excerpt":{"rendered":"<p>Nadgradite svoj Fujitsu Lifebook A531 z originalnim naslonom za dlani &amp; Pokrov zgornjega ohi\u0161ja sledilne plo\u0161\u010dice CP515931-01, na voljo pri Siggmo. Ta natan\u010dno izdelan nadomestni del je zasnovan tako, da zagotavlja popolno prileganje in va\u0161emu prenosniku povrne prvotni sijaj.<\/p>\n<p><strong>Klju\u010dne lastnosti:<\/strong><\/p>\n<ul>\n<li>Pristen naslon za dlani Fujitsu Lifebook A531 &amp; Pokrov zgornjega ohi\u0161ja sledilne plo\u0161\u010dice CP515931-01<\/li>\n<li>Visokokakovosten material: izdelan tako, da prenese vsakodnevno uporabo in ohrani svoj prvotni videz.<\/li>\n<li>Enostavna namestitev: Zasnovan za zamenjavo brez te\u017eav, brez potrebnih strokovnih znanj.<\/li>\n<li>Zdru\u017eljivost: Popolnoma ustreza modelu Fujitsu Lifebook A531 in zagotavlja brezhibno integracijo.<\/li>\n<li>Po\u0161iljanje po vsem svetu: kjer koli ste, dostavimo na va\u0161 prag.<\/li>\n<\/ul>\n<p><strong>Zakaj izbrati Siggmo za svoje dele prenosnika?<\/strong> Pri Siggmu se zavedamo pomena zanesljivih delov prenosnika. Na\u0161a zavezanost kakovosti zagotavlja, da ob vsakem nakupu prejmete pristne izdelke. Zaupajte nam:<\/p>\n<ul>\n<li><strong>Pristnost:<\/strong> Originalni deli Fujitsu Lifebook A531 za zanesljivo nadgradnjo.<\/li>\n<li><strong>Zadovoljstvo strank:<\/strong> Pridru\u017eite se na\u0161im zadovoljnim strankam, ki se zana\u0161ajo na nas za potrebe svojih prenosnih delov.<\/li>\n<li><strong>Dostava po vsem svetu:<\/strong> Kjer koli \u017ee ste, smo pripravljeni poslati na va\u0161o lokacijo.<\/li>\n<li><strong>Pravi izdelek, resni\u010dne fotografije:<\/strong> Slike na tem seznamu so verodostojne in jasno prikazujejo del, ki ga boste prejeli.<\/li>\n<\/ul>\n<p>Samozavestno nadgradite svoj Fujitsu Lifebook A531. Naro\u010dite svoj originalni naslon za dlani &amp; Pokrov zgornjega ohi\u0161ja sledilne plo\u0161\u010dice CP515931-01 iz Siggma danes. Za kakr\u0161no koli dodatno pomo\u010d ali vpra\u0161anja nam pi\u0161ite. Upo\u0161tevajte, da navodila za namestitev niso prilo\u017eena, vendar smo tu, da vam pomagamo, \u010de potrebujete dodatna navodila.<\/p>\n","protected":false},"featured_media":45498,"template":"","meta":[],"product_brand":[],"product_cat":[2051],"product_tag":[2063,1818],"class_list":{"0":"post-56851","1":"product","2":"type-product","3":"status-publish","4":"has-post-thumbnail","6":"product_cat-ohisje-prenosnika","7":"product_tag-fujitsu","8":"product_tag-rezervni-deli","10":"first","11":"instock","12":"taxable","13":"shipping-taxable","14":"purchasable","15":"product-type-simple"},"_links":{"self":[{"href":"https:\/\/pracek.si\/racunalniskatrgovina\/wp-json\/wp\/v2\/product\/56851","targetHints":{"allow":["GET"]}}],"collection":[{"href":"https:\/\/pracek.si\/racunalniskatrgovina\/wp-json\/wp\/v2\/product"}],"about":[{"href":"https:\/\/pracek.si\/racunalniskatrgovina\/wp-json\/wp\/v2\/types\/product"}],"version-history":[{"count":0,"href":"https:\/\/pracek.si\/racunalniskatrgovina\/wp-json\/wp\/v2\/product\/56851\/revisions"}],"wp:featuredmedia":[{"embeddable":true,"href":"https:\/\/pracek.si\/racunalniskatrgovina\/wp-json\/wp\/v2\/media\/45498"}],"wp:attachment":[{"href":"https:\/\/pracek.si\/racunalniskatrgovina\/wp-json\/wp\/v2\/media?parent=56851"}],"wp:term":[{"taxonomy":"product_brand","embeddable":true,"href":"https:\/\/pracek.si\/racunalniskatrgovina\/wp-json\/wp\/v2\/product_brand?post=56851"},{"taxonomy":"product_cat","embeddable":true,"href":"https:\/\/pracek.si\/racunalniskatrgovina\/wp-json\/wp\/v2\/product_cat?post=56851"},{"taxonomy":"product_tag","embeddable":true,"href":"https:\/\/pracek.si\/racunalniskatrgovina\/wp-json\/wp\/v2\/product_tag?post=56851"}],"curies":[{"name":"wp","href":"https:\/\/api.w.org\/{rel}","templated":true}]}}