{"id":56919,"date":"2025-07-31T10:12:00","date_gmt":"2025-07-31T09:12:00","guid":{"rendered":"https:\/\/pracek.si\/racunalniskatrgovina\/?post_type=product&#038;p=56919"},"modified":"2026-01-19T18:52:38","modified_gmt":"2026-01-19T17:52:38","slug":"originalna-zvocna-plosca-usb-za-prenosnik-za-lenovo-z710-69n0b5b20a01","status":"publish","type":"product","link":"https:\/\/pracek.si\/racunalniskatrgovina\/izdelek\/originalna-zvocna-plosca-usb-za-prenosnik-za-lenovo-z710-69n0b5b20a01\/","title":{"rendered":"Originalna zvo\u010dna plo\u0161\u010da USB za prenosnik za Lenovo Z710 &#8211; 69N0B5B20A01"},"content":{"rendered":"<p>Izbolj\u0161ajte svojo zvo\u010dno izku\u0161njo Lenovo Z710 z na\u0161o originalno zvo\u010dno plo\u0161\u010do USB za prenosni ra\u010dunalnik. Zamenjajte obstoje\u010do plo\u0161\u010do s to visokokakovostno komponento za izbolj\u0161ano kakovost zvoka in brezhibno povezljivost USB. Idealno za tiste, ki i\u0161\u010dejo kristalno \u010dist zvok.<\/p>\n","protected":false},"excerpt":{"rendered":"<ul>\n<li>Preoblikujte svoj Lenovo Z710 z na\u0161o originalno zvo\u010dno plo\u0161\u010do USB za prenosni ra\u010dunalnik, posebej zasnovano za avdio navdu\u0161ence in tiste, ki potrebujejo zanesljivo povezavo USB. Ta plo\u0161\u010da, izdelana do popolnosti, zagotavlja brezhibno integracijo v va\u0161 prenosni ra\u010dunalnik in ne zagotavlja samo kristalno \u010distega zvoka, temve\u010d tudi trajno re\u0161itev za va\u0161e zvo\u010dne potrebe. \u0160tevilka dela Lenovo: 69N0B5B20A01.<\/li>\n<\/ul>\n<p><strong>Klju\u010dne lastnosti:<\/strong><\/p>\n<ul>\n<li><strong>Zdru\u017eljivost:<\/strong> Zasnovan posebej za prenosne ra\u010dunalnike Lenovo Z710 in zagotavlja popolno prileganje.<\/li>\n<li><strong>Izbolj\u0161ana kakovost zvoka:<\/strong> Do\u017eivite vrhunski zvok s to zvo\u010dno plo\u0161\u010do USB.<\/li>\n<li><strong>Brezhibna povezljivost:<\/strong> U\u017eivajte v brezhibnih povezavah USB za va\u0161e zvo\u010dne naprave.<\/li>\n<li><strong>Originalna zamenjava:<\/strong> Verodostojni del za natan\u010dno in zanesljivo prileganje.<\/li>\n<li><strong>Enostavna namestitev:<\/strong> brez truda zamenjajte obstoje\u010do plo\u0161\u010do; zapletenih navodil ni, vendar se obrnite na nas, \u010de potrebujete pomo\u010d.<\/li>\n<\/ul>\n<p>Nadgradite svoj Lenovo Z710 zdaj in ponovno odkrijte veselje do poglobljenega zvoka. Ta plo\u0161\u010da je skrbno pregledana in testirana, da ustreza najvi\u0161jim standardom, kar zagotavlja va\u0161e zadovoljstvo. Fotografije resni\u010dnih izdelkov na seznamu prikazujejo to\u010dno to, kar boste prejeli \u2013 vrhunsko zvo\u010dno plo\u0161\u010do USB za va\u0161 prenosnik.<\/p>\n","protected":false},"featured_media":45594,"template":"","meta":[],"product_brand":[],"product_cat":[2062],"product_tag":[2061,1818],"class_list":{"0":"post-56919","1":"product","2":"type-product","3":"status-publish","4":"has-post-thumbnail","6":"product_cat-maticne-plosce-in-deli-plosc","7":"product_tag-lenovo","8":"product_tag-rezervni-deli","10":"first","11":"instock","12":"taxable","13":"shipping-taxable","14":"purchasable","15":"product-type-simple"},"_links":{"self":[{"href":"https:\/\/pracek.si\/racunalniskatrgovina\/wp-json\/wp\/v2\/product\/56919","targetHints":{"allow":["GET"]}}],"collection":[{"href":"https:\/\/pracek.si\/racunalniskatrgovina\/wp-json\/wp\/v2\/product"}],"about":[{"href":"https:\/\/pracek.si\/racunalniskatrgovina\/wp-json\/wp\/v2\/types\/product"}],"version-history":[{"count":0,"href":"https:\/\/pracek.si\/racunalniskatrgovina\/wp-json\/wp\/v2\/product\/56919\/revisions"}],"wp:featuredmedia":[{"embeddable":true,"href":"https:\/\/pracek.si\/racunalniskatrgovina\/wp-json\/wp\/v2\/media\/45594"}],"wp:attachment":[{"href":"https:\/\/pracek.si\/racunalniskatrgovina\/wp-json\/wp\/v2\/media?parent=56919"}],"wp:term":[{"taxonomy":"product_brand","embeddable":true,"href":"https:\/\/pracek.si\/racunalniskatrgovina\/wp-json\/wp\/v2\/product_brand?post=56919"},{"taxonomy":"product_cat","embeddable":true,"href":"https:\/\/pracek.si\/racunalniskatrgovina\/wp-json\/wp\/v2\/product_cat?post=56919"},{"taxonomy":"product_tag","embeddable":true,"href":"https:\/\/pracek.si\/racunalniskatrgovina\/wp-json\/wp\/v2\/product_tag?post=56919"}],"curies":[{"name":"wp","href":"https:\/\/api.w.org\/{rel}","templated":true}]}}