{"id":56998,"date":"2025-07-31T10:16:18","date_gmt":"2025-07-31T09:16:18","guid":{"rendered":"https:\/\/pracek.si\/racunalniskatrgovina\/?post_type=product&#038;p=56998"},"modified":"2026-01-27T09:17:16","modified_gmt":"2026-01-27T08:17:16","slug":"dell-latitude-e7250-tipkovnica-trim-bezel-cover-surround-frame-6k74c-06k74c-nadomestni-del","status":"publish","type":"product","link":"https:\/\/pracek.si\/racunalniskatrgovina\/izdelek\/dell-latitude-e7250-tipkovnica-trim-bezel-cover-surround-frame-6k74c-06k74c-nadomestni-del\/","title":{"rendered":"Dell Latitude E7250 Tipkovnica Trim Bezel Cover Surround Frame 6K74C 06K74C Nadomestni del"},"content":{"rendered":"<p>Zamenjajte po\u0161kodovan ali obrabljen pokrov okvirja tipkovnice s tem pristnim nadomestnim delom Dell Latitude E7250. Ta okvir za tipkovnico (\u0161tevilka dela 6K74C ali 06K74C), ki se popolnoma prilega, povrne eleganten videz va\u0161ega prenosnika. Enostaven za namestitev je cenovno ugodna re\u0161itev za ohranjanje va\u0161ega Dell Latitude E7250 v najbolj\u0161em stanju.<\/p>\n","protected":false},"excerpt":{"rendered":"<p>Izbolj\u0161ajte estetiko in funkcionalnost svojega prenosnega ra\u010dunalnika Dell Latitude E7250 s tem obrobnim okvirjem pokrova okvirja tipkovnice. Ta nadomestni del, izdelan po natan\u010dnih specifikacijah dru\u017ebe Dell (\u0161tevilka dela 6K74C ali 06K74C), zagotavlja brezhibno prileganje in povrne prvotno elegantno obliko va\u0161e naprave.<\/p>\n<p>Izdelan iz visokokakovostnih materialov, ta originalni del Dell zagotavlja vzdr\u017eljivost in dolgo \u017eivljenjsko dobo. Ne glede na to, ali je pokrov okvirja va\u0161e tipkovnice po\u0161kodovan, obrabljen ali manjka, ta nadomestni okvir ponuja stro\u0161kovno u\u010dinkovito re\u0161itev za obnovitev videza in funkcionalnosti va\u0161ega prenosnika.<\/p>\n<p>Namestitev je enostavna in ne zahteva posebnih znanj. Preprosto odstranite stari pokrov okvirja in ga zamenjajte z novim, da takoj pomladite svoj Dell Latitude E7250.<\/p>\n<p>Na Siggmo.com dajemo prednost zadovoljstvu strank in si prizadevamo zagotoviti visokokakovostne izdelke z izjemnimi storitvami. Vsak del je natan\u010dno pregledan, da se zagotovi njegova pristnost in u\u010dinkovitost. Poleg tega na\u0161e resni\u010dne fotografije izdelkov ponujajo preglednost, kar vam omogo\u010da, da natan\u010dno vidite, kaj boste prejeli.<\/p>\n<p>\u010ce imate kakr\u0161na koli vpra\u0161anja ali potrebujete dodatno pomo\u010d, ne oklevajte in nas kontaktirajte. Izbolj\u0161ajte svojo izku\u0161njo Dell Latitude E7250 s tem zanesljivim obrobnim okvirjem pokrova okvirja tipkovnice iz Siggmo.com.<\/p>\n","protected":false},"featured_media":45717,"template":"","meta":[],"product_brand":[],"product_cat":[2051],"product_tag":[2052,1818],"class_list":{"0":"post-56998","1":"product","2":"type-product","3":"status-publish","4":"has-post-thumbnail","6":"product_cat-ohisje-prenosnika","7":"product_tag-dell","8":"product_tag-rezervni-deli","10":"first","11":"instock","12":"taxable","13":"shipping-taxable","14":"purchasable","15":"product-type-simple"},"_links":{"self":[{"href":"https:\/\/pracek.si\/racunalniskatrgovina\/wp-json\/wp\/v2\/product\/56998","targetHints":{"allow":["GET"]}}],"collection":[{"href":"https:\/\/pracek.si\/racunalniskatrgovina\/wp-json\/wp\/v2\/product"}],"about":[{"href":"https:\/\/pracek.si\/racunalniskatrgovina\/wp-json\/wp\/v2\/types\/product"}],"version-history":[{"count":0,"href":"https:\/\/pracek.si\/racunalniskatrgovina\/wp-json\/wp\/v2\/product\/56998\/revisions"}],"wp:featuredmedia":[{"embeddable":true,"href":"https:\/\/pracek.si\/racunalniskatrgovina\/wp-json\/wp\/v2\/media\/45717"}],"wp:attachment":[{"href":"https:\/\/pracek.si\/racunalniskatrgovina\/wp-json\/wp\/v2\/media?parent=56998"}],"wp:term":[{"taxonomy":"product_brand","embeddable":true,"href":"https:\/\/pracek.si\/racunalniskatrgovina\/wp-json\/wp\/v2\/product_brand?post=56998"},{"taxonomy":"product_cat","embeddable":true,"href":"https:\/\/pracek.si\/racunalniskatrgovina\/wp-json\/wp\/v2\/product_cat?post=56998"},{"taxonomy":"product_tag","embeddable":true,"href":"https:\/\/pracek.si\/racunalniskatrgovina\/wp-json\/wp\/v2\/product_tag?post=56998"}],"curies":[{"name":"wp","href":"https:\/\/api.w.org\/{rel}","templated":true}]}}