{"id":57006,"date":"2025-07-31T10:17:06","date_gmt":"2025-07-31T09:17:06","guid":{"rendered":"https:\/\/pracek.si\/racunalniskatrgovina\/?post_type=product&#038;p=57006"},"modified":"2026-01-27T09:17:46","modified_gmt":"2026-01-27T08:17:46","slug":"intel-dual-band-wireless-ac-7265-wlan-bluetooth-kartica-k57gx-deli-za-prenosnike","status":"publish","type":"product","link":"https:\/\/pracek.si\/racunalniskatrgovina\/izdelek\/intel-dual-band-wireless-ac-7265-wlan-bluetooth-kartica-k57gx-deli-za-prenosnike\/","title":{"rendered":"Intel Dual-Band Wireless-AC 7265 WLAN Bluetooth kartica K57GX Deli za prenosnike"},"content":{"rendered":"<p>Nadgradite brez\u017ei\u010dno povezljivost va\u0161ega prenosnika z Intel Dual-Band Wireless-AC 7265 WLAN Bluetooth kartico. Originalni nadomestni del, zdru\u017eljiv z razli\u010dnimi modeli prenosnikov. U\u017eivajte v hitrih hitrostih Wi-Fi in povezljivosti Bluetooth za brezhibno brez\u017ei\u010dno izku\u0161njo. Enostaven za namestitev. Izbolj\u0161ajte zmogljivosti svojega prenosnika \u0161e danes!<\/p>\n","protected":false},"excerpt":{"rendered":"<p>Izkusite hitrej\u0161o in zanesljivej\u0161o brez\u017ei\u010dno povezljivost z Intel Dual-Band Wireless-AC 7265 WLAN Bluetooth kartico K57GX. Ta originalni nadomestni del je zasnovan tako, da zagotavlja vrhunsko delovanje in zdru\u017eljivost s \u0161iroko paleto modelov prenosnikov.<\/p>\n<p><strong>Klju\u010dne lastnosti:<\/strong><\/p>\n<ul>\n<li>Izbolj\u0161ana povezljivost: u\u017eivajte v dvopasovni hitrosti Wi-Fi in povezljivosti Bluetooth za brezhibno brez\u017ei\u010dno komunikacijo.<\/li>\n<li>Pristna zamenjava: Zagotovite zdru\u017eljivost in zanesljivost s pristno brez\u017ei\u010dno kartico Intel.<\/li>\n<li>Enostavna namestitev: brez te\u017eav nadgradite brez\u017ei\u010dne zmogljivosti svojega prenosnika s preprostimi koraki namestitve.<\/li>\n<li>Zdru\u017eljivi modeli: deluje z razli\u010dnimi modeli prenosnih ra\u010dunalnikov ter zagotavlja vsestranskost in priro\u010dnost.<\/li>\n<li>Po\u0161iljanje po vsem svetu: nudimo hitro in varno po\u0161iljanje ter dostavo va\u0161e nadomestne brez\u017ei\u010dne kartice kamor koli v Evropi ali po svetu.<\/li>\n<\/ul>\n<p><strong>Opomba:<\/strong> Navodila za namestitev niso prilo\u017eena, vendar vam je na\u0161a skupina za podporo na voljo za pomo\u010d pri morebitnih vpra\u0161anjih ali pomislekih. Prave fotografije izdelka na seznamu so to\u010dno to, kar boste prejeli, kar dokazuje na\u0161o zavezanost preglednosti in zadovoljstvu strank.<\/p>\n<p>Nadgradite brez\u017ei\u010dno povezljivost svojega prenosnika \u0161e danes z Intel Dual-Band Wireless-AC 7265 WLAN Bluetooth kartico K57GX. Investirajte v kakovosten nadomestni del, da izbolj\u0161ate svojo izku\u0161njo brskanja in komunikacije. \u010ce imate kakr\u0161na koli vpra\u0161anja ali potrebujete dodatno pomo\u010d, nas kontaktirajte. Tukaj smo, da zagotovimo, da kar najbolje izkoristite svoj prenosnik.<\/p>\n","protected":false},"featured_media":45726,"template":"","meta":[],"product_brand":[],"product_cat":[2062],"product_tag":[1818],"class_list":{"0":"post-57006","1":"product","2":"type-product","3":"status-publish","4":"has-post-thumbnail","6":"product_cat-maticne-plosce-in-deli-plosc","7":"product_tag-rezervni-deli","9":"first","10":"instock","11":"taxable","12":"shipping-taxable","13":"purchasable","14":"product-type-simple"},"_links":{"self":[{"href":"https:\/\/pracek.si\/racunalniskatrgovina\/wp-json\/wp\/v2\/product\/57006","targetHints":{"allow":["GET"]}}],"collection":[{"href":"https:\/\/pracek.si\/racunalniskatrgovina\/wp-json\/wp\/v2\/product"}],"about":[{"href":"https:\/\/pracek.si\/racunalniskatrgovina\/wp-json\/wp\/v2\/types\/product"}],"version-history":[{"count":0,"href":"https:\/\/pracek.si\/racunalniskatrgovina\/wp-json\/wp\/v2\/product\/57006\/revisions"}],"wp:featuredmedia":[{"embeddable":true,"href":"https:\/\/pracek.si\/racunalniskatrgovina\/wp-json\/wp\/v2\/media\/45726"}],"wp:attachment":[{"href":"https:\/\/pracek.si\/racunalniskatrgovina\/wp-json\/wp\/v2\/media?parent=57006"}],"wp:term":[{"taxonomy":"product_brand","embeddable":true,"href":"https:\/\/pracek.si\/racunalniskatrgovina\/wp-json\/wp\/v2\/product_brand?post=57006"},{"taxonomy":"product_cat","embeddable":true,"href":"https:\/\/pracek.si\/racunalniskatrgovina\/wp-json\/wp\/v2\/product_cat?post=57006"},{"taxonomy":"product_tag","embeddable":true,"href":"https:\/\/pracek.si\/racunalniskatrgovina\/wp-json\/wp\/v2\/product_tag?post=57006"}],"curies":[{"name":"wp","href":"https:\/\/api.w.org\/{rel}","templated":true}]}}