{"id":57077,"date":"2025-07-31T10:22:04","date_gmt":"2025-07-31T09:22:04","guid":{"rendered":"https:\/\/pracek.si\/racunalniskatrgovina\/?post_type=product&#038;p=57077"},"modified":"2026-01-27T09:21:16","modified_gmt":"2026-01-27T08:21:16","slug":"plosca-gumba-za-vklop-dell-latitude-e5530-jpwr1-originalni-nadomestni-del","status":"publish","type":"product","link":"https:\/\/pracek.si\/racunalniskatrgovina\/izdelek\/plosca-gumba-za-vklop-dell-latitude-e5530-jpwr1-originalni-nadomestni-del\/","title":{"rendered":"Plo\u0161\u010da gumba za vklop Dell Latitude E5530 JPWR1 &#8211; originalni nadomestni del"},"content":{"rendered":"<p>Zamenjajte plo\u0161\u010do gumba za vklop va\u0161ega Dell Latitude E5530 z originalnim delom JPWR1. Enostavna namestitev za ponovno vzpostavitev delovanja napajanja. Zagotovite zdru\u017eljivost in zanesljivo delovanje. Kupi zdaj!<\/p>\n","protected":false},"excerpt":{"rendered":"<p>O\u017eivite svoj Dell Latitude E5530 s pristno plo\u0161\u010do gumba za vklop JPWR1, ki je zasnovana za obnovitev delovanja napajanja in zagotavlja brezhibno delovanje.<\/p>\n<p><strong>Klju\u010dne lastnosti:<\/strong><\/p>\n<ul>\n<li>Pristen nadomestek Dell: zagotovljena pristnost za zdru\u017eljivost in zanesljivost.<\/li>\n<li>Enostavna namestitev: brez te\u017eav zamenjajte plo\u0161\u010do gumba za vklop brez strokovne pomo\u010di.<\/li>\n<li>Obnovitev delovanja napajanja: odpravite te\u017eave z nadzorom napajanja in zagotovite nemoteno delovanje.<\/li>\n<li>Zdru\u017eljivost: posebej zasnovano za Dell Latitude E5530, ki zagotavlja popolno prileganje.<\/li>\n<li>Dostava po vsem svetu: varna dostava je na voljo za dostavo po Evropi in po vsem svetu.<\/li>\n<\/ul>\n<p>\u010ceprav podrobna navodila za namestitev niso na voljo, se obrnite na nas, \u010de imate kakr\u0161na koli vpra\u0161anja ali potrebujete pomo\u010d. Fotografije resni\u010dnih izdelkov na seznamu natan\u010dno prikazujejo, kaj boste prejeli, kar odra\u017ea na\u0161o zavezanost preglednosti in zadovoljstvu strank.<\/p>\n<p>O\u017eivite svoj Dell Latitude E5530 s plo\u0161\u010do gumba za vklop JPWR1. Kupujte samozavestno, saj veste, da vlagate v pristen nadomestni del. \u010ce imate kakr\u0161na koli vpra\u0161anja ali potrebujete dodatno pomo\u010d, ne oklevajte in nas kontaktirajte. Predani smo temu, da vam pomagamo obnoviti delovanje va\u0161e naprave.<\/p>\n","protected":false},"featured_media":45854,"template":"","meta":[],"product_brand":[],"product_cat":[2062],"product_tag":[2052,1818],"class_list":{"0":"post-57077","1":"product","2":"type-product","3":"status-publish","4":"has-post-thumbnail","6":"product_cat-maticne-plosce-in-deli-plosc","7":"product_tag-dell","8":"product_tag-rezervni-deli","10":"first","11":"instock","12":"taxable","13":"shipping-taxable","14":"purchasable","15":"product-type-simple"},"_links":{"self":[{"href":"https:\/\/pracek.si\/racunalniskatrgovina\/wp-json\/wp\/v2\/product\/57077","targetHints":{"allow":["GET"]}}],"collection":[{"href":"https:\/\/pracek.si\/racunalniskatrgovina\/wp-json\/wp\/v2\/product"}],"about":[{"href":"https:\/\/pracek.si\/racunalniskatrgovina\/wp-json\/wp\/v2\/types\/product"}],"version-history":[{"count":0,"href":"https:\/\/pracek.si\/racunalniskatrgovina\/wp-json\/wp\/v2\/product\/57077\/revisions"}],"wp:featuredmedia":[{"embeddable":true,"href":"https:\/\/pracek.si\/racunalniskatrgovina\/wp-json\/wp\/v2\/media\/45854"}],"wp:attachment":[{"href":"https:\/\/pracek.si\/racunalniskatrgovina\/wp-json\/wp\/v2\/media?parent=57077"}],"wp:term":[{"taxonomy":"product_brand","embeddable":true,"href":"https:\/\/pracek.si\/racunalniskatrgovina\/wp-json\/wp\/v2\/product_brand?post=57077"},{"taxonomy":"product_cat","embeddable":true,"href":"https:\/\/pracek.si\/racunalniskatrgovina\/wp-json\/wp\/v2\/product_cat?post=57077"},{"taxonomy":"product_tag","embeddable":true,"href":"https:\/\/pracek.si\/racunalniskatrgovina\/wp-json\/wp\/v2\/product_tag?post=57077"}],"curies":[{"name":"wp","href":"https:\/\/api.w.org\/{rel}","templated":true}]}}