{"id":57151,"date":"2025-07-31T10:27:26","date_gmt":"2025-07-31T09:27:26","guid":{"rendered":"https:\/\/pracek.si\/racunalniskatrgovina\/?post_type=product&#038;p=57151"},"modified":"2026-01-27T10:01:48","modified_gmt":"2026-01-27T09:01:48","slug":"oem-intel-centrino-wireless-n-1030-11230bnhmw-bgn-bluetooth-pcie-originalni-deli-za-prenosnike","status":"publish","type":"product","link":"https:\/\/pracek.si\/racunalniskatrgovina\/izdelek\/oem-intel-centrino-wireless-n-1030-11230bnhmw-bgn-bluetooth-pcie-originalni-deli-za-prenosnike\/","title":{"rendered":"OEM Intel Centrino Wireless-N 1030 11230BNHMW bgn Bluetooth PCIe &#8211; originalni deli za prenosnike"},"content":{"rendered":"<p>Nadgradite brez\u017ei\u010dno povezljivost va\u0161ega prenosnika s kartico OEM Intel Centrino Wireless-N 1030 11230BNHMW PCIe. U\u017eivajte v zanesljivih povezavah Wi-Fi in Bluetooth za brezhibno brskanje in seznanjanje naprav. Zaupajte Siggmo za kakovostne dele prenosnika.<\/p>\n","protected":false},"excerpt":{"rendered":"<p>Izkusite izbolj\u0161ano brez\u017ei\u010dno povezljivost s kartico OEM Intel Centrino Wireless-N 1030 11230BNHMW PCIe. Ta pristna kartica Intel, izdelana za zagotavljanje zanesljivih zmogljivosti Wi-Fi in Bluetooth, zagotavlja brezhibno brskanje po internetu in seznanjanje naprav za va\u0161 prenosnik.<\/p>\n<p><strong>Klju\u010dne lastnosti:<\/strong><\/p>\n<p><strong>Pristna zamenjava Intel:<\/strong> Ta kartica PCIe je pristen nadomestni del Intel, ki zagotavlja zdru\u017eljivost in optimalno delovanje.<\/p>\n<p><strong>Dvojna povezljivost:<\/strong> U\u017eivajte v zanesljivi povezavi Wi-Fi (b\/g\/n) in Bluetooth, ki vam omogo\u010data brskanje po internetu in enostavno seznanjanje naprav.<\/p>\n<p><strong>Izbolj\u0161ana zmogljivost:<\/strong> Izkusite hitre in stabilne brez\u017ei\u010dne povezave, ne glede na to, ali pretakate HD videoposnetke, igrate spletne igre ali delate na daljavo.<\/p>\n<p><strong>Namestitev Plug-and-Play:<\/strong> Z vmesnikom PCIe je namestitev kartice Intel Centrino Wireless-N 1030 hitra in enostavna, va\u0161 prenosnik pa se pove\u017ee v trenutku.<\/p>\n<p>Samozavestno nadgradite brez\u017ei\u010dne zmogljivosti svojega prenosnika, saj veste, da Siggmo zagotavlja prave fotografije natan\u010dne kartice PCIe, ki jo boste prejeli. Na\u0161a predanost kakovosti zagotavlja va\u0161e zadovoljstvo ob vsakem nakupu.<\/p>\n<p><strong>Opomba:<\/strong> \u010ceprav ne nudimo podrobnih navodil za namestitev, vam je na\u0161a skupina za podporo strankam na voljo za pomo\u010d pri morebitnih vpra\u0161anjih ali pomislekih. Zaupajte Siggmu za pristne dele prenosnikov Intel in izbolj\u0161ajte svojo brez\u017ei\u010dno izku\u0161njo \u0161e danes.<\/p>\n<p>Nadgradite brez\u017ei\u010dno povezljivost svojega prenosnika \u2013 naro\u010dite kartico OEM Intel Centrino Wireless-N 1030 11230BNHMW PCIe zdaj. Siggmo \u2013 va\u0161 zaupanja vreden vir kakovostnih delov za prenosnike po vsem svetu<\/p>\n","protected":false},"featured_media":45981,"template":"","meta":[],"product_brand":[],"product_cat":[2062],"product_tag":[1818],"class_list":{"0":"post-57151","1":"product","2":"type-product","3":"status-publish","4":"has-post-thumbnail","6":"product_cat-maticne-plosce-in-deli-plosc","7":"product_tag-rezervni-deli","9":"first","10":"instock","11":"taxable","12":"shipping-taxable","13":"purchasable","14":"product-type-simple"},"_links":{"self":[{"href":"https:\/\/pracek.si\/racunalniskatrgovina\/wp-json\/wp\/v2\/product\/57151","targetHints":{"allow":["GET"]}}],"collection":[{"href":"https:\/\/pracek.si\/racunalniskatrgovina\/wp-json\/wp\/v2\/product"}],"about":[{"href":"https:\/\/pracek.si\/racunalniskatrgovina\/wp-json\/wp\/v2\/types\/product"}],"version-history":[{"count":0,"href":"https:\/\/pracek.si\/racunalniskatrgovina\/wp-json\/wp\/v2\/product\/57151\/revisions"}],"wp:featuredmedia":[{"embeddable":true,"href":"https:\/\/pracek.si\/racunalniskatrgovina\/wp-json\/wp\/v2\/media\/45981"}],"wp:attachment":[{"href":"https:\/\/pracek.si\/racunalniskatrgovina\/wp-json\/wp\/v2\/media?parent=57151"}],"wp:term":[{"taxonomy":"product_brand","embeddable":true,"href":"https:\/\/pracek.si\/racunalniskatrgovina\/wp-json\/wp\/v2\/product_brand?post=57151"},{"taxonomy":"product_cat","embeddable":true,"href":"https:\/\/pracek.si\/racunalniskatrgovina\/wp-json\/wp\/v2\/product_cat?post=57151"},{"taxonomy":"product_tag","embeddable":true,"href":"https:\/\/pracek.si\/racunalniskatrgovina\/wp-json\/wp\/v2\/product_tag?post=57151"}],"curies":[{"name":"wp","href":"https:\/\/api.w.org\/{rel}","templated":true}]}}