{"id":57384,"date":"2025-07-31T10:43:56","date_gmt":"2025-07-31T09:43:56","guid":{"rendered":"https:\/\/pracek.si\/racunalniskatrgovina\/?post_type=product&#038;p=57384"},"modified":"2026-01-27T10:25:36","modified_gmt":"2026-01-27T09:25:36","slug":"ohisje-za-trdi-disk-hd-hdd-caddy-za-hp-probook-6465b-6460b-6470b-6475b-6560b-6570b","status":"publish","type":"product","link":"https:\/\/pracek.si\/racunalniskatrgovina\/izdelek\/ohisje-za-trdi-disk-hd-hdd-caddy-za-hp-probook-6465b-6460b-6470b-6475b-6560b-6570b\/","title":{"rendered":"Ohi\u0161je za trdi disk HD HDD Caddy za HP PROBOOK 6465B 6460B 6470B 6475B 6560B 6570B"},"content":{"rendered":"<p>Nadgradite zmogljivost shranjevanja prenosnika HP PROBOOK s tem ohi\u0161jem za trdi disk HD HDD Case Caddy. Zdru\u017eljivo z modeli 6465B, 6460B, 6470B, 6475B, 6560B in 6570B. Enostavna namestitev za brezhibno raz\u0161iritev pomnilnika va\u0161ega prenosnika.<\/p>\n","protected":false},"excerpt":{"rendered":"<p>Brez truda raz\u0161irite zmogljivost shranjevanja va\u0161ega prenosnika HP PROBOOK s HD HDD Hard Drive Case Caddy. Ta ohi\u0161je je zdru\u017eljivo z modeli 6465B, 6460B, 6470B, 6475B, 6560B in 6570B, zato vam omogo\u010da dodajanje dodatnega trdega diska za ve\u010dji prostor za shranjevanje ali re\u0161itve za varnostno kopiranje.<\/p>\n<p>Klju\u010dne lastnosti:<\/p>\n<ul>\n<li>Zdru\u017eljivost: posebej zasnovano za modele HP PROBOOK 6465B, 6460B, 6470B, 6475B, 6560B in 6570B, kar zagotavlja brezhibno integracijo.<\/li>\n<li>Enostavna namestitev: Enostaven postopek namestitve vam omogo\u010da, da raz\u0161irite pomnilni\u0161ko zmogljivost va\u0161ega prenosnika, ne da bi potrebovali strokovno pomo\u010d.<\/li>\n<li>Visokokakovostna izdelava: ta ohi\u0161je, izdelano iz trpe\u017enih materialov, zagotavlja zanesljivo za\u0161\u010dito za va\u0161 dodatni trdi disk.<\/li>\n<li>Izbolj\u0161ana shramba: dodajte dodaten trdi disk svojemu prenosniku za ve\u010d prostora za shranjevanje ali re\u0161itve za varnostno kopiranje, s \u010dimer izbolj\u0161ate svojo produktivnost in varnost podatkov.<\/li>\n<\/ul>\n<p>Nadgradite svoj prenosni ra\u010dunalnik HP PROBOOK \u0161e danes s HD HDD Hard Drive Case Caddy. Ne glede na to, ali potrebujete dodaten prostor za shranjevanje datotek, ve\u010dpredstavnosti ali re\u0161itev za varnostno kopiranje, ta ovitek Caddy ponuja priro\u010dno in zanesljivo re\u0161itev. Kupujte z zaupanjem, saj veste, da vlagate v kakovosten dodatek, ki izbolj\u0161a funkcionalnost va\u0161ega prenosnika. \u010ce imate kakr\u0161na koli vpra\u0161anja ali potrebujete pomo\u010d, nas kontaktirajte. Tukaj smo, da vam pomagamo kar najbolje izkoristiti zmogljivosti shranjevanja va\u0161ega prenosnika<\/p>\n","protected":false},"featured_media":46389,"template":"","meta":[],"product_brand":[],"product_cat":[2062],"product_tag":[2060,1818],"class_list":{"0":"post-57384","1":"product","2":"type-product","3":"status-publish","4":"has-post-thumbnail","6":"product_cat-maticne-plosce-in-deli-plosc","7":"product_tag-hp","8":"product_tag-rezervni-deli","10":"first","11":"instock","12":"taxable","13":"shipping-taxable","14":"purchasable","15":"product-type-simple"},"_links":{"self":[{"href":"https:\/\/pracek.si\/racunalniskatrgovina\/wp-json\/wp\/v2\/product\/57384","targetHints":{"allow":["GET"]}}],"collection":[{"href":"https:\/\/pracek.si\/racunalniskatrgovina\/wp-json\/wp\/v2\/product"}],"about":[{"href":"https:\/\/pracek.si\/racunalniskatrgovina\/wp-json\/wp\/v2\/types\/product"}],"version-history":[{"count":0,"href":"https:\/\/pracek.si\/racunalniskatrgovina\/wp-json\/wp\/v2\/product\/57384\/revisions"}],"wp:featuredmedia":[{"embeddable":true,"href":"https:\/\/pracek.si\/racunalniskatrgovina\/wp-json\/wp\/v2\/media\/46389"}],"wp:attachment":[{"href":"https:\/\/pracek.si\/racunalniskatrgovina\/wp-json\/wp\/v2\/media?parent=57384"}],"wp:term":[{"taxonomy":"product_brand","embeddable":true,"href":"https:\/\/pracek.si\/racunalniskatrgovina\/wp-json\/wp\/v2\/product_brand?post=57384"},{"taxonomy":"product_cat","embeddable":true,"href":"https:\/\/pracek.si\/racunalniskatrgovina\/wp-json\/wp\/v2\/product_cat?post=57384"},{"taxonomy":"product_tag","embeddable":true,"href":"https:\/\/pracek.si\/racunalniskatrgovina\/wp-json\/wp\/v2\/product_tag?post=57384"}],"curies":[{"name":"wp","href":"https:\/\/api.w.org\/{rel}","templated":true}]}}