{"id":57467,"date":"2025-07-31T10:49:11","date_gmt":"2025-07-31T09:49:11","guid":{"rendered":"https:\/\/pracek.si\/racunalniskatrgovina\/?post_type=product&#038;p=57467"},"modified":"2026-01-27T10:46:16","modified_gmt":"2026-01-27T09:46:16","slug":"originalni-bluetooth-modul-hp-compaq-bcm92045nmd-397922-001-nadomestni-del-za-prenosnik","status":"publish","type":"product","link":"https:\/\/pracek.si\/racunalniskatrgovina\/izdelek\/originalni-bluetooth-modul-hp-compaq-bcm92045nmd-397922-001-nadomestni-del-za-prenosnik\/","title":{"rendered":"Originalni Bluetooth modul HP Compaq BCM92045NMD 397922-001 &#8211; nadomestni del za prenosnik"},"content":{"rendered":"<p>Nadgradite svoj prenosni ra\u010dunalnik HP Compaq s tem pristnim modulom Bluetooth BCM92045NMD 397922-001. Zaradi enostavne namestitve in zanesljivega delovanja je popoln nadomestni del. Izbolj\u0161ajte povezljivost svojega prenosnika \u0161e danes!<\/p>\n","protected":false},"excerpt":{"rendered":"<p>Izbolj\u0161ajte povezljivost va\u0161ega prenosnika HP Compaq z originalnim modulom Bluetooth BCM92045NMD 397922-001. Ta avtenti\u010dni nadomestni del, izdelan z mislijo na natan\u010dnost in zanesljivost, zagotavlja brezhibno integracijo in zanesljivo delovanje.<\/p>\n<p>Klju\u010dne lastnosti:<\/p>\n<ul>\n<li>Originalna HP-jeva zamenjava: Zagotovite zdru\u017eljivost in zanesljivost s pristnim nadomestnim delom.<\/li>\n<li>Enostavna namestitev: nadgradite svoj prenosnik brez truda s preprosto namestitvijo, brez strokovne pomo\u010di.<\/li>\n<li>Izbolj\u0161ana povezljivost: u\u017eivajte v izbolj\u0161anih mo\u017enostih povezljivosti s funkcijo Bluetooth.<\/li>\n<li>Zdru\u017eljivost: Zasnovan za brezhibno delovanje z razli\u010dnimi modeli prenosnikov HP Compaq.<\/li>\n<li>Zagotavljanje kakovosti: Bodite prepri\u010dani, da vlagate v visokokakovosten, pristen HP-jev nadomestni del.<\/li>\n<\/ul>\n<p>Nadgradite svoj prenosni ra\u010dunalnik HP Compaq \u0161e danes s pristnim modulom Bluetooth BCM92045NMD 397922-001. Kupujte z zaupanjem, saj veste, da vlagate v kakovosten nadomestni del za svoj prenosnik. \u010ce imate kakr\u0161na koli vpra\u0161anja ali potrebujete dodatno pomo\u010d, ne oklevajte in nas kontaktirajte. Tukaj smo, da vam pomagamo izbolj\u0161ati povezljivost va\u0161e naprave.<\/p>\n","protected":false},"featured_media":46524,"template":"","meta":[],"product_brand":[],"product_cat":[2062],"product_tag":[2060,1818],"class_list":{"0":"post-57467","1":"product","2":"type-product","3":"status-publish","4":"has-post-thumbnail","6":"product_cat-maticne-plosce-in-deli-plosc","7":"product_tag-hp","8":"product_tag-rezervni-deli","10":"first","11":"instock","12":"taxable","13":"shipping-taxable","14":"purchasable","15":"product-type-simple"},"_links":{"self":[{"href":"https:\/\/pracek.si\/racunalniskatrgovina\/wp-json\/wp\/v2\/product\/57467","targetHints":{"allow":["GET"]}}],"collection":[{"href":"https:\/\/pracek.si\/racunalniskatrgovina\/wp-json\/wp\/v2\/product"}],"about":[{"href":"https:\/\/pracek.si\/racunalniskatrgovina\/wp-json\/wp\/v2\/types\/product"}],"version-history":[{"count":0,"href":"https:\/\/pracek.si\/racunalniskatrgovina\/wp-json\/wp\/v2\/product\/57467\/revisions"}],"wp:featuredmedia":[{"embeddable":true,"href":"https:\/\/pracek.si\/racunalniskatrgovina\/wp-json\/wp\/v2\/media\/46524"}],"wp:attachment":[{"href":"https:\/\/pracek.si\/racunalniskatrgovina\/wp-json\/wp\/v2\/media?parent=57467"}],"wp:term":[{"taxonomy":"product_brand","embeddable":true,"href":"https:\/\/pracek.si\/racunalniskatrgovina\/wp-json\/wp\/v2\/product_brand?post=57467"},{"taxonomy":"product_cat","embeddable":true,"href":"https:\/\/pracek.si\/racunalniskatrgovina\/wp-json\/wp\/v2\/product_cat?post=57467"},{"taxonomy":"product_tag","embeddable":true,"href":"https:\/\/pracek.si\/racunalniskatrgovina\/wp-json\/wp\/v2\/product_tag?post=57467"}],"curies":[{"name":"wp","href":"https:\/\/api.w.org\/{rel}","templated":true}]}}