{"id":57540,"date":"2025-07-31T10:54:03","date_gmt":"2025-07-31T09:54:03","guid":{"rendered":"https:\/\/pracek.si\/racunalniskatrgovina\/?post_type=product&#038;p=57540"},"modified":"2025-07-31T10:57:04","modified_gmt":"2025-07-31T09:57:04","slug":"originalna-dell-latitude-7204-rugged-audio-sim-plosca-01nj41-testirana","status":"publish","type":"product","link":"https:\/\/pracek.si\/racunalniskatrgovina\/izdelek\/originalna-dell-latitude-7204-rugged-audio-sim-plosca-01nj41-testirana\/","title":{"rendered":"Originalna Dell Latitude 7204 Rugged Audio SIM plo\u0161\u010da 01NJ41 testirana"},"content":{"rendered":"<p>Nadgradite zvo\u010dne zmogljivosti va\u0161ega Dell Latitude 7204 Rugged s to pristno zvo\u010dno plo\u0161\u010do SIM. Izbolj\u0161ajte zvo\u010dno zmogljivost svoje naprave \u0161e danes!<\/p>\n","protected":false},"excerpt":{"rendered":"<p>Izbolj\u0161ajte zvo\u010dne zmogljivosti svojega robustnega prenosnika Dell Latitude 7204 z originalno plo\u0161\u010do Audio SIM, \u0161tevilka dela 1NJ41 \/ 01NJ41. Preizku\u0161eni avtenti\u010dni nadomestni del zagotavlja zanesljivo delovanje in zdru\u017eljivost.<\/p>\n<p>Klju\u010dne lastnosti:<\/p>\n<p>&#8211; Originalna zamenjava Dell: Zagotovite zdru\u017eljivost in zanesljivost s pristnim nadomestnim delom.<\/p>\n<p>\u2013 Izbolj\u0161ana zvo\u010dna zmogljivost: Izkusite izbolj\u0161ano kakovost zvoka in funkcionalnost va\u0161e naprave.<\/p>\n<p>&#8211; Enostavna namestitev: Z enostavno namestitvijo nadgradite zvok va\u0161e naprave.<\/p>\n<p>Nadgradite svoj prenosni ra\u010dunalnik Dell Latitude 7204 Rugged danes s pristno plo\u0161\u010do Audio SIM. Kupujte z zaupanjem, saj veste, da vlagate v kakovosten nadomestni del za svojo napravo. \u010ce imate kakr\u0161na koli vpra\u0161anja ali potrebujete pomo\u010d, ne oklevajte in nas kontaktirajte. Tukaj smo, da vam pomagamo izbolj\u0161ati zvo\u010dno izku\u0161njo va\u0161e naprave.<\/p>\n","protected":false},"featured_media":46634,"template":"","meta":[],"product_brand":[],"product_cat":[2062],"product_tag":[2052,1818],"class_list":{"0":"post-57540","1":"product","2":"type-product","3":"status-publish","4":"has-post-thumbnail","6":"product_cat-maticne-plosce-in-deli-plosc","7":"product_tag-dell","8":"product_tag-rezervni-deli","10":"first","11":"instock","12":"taxable","13":"shipping-taxable","14":"purchasable","15":"product-type-simple"},"_links":{"self":[{"href":"https:\/\/pracek.si\/racunalniskatrgovina\/wp-json\/wp\/v2\/product\/57540","targetHints":{"allow":["GET"]}}],"collection":[{"href":"https:\/\/pracek.si\/racunalniskatrgovina\/wp-json\/wp\/v2\/product"}],"about":[{"href":"https:\/\/pracek.si\/racunalniskatrgovina\/wp-json\/wp\/v2\/types\/product"}],"version-history":[{"count":0,"href":"https:\/\/pracek.si\/racunalniskatrgovina\/wp-json\/wp\/v2\/product\/57540\/revisions"}],"wp:featuredmedia":[{"embeddable":true,"href":"https:\/\/pracek.si\/racunalniskatrgovina\/wp-json\/wp\/v2\/media\/46634"}],"wp:attachment":[{"href":"https:\/\/pracek.si\/racunalniskatrgovina\/wp-json\/wp\/v2\/media?parent=57540"}],"wp:term":[{"taxonomy":"product_brand","embeddable":true,"href":"https:\/\/pracek.si\/racunalniskatrgovina\/wp-json\/wp\/v2\/product_brand?post=57540"},{"taxonomy":"product_cat","embeddable":true,"href":"https:\/\/pracek.si\/racunalniskatrgovina\/wp-json\/wp\/v2\/product_cat?post=57540"},{"taxonomy":"product_tag","embeddable":true,"href":"https:\/\/pracek.si\/racunalniskatrgovina\/wp-json\/wp\/v2\/product_tag?post=57540"}],"curies":[{"name":"wp","href":"https:\/\/api.w.org\/{rel}","templated":true}]}}