{"id":57584,"date":"2025-07-31T10:56:43","date_gmt":"2025-07-31T09:56:43","guid":{"rendered":"https:\/\/pracek.si\/racunalniskatrgovina\/?post_type=product&#038;p=57584"},"modified":"2025-07-31T10:59:33","modified_gmt":"2025-07-31T09:59:33","slug":"original-dell-latitude-12-rugged-extreme-7204-7214-serial-vga-port-pokrov-chg07-3xp4g","status":"publish","type":"product","link":"https:\/\/pracek.si\/racunalniskatrgovina\/izdelek\/original-dell-latitude-12-rugged-extreme-7204-7214-serial-vga-port-pokrov-chg07-3xp4g\/","title":{"rendered":"Original Dell Latitude 12 Rugged Extreme 7204 7214 SERIAL VGA PORT POKROV CHG07 3XP4G"},"content":{"rendered":"<p>Izbolj\u0161ajte robustnost va\u0161ega Dell Latitude 12 Rugged Extreme 7204\/7214 s tem pristnim pokrovom za serijska\/VGA vrata CHG07 3XP4G. Enostaven za namestitev in zdru\u017eljiv z va\u0161o napravo. Nadgradite \u0161e danes!<\/p>\n","protected":false},"excerpt":{"rendered":"<p>Nadgradite vzdr\u017eljivost va\u0161ega Dell Latitude 12 Rugged Extreme 7204 \/ 7214 s pristnim pokrovom serijskih\/VGA vrat CHG07 3XP4G. Ta pristni nadomestni del, izdelan za robustno uporabo, zagotavlja zanesljivo za\u0161\u010dito za serijska vrata in vrata VGA va\u0161e naprave.<\/p>\n<p>Klju\u010dne lastnosti:<\/p>\n<p>&#8211; Originalna zamenjava Dell: Zagotovite zdru\u017eljivost in zanesljivost s pristnim nadomestnim delom.<\/p>\n<p>&#8211; Enostavna namestitev: brez truda izbolj\u0161ajte robustnost va\u0161e naprave s preprosto namestitvijo.<\/p>\n<p>&#8211; Izbolj\u0161ana vzdr\u017eljivost: Za\u0161\u010ditite serijska vrata in vrata VGA va\u0161e naprave pred prahom, umazanijo in po\u0161kodbami.<\/p>\n<p>&#8211; Zdru\u017eljivo: zasnovano posebej za modele Dell Latitude 12 Rugged Extreme 7204\/7214.<\/p>\n<p>Nadgradite svoj Dell<\/p>\n","protected":false},"featured_media":46684,"template":"","meta":[],"product_brand":[],"product_cat":[2051],"product_tag":[2052,1818],"class_list":{"0":"post-57584","1":"product","2":"type-product","3":"status-publish","4":"has-post-thumbnail","6":"product_cat-ohisje-prenosnika","7":"product_tag-dell","8":"product_tag-rezervni-deli","10":"first","11":"instock","12":"taxable","13":"shipping-taxable","14":"purchasable","15":"product-type-simple"},"_links":{"self":[{"href":"https:\/\/pracek.si\/racunalniskatrgovina\/wp-json\/wp\/v2\/product\/57584","targetHints":{"allow":["GET"]}}],"collection":[{"href":"https:\/\/pracek.si\/racunalniskatrgovina\/wp-json\/wp\/v2\/product"}],"about":[{"href":"https:\/\/pracek.si\/racunalniskatrgovina\/wp-json\/wp\/v2\/types\/product"}],"version-history":[{"count":0,"href":"https:\/\/pracek.si\/racunalniskatrgovina\/wp-json\/wp\/v2\/product\/57584\/revisions"}],"wp:featuredmedia":[{"embeddable":true,"href":"https:\/\/pracek.si\/racunalniskatrgovina\/wp-json\/wp\/v2\/media\/46684"}],"wp:attachment":[{"href":"https:\/\/pracek.si\/racunalniskatrgovina\/wp-json\/wp\/v2\/media?parent=57584"}],"wp:term":[{"taxonomy":"product_brand","embeddable":true,"href":"https:\/\/pracek.si\/racunalniskatrgovina\/wp-json\/wp\/v2\/product_brand?post=57584"},{"taxonomy":"product_cat","embeddable":true,"href":"https:\/\/pracek.si\/racunalniskatrgovina\/wp-json\/wp\/v2\/product_cat?post=57584"},{"taxonomy":"product_tag","embeddable":true,"href":"https:\/\/pracek.si\/racunalniskatrgovina\/wp-json\/wp\/v2\/product_tag?post=57584"}],"curies":[{"name":"wp","href":"https:\/\/api.w.org\/{rel}","templated":true}]}}