{"id":57587,"date":"2025-07-31T10:56:43","date_gmt":"2025-07-31T09:56:43","guid":{"rendered":"https:\/\/pracek.si\/racunalniskatrgovina\/?post_type=product&#038;p=57587"},"modified":"2025-07-31T10:59:38","modified_gmt":"2025-07-31T09:59:38","slug":"originalni-spodnji-pokrov-osnovnega-pokrova-prenosnika-dell-latitude-12-rugged-extreme-7204-7214-k3n9v-0k3n9v","status":"publish","type":"product","link":"https:\/\/pracek.si\/racunalniskatrgovina\/izdelek\/originalni-spodnji-pokrov-osnovnega-pokrova-prenosnika-dell-latitude-12-rugged-extreme-7204-7214-k3n9v-0k3n9v\/","title":{"rendered":"Originalni spodnji pokrov osnovnega pokrova prenosnika Dell Latitude 12 Rugged Extreme 7204 7214 K3N9V 0K3N9V"},"content":{"rendered":"<p>Izbolj\u0161ajte vzdr\u017eljivost va\u0161ega Dell Latitude 12 Rugged Extreme 7204\/7214 s tem pristnim spodnjim pokrovom. Enostaven za namestitev in zdru\u017eljiv s \u0161tevilko dela K3N9V 0K3N9V. Nadgradite za\u0161\u010dito svojega prenosnika \u0161e danes!<\/p>\n","protected":false},"excerpt":{"rendered":"<p>Za\u0161\u010ditite in okrepite svoj prenosnik Dell Latitude 12 Rugged Extreme 7204\/7214 s pristnim pokrovom spodnjega dela, \u0161tevilka dela K3N9V 0K3N9V. Ta avtenti\u010dni nadomestni del, izdelan za vzdr\u017eljivost in zdru\u017eljivost, zagotavlja zanesljivo delovanje in enostavno namestitev.<\/p>\n<p>Klju\u010dne lastnosti:<\/p>\n<p>&#8211; Originalna zamenjava Dell: Zagotovite zdru\u017eljivost in zanesljivost s pristnim nadomestnim delom.<\/p>\n<p>&#8211; Enostavna namestitev: Z enostavno namestitvijo nadgradite za\u0161\u010dito svojega prenosnika.<\/p>\n<p>&#8211; Izbolj\u0161ana vzdr\u017eljivost: Pove\u010dajte odpornost va\u0161ega prenosnika, da bo kos te\u017ekim razmeram.<\/p>\n<p>&#8211; Zdru\u017eljivost: Zasnovan posebej za modele Dell Latitude 12 Rugged Extreme 7204\/7214.<\/p>\n<p>Nadgradite svoj prenosni ra\u010dunalnik Dell Latitude 12 Rugged Extreme 7204\/7214 \u0161e danes s pristnim spodnjim pokrovom. Kupujte z zaupanjem, saj veste, da vlagate v kakovosten nadomestni del za svojo napravo. \u010ce imate kakr\u0161na koli vpra\u0161anja ali potrebujete pomo\u010d, ne oklevajte in nas kontaktirajte. Tukaj smo, da vam pomagamo pove\u010dati vzdr\u017eljivost<\/p>\n","protected":false},"featured_media":46688,"template":"","meta":[],"product_brand":[],"product_cat":[2051],"product_tag":[1818],"class_list":{"0":"post-57587","1":"product","2":"type-product","3":"status-publish","4":"has-post-thumbnail","6":"product_cat-ohisje-prenosnika","7":"product_tag-rezervni-deli","9":"first","10":"instock","11":"taxable","12":"shipping-taxable","13":"purchasable","14":"product-type-simple"},"_links":{"self":[{"href":"https:\/\/pracek.si\/racunalniskatrgovina\/wp-json\/wp\/v2\/product\/57587","targetHints":{"allow":["GET"]}}],"collection":[{"href":"https:\/\/pracek.si\/racunalniskatrgovina\/wp-json\/wp\/v2\/product"}],"about":[{"href":"https:\/\/pracek.si\/racunalniskatrgovina\/wp-json\/wp\/v2\/types\/product"}],"version-history":[{"count":0,"href":"https:\/\/pracek.si\/racunalniskatrgovina\/wp-json\/wp\/v2\/product\/57587\/revisions"}],"wp:featuredmedia":[{"embeddable":true,"href":"https:\/\/pracek.si\/racunalniskatrgovina\/wp-json\/wp\/v2\/media\/46688"}],"wp:attachment":[{"href":"https:\/\/pracek.si\/racunalniskatrgovina\/wp-json\/wp\/v2\/media?parent=57587"}],"wp:term":[{"taxonomy":"product_brand","embeddable":true,"href":"https:\/\/pracek.si\/racunalniskatrgovina\/wp-json\/wp\/v2\/product_brand?post=57587"},{"taxonomy":"product_cat","embeddable":true,"href":"https:\/\/pracek.si\/racunalniskatrgovina\/wp-json\/wp\/v2\/product_cat?post=57587"},{"taxonomy":"product_tag","embeddable":true,"href":"https:\/\/pracek.si\/racunalniskatrgovina\/wp-json\/wp\/v2\/product_tag?post=57587"}],"curies":[{"name":"wp","href":"https:\/\/api.w.org\/{rel}","templated":true}]}}