{"id":57603,"date":"2025-07-31T10:57:32","date_gmt":"2025-07-31T09:57:32","guid":{"rendered":"https:\/\/pracek.si\/racunalniskatrgovina\/?post_type=product&#038;p=57603"},"modified":"2026-01-27T11:00:16","modified_gmt":"2026-01-27T10:00:16","slug":"dell-oem-latitude-12-rugged-extreme-7204-12-convertible-lcd-bezel-frame-bracket","status":"publish","type":"product","link":"https:\/\/pracek.si\/racunalniskatrgovina\/izdelek\/dell-oem-latitude-12-rugged-extreme-7204-12-convertible-lcd-bezel-frame-bracket\/","title":{"rendered":"Dell OEM Latitude 12 Rugged Extreme (7204) 12 Convertible LCD Bezel Frame Bracket"},"content":{"rendered":"<p>Nadgradite svoj Dell OEM Latitude 12 Rugged Extreme (7204) s tem pristnim nosilcem okvirja za zamenljive LCD. Enostaven za namestitev in zdru\u017eljiv z va\u0161o napravo. Pove\u010dajte vzdr\u017eljivost svojega prenosnika \u0161e danes!<\/p>\n","protected":false},"excerpt":{"rendered":"<p>Izbolj\u0161ajte vzdr\u017eljivost va\u0161ega Dell OEM Latitude 12 Rugged Extreme (7204) s pristnim nosilcem okvirja za zamenljive LCD. Ta avtenti\u010dni nadomestni del, izdelan za zanesljivost in zdru\u017eljivost, zagotavlja varno pritrditev in enostavno namestitev.<\/p>\n<p>Klju\u010dne lastnosti:<\/p>\n<p>&#8211; Originalna zamenjava Dell: Zagotovite zdru\u017eljivost in zanesljivost s pristnim nadomestnim delom.<\/p>\n<p>&#8211; Enostavna namestitev: z enostavno namestitvijo nadgradite vzdr\u017eljivost svojega prenosnika.<\/p>\n<p>&#8211; Izbolj\u0161ana vzdr\u017eljivost: pove\u010dajte robustnost va\u0161e naprave za izbolj\u0161ano dolgo \u017eivljenjsko dobo.<\/p>\n<p>&#8211; Varna pritrditev: Zagotovite, da va\u0161 LCD zaslon med uporabo ostane varno na mestu.<\/p>\n<p>Nadgradite svoj Dell OEM Latitude 12 Rugged Extreme (7204) \u0161e danes s pristnim nosilcem okvirja okvirja za zamenljive LCD. Kupujte z zaupanjem, saj veste, da vlagate v kakovosten nadomestni del za svojo napravo. \u010ce imate kakr\u0161na koli vpra\u0161anja ali potrebujete pomo\u010d, ne oklevajte in nas kontaktirajte. Tukaj smo, da vam pomagamo pove\u010dati vzdr\u017eljivost va\u0161e naprave.<\/p>\n","protected":false},"featured_media":46712,"template":"","meta":[],"product_brand":[],"product_cat":[2051],"product_tag":[1818],"class_list":{"0":"post-57603","1":"product","2":"type-product","3":"status-publish","4":"has-post-thumbnail","6":"product_cat-ohisje-prenosnika","7":"product_tag-rezervni-deli","9":"first","10":"instock","11":"taxable","12":"shipping-taxable","13":"purchasable","14":"product-type-simple"},"_links":{"self":[{"href":"https:\/\/pracek.si\/racunalniskatrgovina\/wp-json\/wp\/v2\/product\/57603","targetHints":{"allow":["GET"]}}],"collection":[{"href":"https:\/\/pracek.si\/racunalniskatrgovina\/wp-json\/wp\/v2\/product"}],"about":[{"href":"https:\/\/pracek.si\/racunalniskatrgovina\/wp-json\/wp\/v2\/types\/product"}],"version-history":[{"count":0,"href":"https:\/\/pracek.si\/racunalniskatrgovina\/wp-json\/wp\/v2\/product\/57603\/revisions"}],"wp:featuredmedia":[{"embeddable":true,"href":"https:\/\/pracek.si\/racunalniskatrgovina\/wp-json\/wp\/v2\/media\/46712"}],"wp:attachment":[{"href":"https:\/\/pracek.si\/racunalniskatrgovina\/wp-json\/wp\/v2\/media?parent=57603"}],"wp:term":[{"taxonomy":"product_brand","embeddable":true,"href":"https:\/\/pracek.si\/racunalniskatrgovina\/wp-json\/wp\/v2\/product_brand?post=57603"},{"taxonomy":"product_cat","embeddable":true,"href":"https:\/\/pracek.si\/racunalniskatrgovina\/wp-json\/wp\/v2\/product_cat?post=57603"},{"taxonomy":"product_tag","embeddable":true,"href":"https:\/\/pracek.si\/racunalniskatrgovina\/wp-json\/wp\/v2\/product_tag?post=57603"}],"curies":[{"name":"wp","href":"https:\/\/api.w.org\/{rel}","templated":true}]}}