{"id":57604,"date":"2025-07-31T10:57:32","date_gmt":"2025-07-31T09:57:32","guid":{"rendered":"https:\/\/pracek.si\/racunalniskatrgovina\/?post_type=product&#038;p=57604"},"modified":"2025-07-31T11:00:46","modified_gmt":"2025-07-31T10:00:46","slug":"genuine-dell-latitude-12-rugged-extreme-7204-usb-citalnik-sd-kartic-wcable-md1p8-0md1p8","status":"publish","type":"product","link":"https:\/\/pracek.si\/racunalniskatrgovina\/izdelek\/genuine-dell-latitude-12-rugged-extreme-7204-usb-citalnik-sd-kartic-wcable-md1p8-0md1p8\/","title":{"rendered":"Genuine Dell Latitude 12 Rugged Extreme 7204 USB \u010ditalnik SD kartic wCable MD1P8 0MD1P8"},"content":{"rendered":"<p>Izbolj\u0161ajte povezljivost va\u0161ega Dell Latitude 12 Rugged Extreme 7204 s tem pristnim bralnikom kartic USB SD. Prilo\u017een je kabel MD1P8 0MD1P8 za enostavno namestitev. Nadgradite funkcionalnost svoje naprave \u0161e danes!<\/p>\n","protected":false},"excerpt":{"rendered":"<p>Izbolj\u0161ajte povezljivost va\u0161ega Dell Latitude 12 Rugged Extreme 7204 s pristnim bralnikom kartic USB SD, skupaj s kablom MD1P8 0MD1P8 za brezhibno namestitev. Ta avtenti\u010dni nadomestni del, izdelan za vzdr\u017eljivost in zdru\u017eljivost, zagotavlja zanesljivo delovanje in preprosto povezljivost.<\/p>\n<p>Klju\u010dne lastnosti:<\/p>\n<p>&#8211; Originalna zamenjava Dell: Zagotovite zdru\u017eljivost in zanesljivost s pristnim nadomestnim delom.<\/p>\n<p>&#8211; Enostavna namestitev: enostavno nadgradite povezljivost va\u0161e naprave s preprosto namestitvijo.<\/p>\n<p>&#8211; Izbolj\u0161ana funkcionalnost: raz\u0161irite mo\u017enosti povezljivosti va\u0161ega prenosnika za izbolj\u0161ano funkcionalnost.<\/p>\n<p>&#8211; Vzdr\u017eljiva konstrukcija: izdelana tako, da prenese robustno uporabo, kar zagotavlja dolgo \u017eivljenjsko dobo in zanesljivost.<\/p>\n<p>Nadgradite svoj Dell Latitude 12 Rugged Extreme 7204 \u0161e danes s pristnim bralnikom kartic USB SD. Kupujte z zaupanjem, saj veste, da vlagate v kakovosten nadomestni del za svojo napravo. \u010ce imate kakr\u0161na koli vpra\u0161anja ali potrebujete pomo\u010d, ne oklevajte in nas kontaktirajte. Tukaj smo, da vam pomagamo izbolj\u0161ati funkcionalnost va\u0161e naprave.<\/p>\n","protected":false},"featured_media":46715,"template":"","meta":[],"product_brand":[],"product_cat":[2062],"product_tag":[1818],"class_list":{"0":"post-57604","1":"product","2":"type-product","3":"status-publish","4":"has-post-thumbnail","6":"product_cat-maticne-plosce-in-deli-plosc","7":"product_tag-rezervni-deli","9":"first","10":"instock","11":"taxable","12":"shipping-taxable","13":"purchasable","14":"product-type-simple"},"_links":{"self":[{"href":"https:\/\/pracek.si\/racunalniskatrgovina\/wp-json\/wp\/v2\/product\/57604","targetHints":{"allow":["GET"]}}],"collection":[{"href":"https:\/\/pracek.si\/racunalniskatrgovina\/wp-json\/wp\/v2\/product"}],"about":[{"href":"https:\/\/pracek.si\/racunalniskatrgovina\/wp-json\/wp\/v2\/types\/product"}],"version-history":[{"count":0,"href":"https:\/\/pracek.si\/racunalniskatrgovina\/wp-json\/wp\/v2\/product\/57604\/revisions"}],"wp:featuredmedia":[{"embeddable":true,"href":"https:\/\/pracek.si\/racunalniskatrgovina\/wp-json\/wp\/v2\/media\/46715"}],"wp:attachment":[{"href":"https:\/\/pracek.si\/racunalniskatrgovina\/wp-json\/wp\/v2\/media?parent=57604"}],"wp:term":[{"taxonomy":"product_brand","embeddable":true,"href":"https:\/\/pracek.si\/racunalniskatrgovina\/wp-json\/wp\/v2\/product_brand?post=57604"},{"taxonomy":"product_cat","embeddable":true,"href":"https:\/\/pracek.si\/racunalniskatrgovina\/wp-json\/wp\/v2\/product_cat?post=57604"},{"taxonomy":"product_tag","embeddable":true,"href":"https:\/\/pracek.si\/racunalniskatrgovina\/wp-json\/wp\/v2\/product_tag?post=57604"}],"curies":[{"name":"wp","href":"https:\/\/api.w.org\/{rel}","templated":true}]}}