{"id":57629,"date":"2025-07-31T10:59:26","date_gmt":"2025-07-31T09:59:26","guid":{"rendered":"https:\/\/pracek.si\/racunalniskatrgovina\/?post_type=product&#038;p=57629"},"modified":"2025-07-31T11:02:44","modified_gmt":"2025-07-31T10:02:44","slug":"kotni-okvir-zaslona-sprednja-desna-guma-za-dell-latitude-12-rugged-extreme-7204-2","status":"publish","type":"product","link":"https:\/\/pracek.si\/racunalniskatrgovina\/izdelek\/kotni-okvir-zaslona-sprednja-desna-guma-za-dell-latitude-12-rugged-extreme-7204-2\/","title":{"rendered":"Kotni okvir zaslona sprednja desna guma za Dell Latitude 12 Rugged Extreme 7204"},"content":{"rendered":"<p>Izbolj\u0161ajte vzdr\u017eljivost svojega Dell Latitude 12 Rugged Extreme 7204 s to gumo sprednjega desnega kotnega okvirja zaslona. Originalni del Dell, zasnovan za enostavno namestitev in popolno prileganje. Nadgradite svojo napravo \u0161e danes!<\/p>\n","protected":false},"excerpt":{"rendered":"<p>Izbolj\u0161ajte vzdr\u017eljivost va\u0161ega Dell Latitude 12 Rugged Extreme 7204 z gumo sprednjega desnega kotnega okvirja zaslona. Ta originalni del Dell, izdelan za natan\u010dnost in zdru\u017eljivost, zagotavlja enostavno namestitev in popolno prileganje va\u0161i napravi.<\/p>\n<p>Klju\u010dne lastnosti:<\/p>\n<p>&#8211; Originalna zamenjava Dell: Zagotovite zdru\u017eljivost in zanesljivost s pristnim nadomestnim delom.<\/p>\n<p>&#8211; Enostavna namestitev: z enostavno namestitvijo nadgradite vzdr\u017eljivost svoje naprave.<\/p>\n<p>&#8211; Popolno prileganje: zasnovano posebej za Dell Latitude 12 Rugged Extreme 7204 za brezhibno integracijo.<\/p>\n<p>&#8211; Izbolj\u0161ana vzdr\u017eljivost: Za\u0161\u010ditite svojo napravo pred po\u0161kodbami s to trpe\u017eno gumo za kotni okvir zaslona.<\/p>\n<p>Nadgradite svoj Dell Latitude 12 Rugged Extreme 7204 \u0161e danes s pristno sprednjo desno gumo kotnega okvirja zaslona. Kupujte z zaupanjem, saj veste, da vlagate v kakovosten nadomestni del za svojo napravo. \u010ce imate kakr\u0161na koli vpra\u0161anja ali potrebujete pomo\u010d, ne oklevajte in nas kontaktirajte. Tukaj smo, da vam pomagamo pove\u010dati vzdr\u017eljivost va\u0161e naprave.<\/p>\n","protected":false},"featured_media":46737,"template":"","meta":[],"product_brand":[],"product_cat":[2051],"product_tag":[2052,1818],"class_list":{"0":"post-57629","1":"product","2":"type-product","3":"status-publish","4":"has-post-thumbnail","6":"product_cat-ohisje-prenosnika","7":"product_tag-dell","8":"product_tag-rezervni-deli","10":"first","11":"instock","12":"taxable","13":"shipping-taxable","14":"purchasable","15":"product-type-simple"},"_links":{"self":[{"href":"https:\/\/pracek.si\/racunalniskatrgovina\/wp-json\/wp\/v2\/product\/57629","targetHints":{"allow":["GET"]}}],"collection":[{"href":"https:\/\/pracek.si\/racunalniskatrgovina\/wp-json\/wp\/v2\/product"}],"about":[{"href":"https:\/\/pracek.si\/racunalniskatrgovina\/wp-json\/wp\/v2\/types\/product"}],"version-history":[{"count":0,"href":"https:\/\/pracek.si\/racunalniskatrgovina\/wp-json\/wp\/v2\/product\/57629\/revisions"}],"wp:featuredmedia":[{"embeddable":true,"href":"https:\/\/pracek.si\/racunalniskatrgovina\/wp-json\/wp\/v2\/media\/46737"}],"wp:attachment":[{"href":"https:\/\/pracek.si\/racunalniskatrgovina\/wp-json\/wp\/v2\/media?parent=57629"}],"wp:term":[{"taxonomy":"product_brand","embeddable":true,"href":"https:\/\/pracek.si\/racunalniskatrgovina\/wp-json\/wp\/v2\/product_brand?post=57629"},{"taxonomy":"product_cat","embeddable":true,"href":"https:\/\/pracek.si\/racunalniskatrgovina\/wp-json\/wp\/v2\/product_cat?post=57629"},{"taxonomy":"product_tag","embeddable":true,"href":"https:\/\/pracek.si\/racunalniskatrgovina\/wp-json\/wp\/v2\/product_tag?post=57629"}],"curies":[{"name":"wp","href":"https:\/\/api.w.org\/{rel}","templated":true}]}}