{"id":57677,"date":"2025-07-31T11:03:31","date_gmt":"2025-07-31T10:03:31","guid":{"rendered":"https:\/\/pracek.si\/racunalniskatrgovina\/?post_type=product&#038;p=57677"},"modified":"2025-07-31T11:06:43","modified_gmt":"2025-07-31T10:06:43","slug":"kotni-okvir-zaslona-sprednja-leva-guma-za-dell-latitude-12-rugged-extreme-7204-3","status":"publish","type":"product","link":"https:\/\/pracek.si\/racunalniskatrgovina\/izdelek\/kotni-okvir-zaslona-sprednja-leva-guma-za-dell-latitude-12-rugged-extreme-7204-3\/","title":{"rendered":"Kotni okvir zaslona sprednja leva guma za Dell Latitude 12 Rugged Extreme 7204"},"content":{"rendered":"<p>Zamenjajte sprednji levi gumijasti kotni okvir zaslona va\u0161ega prenosnika Dell Latitude 12 Rugged Extreme 7204 s tem originalnim delom. Zagotovite varno prileganje in za\u0161\u010dito va\u0161e naprave. Nadgradi zdaj!<\/p>\n","protected":false},"excerpt":{"rendered":"<p>Izbolj\u0161ajte vzdr\u017eljivost in za\u0161\u010dito va\u0161ega Dell Latitude 12 Rugged Extreme 7204 s pristnim sprednjim levim kotnim okvirjem zaslona. Ta pristen nadomestni del, izdelan za varno prileganje in optimalno za\u0161\u010dito, zagotavlja celovitost okvirja zaslona va\u0161e naprave.<\/p>\n<p>Klju\u010dne lastnosti:<\/p>\n<p>&#8211; Originalna zamenjava Dell: Zagotovite zdru\u017eljivost in zanesljivost s pristnim nadomestnim delom.<\/p>\n<p>&#8211; Varno prileganje: Zasnovan za varno prileganje na svoje mesto in zagotavlja zanesljivo za\u0161\u010dito va\u0161e naprave.<\/p>\n<p>&#8211; Izbolj\u0161ana vzdr\u017eljivost: za\u0161\u010ditite svoj Dell Latitude 12 Rugged Extreme 7204 pred po\u0161kodbami s tem trpe\u017enim gumijastim kotnim okvirjem.<\/p>\n<p>&#8211; Enostavna namestitev: Nadgradite svojo napravo brez truda s preprosto namestitvijo.<\/p>\n<p>Nadgradite svoj Dell Latitude 12 Rugged Extreme 7204 \u0161e danes s pristnim sprednjim levim kotnim okvirjem zaslona. Kupujte z zaupanjem, saj veste, da vlagate v kakovosten nadomestni del za svojo napravo. \u010ce imate kakr\u0161na koli vpra\u0161anja ali potrebujete pomo\u010d, ne oklevajte in nas kontaktirajte. Tukaj smo, da vam pomagamo pove\u010dati vzdr\u017eljivost in za\u0161\u010dito va\u0161e naprave.<\/p>\n","protected":false},"featured_media":46834,"template":"","meta":[],"product_brand":[],"product_cat":[2051],"product_tag":[2052,1818],"class_list":{"0":"post-57677","1":"product","2":"type-product","3":"status-publish","4":"has-post-thumbnail","6":"product_cat-ohisje-prenosnika","7":"product_tag-dell","8":"product_tag-rezervni-deli","10":"first","11":"instock","12":"taxable","13":"shipping-taxable","14":"purchasable","15":"product-type-simple"},"_links":{"self":[{"href":"https:\/\/pracek.si\/racunalniskatrgovina\/wp-json\/wp\/v2\/product\/57677","targetHints":{"allow":["GET"]}}],"collection":[{"href":"https:\/\/pracek.si\/racunalniskatrgovina\/wp-json\/wp\/v2\/product"}],"about":[{"href":"https:\/\/pracek.si\/racunalniskatrgovina\/wp-json\/wp\/v2\/types\/product"}],"version-history":[{"count":0,"href":"https:\/\/pracek.si\/racunalniskatrgovina\/wp-json\/wp\/v2\/product\/57677\/revisions"}],"wp:featuredmedia":[{"embeddable":true,"href":"https:\/\/pracek.si\/racunalniskatrgovina\/wp-json\/wp\/v2\/media\/46834"}],"wp:attachment":[{"href":"https:\/\/pracek.si\/racunalniskatrgovina\/wp-json\/wp\/v2\/media?parent=57677"}],"wp:term":[{"taxonomy":"product_brand","embeddable":true,"href":"https:\/\/pracek.si\/racunalniskatrgovina\/wp-json\/wp\/v2\/product_brand?post=57677"},{"taxonomy":"product_cat","embeddable":true,"href":"https:\/\/pracek.si\/racunalniskatrgovina\/wp-json\/wp\/v2\/product_cat?post=57677"},{"taxonomy":"product_tag","embeddable":true,"href":"https:\/\/pracek.si\/racunalniskatrgovina\/wp-json\/wp\/v2\/product_tag?post=57677"}],"curies":[{"name":"wp","href":"https:\/\/api.w.org\/{rel}","templated":true}]}}