{"id":57700,"date":"2025-07-31T11:05:33","date_gmt":"2025-07-31T10:05:33","guid":{"rendered":"https:\/\/pracek.si\/racunalniskatrgovina\/?post_type=product&#038;p=57700"},"modified":"2025-07-31T11:08:35","modified_gmt":"2025-07-31T10:08:35","slug":"original-dell-oem-latitude-rugged-7204-bottom-cover-k3n9v","status":"publish","type":"product","link":"https:\/\/pracek.si\/racunalniskatrgovina\/izdelek\/original-dell-oem-latitude-rugged-7204-bottom-cover-k3n9v\/","title":{"rendered":"Original Dell OEM Latitude Rugged 7204 Bottom Cover K3N9V"},"content":{"rendered":"<p>Pove\u010dajte vzdr\u017eljivost va\u0161ega Dell Latitude Rugged 7204 s tem originalnim spodnjim pokrovom OEM. Ta ovitek, ki je enostaven za namestitev in izdelan za robustno uporabo, zagotavlja za\u0161\u010dito va\u0161e naprave. Nadgradite vzdr\u017eljivost svojega prenosnika \u0161e danes!<\/p>\n","protected":false},"excerpt":{"rendered":"<p>Nadgradite vzdr\u017eljivost in za\u0161\u010dito va\u0161ega prenosnika Dell Latitude Rugged 7204 s pristnim spodnjim pokrovom OEM. Ta ovitek, izdelan posebej za robustno uporabo, nudi dodatno za\u0161\u010dito in zagotavlja dolgo \u017eivljenjsko dobo va\u0161e naprave. \u0160tevilka dela Dell: K3N9V<\/p>\n<p>Klju\u010dne lastnosti:<\/p>\n<p>&#8211; Originalna zamenjava Dell OEM: Zagotovite zdru\u017eljivost in zanesljivost s pristnim nadomestnim delom.<\/p>\n<p>&#8211; Enostavna namestitev: Brez truda nadgradite vzdr\u017eljivost svojega prenosnika s preprosto namestitvijo.<\/p>\n<p>&#8211; Robustna zasnova: zasnovana tako, da prenese te\u017eke pogoje in zagotavlja dodatno za\u0161\u010dito za va\u0161o napravo.<\/p>\n<p>&#8211; Izbolj\u0161ana vzdr\u017eljivost: Podalj\u0161ajte \u017eivljenjsko dobo svojega prenosnika s tem trpe\u017enim spodnjim pokrovom.<\/p>\n<p>Nadgradite svoj prenosni ra\u010dunalnik Dell Latitude Rugged 7204 \u0161e danes s pristnim spodnjim pokrovom OEM. Kupujte z zaupanjem, saj veste, da vlagate v kakovosten nadomestni del za svojo napravo. \u010ce imate kakr\u0161na koli vpra\u0161anja ali potrebujete pomo\u010d, ne oklevajte in nas kontaktirajte. Tukaj smo, da vam pomagamo pove\u010dati vzdr\u017eljivost va\u0161e naprave.<\/p>\n","protected":false},"featured_media":46871,"template":"","meta":[],"product_brand":[],"product_cat":[2051],"product_tag":[2052,1818],"class_list":{"0":"post-57700","1":"product","2":"type-product","3":"status-publish","4":"has-post-thumbnail","6":"product_cat-ohisje-prenosnika","7":"product_tag-dell","8":"product_tag-rezervni-deli","10":"first","11":"instock","12":"taxable","13":"shipping-taxable","14":"purchasable","15":"product-type-simple"},"_links":{"self":[{"href":"https:\/\/pracek.si\/racunalniskatrgovina\/wp-json\/wp\/v2\/product\/57700","targetHints":{"allow":["GET"]}}],"collection":[{"href":"https:\/\/pracek.si\/racunalniskatrgovina\/wp-json\/wp\/v2\/product"}],"about":[{"href":"https:\/\/pracek.si\/racunalniskatrgovina\/wp-json\/wp\/v2\/types\/product"}],"version-history":[{"count":0,"href":"https:\/\/pracek.si\/racunalniskatrgovina\/wp-json\/wp\/v2\/product\/57700\/revisions"}],"wp:featuredmedia":[{"embeddable":true,"href":"https:\/\/pracek.si\/racunalniskatrgovina\/wp-json\/wp\/v2\/media\/46871"}],"wp:attachment":[{"href":"https:\/\/pracek.si\/racunalniskatrgovina\/wp-json\/wp\/v2\/media?parent=57700"}],"wp:term":[{"taxonomy":"product_brand","embeddable":true,"href":"https:\/\/pracek.si\/racunalniskatrgovina\/wp-json\/wp\/v2\/product_brand?post=57700"},{"taxonomy":"product_cat","embeddable":true,"href":"https:\/\/pracek.si\/racunalniskatrgovina\/wp-json\/wp\/v2\/product_cat?post=57700"},{"taxonomy":"product_tag","embeddable":true,"href":"https:\/\/pracek.si\/racunalniskatrgovina\/wp-json\/wp\/v2\/product_tag?post=57700"}],"curies":[{"name":"wp","href":"https:\/\/api.w.org\/{rel}","templated":true}]}}