{"id":57723,"date":"2025-07-31T11:07:18","date_gmt":"2025-07-31T10:07:18","guid":{"rendered":"https:\/\/pracek.si\/racunalniskatrgovina\/?post_type=product&#038;p=57723"},"modified":"2026-01-27T11:03:36","modified_gmt":"2026-01-27T10:03:36","slug":"originalni-robustni-odbijaci-dell-latitude-7404-2","status":"publish","type":"product","link":"https:\/\/pracek.si\/racunalniskatrgovina\/izdelek\/originalni-robustni-odbijaci-dell-latitude-7404-2\/","title":{"rendered":"Originalni robustni odbija\u010di Dell Latitude 7404"},"content":{"rendered":"<p>Pove\u010dajte vzdr\u017eljivost va\u0161ega Dell Latitude 7404 Rugged s temi pristnimi odbija\u010di. Ti odbija\u010di, zasnovani za robustno uporabo, zagotavljajo dodatno za\u0161\u010dito va\u0161i napravi. Nadgradite vzdr\u017eljivost svojega prenosnika \u0161e danes!<\/p>\n","protected":false},"excerpt":{"rendered":"<p>Za\u0161\u010ditite svoj prenosni ra\u010dunalnik Dell Latitude 7404 Rugged s temi pristnimi odbija\u010di, zasnovanimi posebej za robustno uporabo. Ti odbija\u010di, izdelani z mislijo na vzdr\u017eljivost, zagotavljajo dodatno za\u0161\u010dito pred udarci in udarci ter zagotavljajo dolgo \u017eivljenjsko dobo va\u0161e naprave.<\/p>\n<p>Klju\u010dne lastnosti:<\/p>\n<p>&#8211; Originalna zamenjava Dell: Zagotovite zdru\u017eljivost in zanesljivost s pristnimi odbija\u010di, zasnovanimi za va\u0161 model prenosnika.<\/p>\n<p>&#8211; Robustna zasnova: izdelana tako, da prenese te\u017eka okolja in robustno uporabo ter zagotavlja najve\u010djo za\u0161\u010dito va\u0161e naprave.<\/p>\n<p>&#8211; Enostavna namestitev: Brez truda nadgradite vzdr\u017eljivost svojega prenosnika s preprosto namestitvijo teh odbija\u010dev.<\/p>\n<p>&#8211; Izbolj\u0161ana za\u0161\u010dita: Za\u0161\u010ditite svojo napravo pred udarci, udarci in praskami, s \u010dimer podalj\u0161ate njeno \u017eivljenjsko dobo in ohranite njeno funkcionalnost.<\/p>\n<p>Nadgradite svoj prenosni ra\u010dunalnik Dell Latitude 7404 Rugged danes s temi pristnimi odbija\u010di. Kupujte z zaupanjem, saj veste, da vlagate v kakovostne nadomestne dele za svojo napravo. \u010ce imate kakr\u0161na koli vpra\u0161anja ali potrebujete pomo\u010d, ne oklevajte in nas kontaktirajte. Tukaj smo, da vam pomagamo pove\u010dati vzdr\u017eljivost va\u0161ega prenosnika.<\/p>\n","protected":false},"featured_media":46907,"template":"","meta":[],"product_brand":[],"product_cat":[2051],"product_tag":[2052,1818],"class_list":{"0":"post-57723","1":"product","2":"type-product","3":"status-publish","4":"has-post-thumbnail","6":"product_cat-ohisje-prenosnika","7":"product_tag-dell","8":"product_tag-rezervni-deli","10":"first","11":"instock","12":"taxable","13":"shipping-taxable","14":"purchasable","15":"product-type-simple"},"_links":{"self":[{"href":"https:\/\/pracek.si\/racunalniskatrgovina\/wp-json\/wp\/v2\/product\/57723","targetHints":{"allow":["GET"]}}],"collection":[{"href":"https:\/\/pracek.si\/racunalniskatrgovina\/wp-json\/wp\/v2\/product"}],"about":[{"href":"https:\/\/pracek.si\/racunalniskatrgovina\/wp-json\/wp\/v2\/types\/product"}],"version-history":[{"count":0,"href":"https:\/\/pracek.si\/racunalniskatrgovina\/wp-json\/wp\/v2\/product\/57723\/revisions"}],"wp:featuredmedia":[{"embeddable":true,"href":"https:\/\/pracek.si\/racunalniskatrgovina\/wp-json\/wp\/v2\/media\/46907"}],"wp:attachment":[{"href":"https:\/\/pracek.si\/racunalniskatrgovina\/wp-json\/wp\/v2\/media?parent=57723"}],"wp:term":[{"taxonomy":"product_brand","embeddable":true,"href":"https:\/\/pracek.si\/racunalniskatrgovina\/wp-json\/wp\/v2\/product_brand?post=57723"},{"taxonomy":"product_cat","embeddable":true,"href":"https:\/\/pracek.si\/racunalniskatrgovina\/wp-json\/wp\/v2\/product_cat?post=57723"},{"taxonomy":"product_tag","embeddable":true,"href":"https:\/\/pracek.si\/racunalniskatrgovina\/wp-json\/wp\/v2\/product_tag?post=57723"}],"curies":[{"name":"wp","href":"https:\/\/api.w.org\/{rel}","templated":true}]}}