{"id":57732,"date":"2025-07-31T11:08:14","date_gmt":"2025-07-31T10:08:14","guid":{"rendered":"https:\/\/pracek.si\/racunalniskatrgovina\/?post_type=product&#038;p=57732"},"modified":"2026-01-27T11:04:07","modified_gmt":"2026-01-27T10:04:07","slug":"original-dell-latitude-14-7404-robusten-ekstremni-kotni-gumijasti-odbijac-sprednja-desna-stran","status":"publish","type":"product","link":"https:\/\/pracek.si\/racunalniskatrgovina\/izdelek\/original-dell-latitude-14-7404-robusten-ekstremni-kotni-gumijasti-odbijac-sprednja-desna-stran\/","title":{"rendered":"Original Dell Latitude 14 7404 Robusten ekstremni kotni gumijasti odbija\u010d SPREDNJA DESNA stran"},"content":{"rendered":"<p>Pove\u010dajte vzdr\u017eljivost va\u0161ega Dell Latitude 14 7404 Rugged Extreme s tem pristnim gumijastim odbija\u010dem v sprednjem desnem kotu. Zasnovan za robustno uporabo in enostavno namestitev. Za\u0161\u010ditite svojo napravo \u0161e danes!<\/p>\n","protected":false},"excerpt":{"rendered":"<p>Za\u0161\u010ditite svoj Dell Latitude 14 7404 Rugged Extreme s pristnim gumijastim odbija\u010dem v sprednjem desnem kotu. Ta avtenti\u010dni nadomestni del, izdelan za vzdr\u017eljivost in zdru\u017eljivost, zagotavlja zanesljivo delovanje in enostavno namestitev.<\/p>\n<p>Klju\u010dne lastnosti:<\/p>\n<p>&#8211; Originalna zamenjava Dell: Zagotovite zdru\u017eljivost in zanesljivost s pristnim nadomestnim delom.<\/p>\n<p>&#8211; Robustna zasnova: zasnovana tako, da vzdr\u017ei ekstremne pogoje in zagotavlja maksimalno za\u0161\u010dito va\u0161e naprave.<\/p>\n<p>&#8211; Enostavna namestitev: Brez truda nadgradite vzdr\u017eljivost va\u0161e naprave s preprosto namestitvijo.<\/p>\n<p>&#8211; Izbolj\u0161ana za\u0161\u010dita: za\u0161\u010ditite svojo napravo pred udarci in udarci s tem robustnim gumijastim odbija\u010dem.<\/p>\n<p>Nadgradite svoj Dell Latitude 14 7404 Rugged Extreme \u0161e danes s pristnim gumijastim odbija\u010dem v sprednjem desnem kotu. Kupujte z zaupanjem, saj veste, da vlagate v kakovosten nadomestni del za svojo napravo. \u010ce imate kakr\u0161na koli vpra\u0161anja ali potrebujete pomo\u010d, ne oklevajte in nas kontaktirajte. Tukaj smo, da vam pomagamo za\u0161\u010dititi va\u0161o napravo pred te\u017ekimi pogoji.<\/p>\n","protected":false},"featured_media":46912,"template":"","meta":[],"product_brand":[],"product_cat":[2051],"product_tag":[2052,1818],"class_list":{"0":"post-57732","1":"product","2":"type-product","3":"status-publish","4":"has-post-thumbnail","6":"product_cat-ohisje-prenosnika","7":"product_tag-dell","8":"product_tag-rezervni-deli","10":"first","11":"instock","12":"taxable","13":"shipping-taxable","14":"purchasable","15":"product-type-simple"},"_links":{"self":[{"href":"https:\/\/pracek.si\/racunalniskatrgovina\/wp-json\/wp\/v2\/product\/57732","targetHints":{"allow":["GET"]}}],"collection":[{"href":"https:\/\/pracek.si\/racunalniskatrgovina\/wp-json\/wp\/v2\/product"}],"about":[{"href":"https:\/\/pracek.si\/racunalniskatrgovina\/wp-json\/wp\/v2\/types\/product"}],"version-history":[{"count":0,"href":"https:\/\/pracek.si\/racunalniskatrgovina\/wp-json\/wp\/v2\/product\/57732\/revisions"}],"wp:featuredmedia":[{"embeddable":true,"href":"https:\/\/pracek.si\/racunalniskatrgovina\/wp-json\/wp\/v2\/media\/46912"}],"wp:attachment":[{"href":"https:\/\/pracek.si\/racunalniskatrgovina\/wp-json\/wp\/v2\/media?parent=57732"}],"wp:term":[{"taxonomy":"product_brand","embeddable":true,"href":"https:\/\/pracek.si\/racunalniskatrgovina\/wp-json\/wp\/v2\/product_brand?post=57732"},{"taxonomy":"product_cat","embeddable":true,"href":"https:\/\/pracek.si\/racunalniskatrgovina\/wp-json\/wp\/v2\/product_cat?post=57732"},{"taxonomy":"product_tag","embeddable":true,"href":"https:\/\/pracek.si\/racunalniskatrgovina\/wp-json\/wp\/v2\/product_tag?post=57732"}],"curies":[{"name":"wp","href":"https:\/\/api.w.org\/{rel}","templated":true}]}}