{"id":57747,"date":"2025-07-31T11:09:17","date_gmt":"2025-07-31T10:09:17","guid":{"rendered":"https:\/\/pracek.si\/racunalniskatrgovina\/?post_type=product&#038;p=57747"},"modified":"2026-01-27T11:05:06","modified_gmt":"2026-01-27T10:05:06","slug":"oem-dell-latitude-14-7404-xfr-zapon-za-zaklepanje-baterije-chb02-ytthh","status":"publish","type":"product","link":"https:\/\/pracek.si\/racunalniskatrgovina\/izdelek\/oem-dell-latitude-14-7404-xfr-zapon-za-zaklepanje-baterije-chb02-ytthh\/","title":{"rendered":"OEM Dell Latitude 14 7404 XFR ZAPON ZA ZAKLEPANJE BATERIJE CHB02 YTTHH"},"content":{"rendered":"<p>Zagotovite varno namestitev baterije za va\u0161 Dell Latitude 14 7404 XFR s tem zapahom za zaklepanje baterije OEM CHB02 YTTHH. Nadgradite zanesljivost svojega prenosnika \u0161e danes!<\/p>\n","protected":false},"excerpt":{"rendered":"<p>Izbolj\u0161ajte varnost in zanesljivost svojega prenosnika Dell Latitude 14 7404 XFR z zapahom za zaklepanje baterije OEM CHB02 YTTHH. Ta originalni nadomestni del Dell, izdelan za natan\u010dnost in vzdr\u017eljivost, zagotavlja varno namestitev baterije va\u0161ega prenosnika.<\/p>\n<p>Klju\u010dne lastnosti:<\/p>\n<p>&#8211; Zamenjava OEM Dell: Zagotovite zdru\u017eljivost in zanesljivost s pristnim nadomestnim delom OEM.<\/p>\n<p>&#8211; Varna namestitev baterije: Prepre\u010dite nenamerno premikanje ali po\u0161kodbo baterije va\u0161ega prenosnika s tem zapahom za zaklepanje.<\/p>\n<p>&#8211; Enostavna namestitev: z enostavno namestitvijo nadgradite varnost svojega prenosnika.<\/p>\n<p>&#8211; Izbolj\u0161ana zanesljivost: Bodite mirni, saj veste, da je baterija va\u0161ega prenosnika varno pritrjena.<\/p>\n<p>Nadgradite svoj prenosni ra\u010dunalnik Dell Latitude 14 7404 XFR danes z zapahom za zaklepanje baterije OEM. Kupujte z zaupanjem, saj veste, da vlagate v kakovosten nadomestni del za svojo napravo. \u010ce imate kakr\u0161na koli vpra\u0161anja ali potrebujete pomo\u010d, ne oklevajte in nas kontaktirajte. Tukaj smo, da vam pomagamo pove\u010dati varnost in zanesljivost va\u0161ega prenosnika.<\/p>\n","protected":false},"featured_media":46948,"template":"","meta":[],"product_brand":[],"product_cat":[2051],"product_tag":[2052,1818],"class_list":{"0":"post-57747","1":"product","2":"type-product","3":"status-publish","4":"has-post-thumbnail","6":"product_cat-ohisje-prenosnika","7":"product_tag-dell","8":"product_tag-rezervni-deli","10":"first","11":"instock","12":"taxable","13":"shipping-taxable","14":"purchasable","15":"product-type-simple"},"_links":{"self":[{"href":"https:\/\/pracek.si\/racunalniskatrgovina\/wp-json\/wp\/v2\/product\/57747","targetHints":{"allow":["GET"]}}],"collection":[{"href":"https:\/\/pracek.si\/racunalniskatrgovina\/wp-json\/wp\/v2\/product"}],"about":[{"href":"https:\/\/pracek.si\/racunalniskatrgovina\/wp-json\/wp\/v2\/types\/product"}],"version-history":[{"count":0,"href":"https:\/\/pracek.si\/racunalniskatrgovina\/wp-json\/wp\/v2\/product\/57747\/revisions"}],"wp:featuredmedia":[{"embeddable":true,"href":"https:\/\/pracek.si\/racunalniskatrgovina\/wp-json\/wp\/v2\/media\/46948"}],"wp:attachment":[{"href":"https:\/\/pracek.si\/racunalniskatrgovina\/wp-json\/wp\/v2\/media?parent=57747"}],"wp:term":[{"taxonomy":"product_brand","embeddable":true,"href":"https:\/\/pracek.si\/racunalniskatrgovina\/wp-json\/wp\/v2\/product_brand?post=57747"},{"taxonomy":"product_cat","embeddable":true,"href":"https:\/\/pracek.si\/racunalniskatrgovina\/wp-json\/wp\/v2\/product_cat?post=57747"},{"taxonomy":"product_tag","embeddable":true,"href":"https:\/\/pracek.si\/racunalniskatrgovina\/wp-json\/wp\/v2\/product_tag?post=57747"}],"curies":[{"name":"wp","href":"https:\/\/api.w.org\/{rel}","templated":true}]}}