{"id":57755,"date":"2025-07-31T11:10:10","date_gmt":"2025-07-31T10:10:10","guid":{"rendered":"https:\/\/pracek.si\/racunalniskatrgovina\/?post_type=product&#038;p=57755"},"modified":"2025-07-31T11:13:46","modified_gmt":"2025-07-31T10:13:46","slug":"latitude-14-7404-xfr-crn-pokrov-naslona-za-dlaniprstni-odtis-ytthh-0ytthh","status":"publish","type":"product","link":"https:\/\/pracek.si\/racunalniskatrgovina\/izdelek\/latitude-14-7404-xfr-crn-pokrov-naslona-za-dlaniprstni-odtis-ytthh-0ytthh\/","title":{"rendered":"Latitude 14 7404 XFR \u010drn pokrov naslona za dlani+prstni odtis YTTHH 0YTTHH"},"content":{"rendered":"<p>Izbolj\u0161ajte videz in varnost va\u0161ega Latitude 14 7404 XFR s tem pristnim \u010drnim pokrovom za naslon za dlani z bralnikom prstnih odtisov. Zdru\u017eljivo s \u0161tevilko dela YTTHH 0YTTHH. Nadgradite svojo napravo \u0161e danes!<\/p>\n","protected":false},"excerpt":{"rendered":"<p>Izbolj\u0161ajte videz in varnost va\u0161ega Latitude 14 7404 XFR s pristnim \u010drnim pokrovom naslona za dlani z bralnikom prstnih odtisov, \u0161tevilka dela YTTHH 0YTTHH. Ta avtenti\u010dni nadomestni del, izdelan za vzdr\u017eljivost in funkcionalnost, zagotavlja izbolj\u0161ano estetiko in napredne varnostne funkcije.<\/p>\n<p>Klju\u010dne lastnosti:<\/p>\n<p>&#8211; Originalna zamenjava Dell: Zagotovite zdru\u017eljivost in zanesljivost s pristnim nadomestnim delom.<\/p>\n<p>&#8211; Izbolj\u0161an videz: spremenite videz va\u0161ega Latitude 14 7404 XFR s tem elegantnim \u010drnim pokrovom naslona za dlani.<\/p>\n<p>&#8211; Izbolj\u0161ana varnost: za\u0161\u010ditite svojo napravo z integriranim bralnikom prstnih odtisov za izbolj\u0161ane varnostne ukrepe.<\/p>\n<p>&#8211; Enostavna namestitev: Nadgradite svojo napravo brez truda s preprosto namestitvijo.<\/p>\n<p>Nadgradite svoj Latitude 14 7404 XFR \u0161e danes s pristnim \u010drnim pokrovom naslona za dlani z bralnikom prstnih odtisov. Kupujte z zaupanjem, saj veste, da vlagate v kakovosten nadomestni del za svojo napravo. \u010ce imate kakr\u0161na koli vpra\u0161anja ali potrebujete pomo\u010d, ne oklevajte in nas kontaktirajte. Tukaj smo, da vam pomagamo izbolj\u0161ati videz in varnost va\u0161e naprave.<\/p>\n","protected":false},"featured_media":46956,"template":"","meta":[],"product_brand":[],"product_cat":[2051],"product_tag":[2052,1818],"class_list":{"0":"post-57755","1":"product","2":"type-product","3":"status-publish","4":"has-post-thumbnail","6":"product_cat-ohisje-prenosnika","7":"product_tag-dell","8":"product_tag-rezervni-deli","10":"first","11":"instock","12":"taxable","13":"shipping-taxable","14":"purchasable","15":"product-type-simple"},"_links":{"self":[{"href":"https:\/\/pracek.si\/racunalniskatrgovina\/wp-json\/wp\/v2\/product\/57755","targetHints":{"allow":["GET"]}}],"collection":[{"href":"https:\/\/pracek.si\/racunalniskatrgovina\/wp-json\/wp\/v2\/product"}],"about":[{"href":"https:\/\/pracek.si\/racunalniskatrgovina\/wp-json\/wp\/v2\/types\/product"}],"version-history":[{"count":0,"href":"https:\/\/pracek.si\/racunalniskatrgovina\/wp-json\/wp\/v2\/product\/57755\/revisions"}],"wp:featuredmedia":[{"embeddable":true,"href":"https:\/\/pracek.si\/racunalniskatrgovina\/wp-json\/wp\/v2\/media\/46956"}],"wp:attachment":[{"href":"https:\/\/pracek.si\/racunalniskatrgovina\/wp-json\/wp\/v2\/media?parent=57755"}],"wp:term":[{"taxonomy":"product_brand","embeddable":true,"href":"https:\/\/pracek.si\/racunalniskatrgovina\/wp-json\/wp\/v2\/product_brand?post=57755"},{"taxonomy":"product_cat","embeddable":true,"href":"https:\/\/pracek.si\/racunalniskatrgovina\/wp-json\/wp\/v2\/product_cat?post=57755"},{"taxonomy":"product_tag","embeddable":true,"href":"https:\/\/pracek.si\/racunalniskatrgovina\/wp-json\/wp\/v2\/product_tag?post=57755"}],"curies":[{"name":"wp","href":"https:\/\/api.w.org\/{rel}","templated":true}]}}