{"id":57756,"date":"2025-07-31T11:10:10","date_gmt":"2025-07-31T10:10:10","guid":{"rendered":"https:\/\/pracek.si\/racunalniskatrgovina\/?post_type=product&#038;p=57756"},"modified":"2025-07-31T11:13:51","modified_gmt":"2025-07-31T10:13:51","slug":"originalni-prenosnik-dell-latitude-14-7404-rugged-extreme-a-frame-0mj28k","status":"publish","type":"product","link":"https:\/\/pracek.si\/racunalniskatrgovina\/izdelek\/originalni-prenosnik-dell-latitude-14-7404-rugged-extreme-a-frame-0mj28k\/","title":{"rendered":"Originalni prenosnik DELL Latitude 14 7404 Rugged Extreme A Frame 0MJ28K"},"content":{"rendered":"<p>Pove\u010dajte vzdr\u017eljivost va\u0161ega DELL Latitude 14 7404 Rugged Extreme s tem pristnim okvirjem A. Ta avtenti\u010dni nadomestni del, izdelan za robustno uporabo, zagotavlja zanesljivo delovanje in enostavno namestitev. Nadgradite vzdr\u017eljivost svoje naprave \u0161e danes!<\/p>\n","protected":false},"excerpt":{"rendered":"<p>Nadgradite vzdr\u017eljivost svojega prenosnika DELL Latitude 14 7404 Rugged Extreme z originalnim nadomestnim delom A Frame. Ta pristen nadomestek, izdelan za robustno uporabo in zasnovan posebej za va\u0161o napravo, zagotavlja zanesljivo delovanje in enostavno namestitev.<\/p>\n<p>Klju\u010dne lastnosti:<\/p>\n<p>&#8211; Originalna zamenjava DELL: Zagotovite zdru\u017eljivost in zanesljivost s pristnim nadomestnim delom.<\/p>\n<p>&#8211; Robustna konstrukcija: izdelana tako, da prenese ekstremne pogoje, kar zagotavlja vzdr\u017eljivost in dolgo \u017eivljenjsko dobo.<\/p>\n<p>&#8211; Enostavna namestitev: Brez truda nadgradite vzdr\u017eljivost va\u0161e naprave s preprosto namestitvijo.<\/p>\n<p>&#8211; Izbolj\u0161ana vzdr\u017eljivost: pove\u010dajte odpornost va\u0161ega prenosnika na ekstremna okolja in uporabo.<\/p>\n<p>Nadgradite svoj prenosni ra\u010dunalnik DELL Latitude 14 7404 Rugged Extreme danes s pristnim okvirjem A Frame. Kupujte z zaupanjem, saj veste, da vlagate v kakovosten nadomestni del za svojo napravo. \u010ce imate kakr\u0161na koli vpra\u0161anja ali potrebujete pomo\u010d, ne oklevajte in nas kontaktirajte. Tukaj smo, da vam pomagamo pove\u010dati vzdr\u017eljivost va\u0161e naprave.<\/p>\n","protected":false},"featured_media":46959,"template":"","meta":[],"product_brand":[],"product_cat":[2051],"product_tag":[2052,1818],"class_list":{"0":"post-57756","1":"product","2":"type-product","3":"status-publish","4":"has-post-thumbnail","6":"product_cat-ohisje-prenosnika","7":"product_tag-dell","8":"product_tag-rezervni-deli","10":"first","11":"instock","12":"taxable","13":"shipping-taxable","14":"purchasable","15":"product-type-simple"},"_links":{"self":[{"href":"https:\/\/pracek.si\/racunalniskatrgovina\/wp-json\/wp\/v2\/product\/57756","targetHints":{"allow":["GET"]}}],"collection":[{"href":"https:\/\/pracek.si\/racunalniskatrgovina\/wp-json\/wp\/v2\/product"}],"about":[{"href":"https:\/\/pracek.si\/racunalniskatrgovina\/wp-json\/wp\/v2\/types\/product"}],"version-history":[{"count":0,"href":"https:\/\/pracek.si\/racunalniskatrgovina\/wp-json\/wp\/v2\/product\/57756\/revisions"}],"wp:featuredmedia":[{"embeddable":true,"href":"https:\/\/pracek.si\/racunalniskatrgovina\/wp-json\/wp\/v2\/media\/46959"}],"wp:attachment":[{"href":"https:\/\/pracek.si\/racunalniskatrgovina\/wp-json\/wp\/v2\/media?parent=57756"}],"wp:term":[{"taxonomy":"product_brand","embeddable":true,"href":"https:\/\/pracek.si\/racunalniskatrgovina\/wp-json\/wp\/v2\/product_brand?post=57756"},{"taxonomy":"product_cat","embeddable":true,"href":"https:\/\/pracek.si\/racunalniskatrgovina\/wp-json\/wp\/v2\/product_cat?post=57756"},{"taxonomy":"product_tag","embeddable":true,"href":"https:\/\/pracek.si\/racunalniskatrgovina\/wp-json\/wp\/v2\/product_tag?post=57756"}],"curies":[{"name":"wp","href":"https:\/\/api.w.org\/{rel}","templated":true}]}}