{"id":57784,"date":"2025-07-31T11:12:44","date_gmt":"2025-07-31T10:12:44","guid":{"rendered":"https:\/\/pracek.si\/racunalniskatrgovina\/?post_type=product&#038;p=57784"},"modified":"2026-01-27T11:11:24","modified_gmt":"2026-01-27T10:11:24","slug":"original-lenovo-thinkpad-t420s-hdd-caddy-42-4kf10-002-b02","status":"publish","type":"product","link":"https:\/\/pracek.si\/racunalniskatrgovina\/izdelek\/original-lenovo-thinkpad-t420s-hdd-caddy-42-4kf10-002-b02\/","title":{"rendered":"Original Lenovo ThinkPad T420S HDD Caddy 42.4KF10.002 B02"},"content":{"rendered":"<p>Nadgradite shrambo va\u0161ega Lenovo ThinkPad T420S s tem pristnim HDD Caddyjem. Enostaven za namestitev in zdru\u017eljiv s \u0161tevilko dela 42.4KF10.002 B02. Pove\u010dajte kapaciteto pomnilnika va\u0161e naprave \u0161e danes!<\/p>\n","protected":false},"excerpt":{"rendered":"<p>Pove\u010dajte zmogljivost shranjevanja va\u0161ega prenosnega ra\u010dunalnika Lenovo ThinkPad T420S z originalnim trdim diskom Caddy, \u0161tevilka dela 42.4KF10.002 B02. Ta avtenti\u010dni nadomestni del, izdelan za vzdr\u017eljivost in zdru\u017eljivost, zagotavlja zanesljivo delovanje in enostavno namestitev.<\/p>\n<p>Klju\u010dne lastnosti:<\/p>\n<p>&#8211; Originalna zamenjava Lenovo: Zagotovite zdru\u017eljivost in zanesljivost s pristnim nadomestnim delom.<\/p>\n<p>&#8211; Enostavna namestitev: s preprosto namestitvijo nadgradite prostor za shranjevanje naprave brez te\u017eav.<\/p>\n<p>&#8211; Izbolj\u0161ana zmogljivost shranjevanja: pove\u010dajte zmogljivost shranjevanja prenosnika za izbolj\u0161ano funkcionalnost.<\/p>\n<p>&#8211; Vzdr\u017eljiva konstrukcija: izdelana tako, da prenese robustno uporabo, kar zagotavlja dolgo \u017eivljenjsko dobo in zanesljivost.<\/p>\n<p>Nadgradite svoj prenosnik Lenovo ThinkPad T420S \u0161e danes s pristnim HDD Caddyjem. Kupujte z zaupanjem, saj veste, da vlagate v kakovosten nadomestni del za svojo napravo. \u010ce imate kakr\u0161na koli vpra\u0161anja ali potrebujete pomo\u010d, ne oklevajte in nas kontaktirajte. Tukaj smo, da vam pomagamo izbolj\u0161ati funkcionalnost va\u0161e naprave.<\/p>\n","protected":false},"featured_media":47012,"template":"","meta":[],"product_brand":[],"product_cat":[2051],"product_tag":[2061,1818],"class_list":{"0":"post-57784","1":"product","2":"type-product","3":"status-publish","4":"has-post-thumbnail","6":"product_cat-ohisje-prenosnika","7":"product_tag-lenovo","8":"product_tag-rezervni-deli","10":"first","11":"instock","12":"taxable","13":"shipping-taxable","14":"purchasable","15":"product-type-simple"},"_links":{"self":[{"href":"https:\/\/pracek.si\/racunalniskatrgovina\/wp-json\/wp\/v2\/product\/57784","targetHints":{"allow":["GET"]}}],"collection":[{"href":"https:\/\/pracek.si\/racunalniskatrgovina\/wp-json\/wp\/v2\/product"}],"about":[{"href":"https:\/\/pracek.si\/racunalniskatrgovina\/wp-json\/wp\/v2\/types\/product"}],"version-history":[{"count":0,"href":"https:\/\/pracek.si\/racunalniskatrgovina\/wp-json\/wp\/v2\/product\/57784\/revisions"}],"wp:featuredmedia":[{"embeddable":true,"href":"https:\/\/pracek.si\/racunalniskatrgovina\/wp-json\/wp\/v2\/media\/47012"}],"wp:attachment":[{"href":"https:\/\/pracek.si\/racunalniskatrgovina\/wp-json\/wp\/v2\/media?parent=57784"}],"wp:term":[{"taxonomy":"product_brand","embeddable":true,"href":"https:\/\/pracek.si\/racunalniskatrgovina\/wp-json\/wp\/v2\/product_brand?post=57784"},{"taxonomy":"product_cat","embeddable":true,"href":"https:\/\/pracek.si\/racunalniskatrgovina\/wp-json\/wp\/v2\/product_cat?post=57784"},{"taxonomy":"product_tag","embeddable":true,"href":"https:\/\/pracek.si\/racunalniskatrgovina\/wp-json\/wp\/v2\/product_tag?post=57784"}],"curies":[{"name":"wp","href":"https:\/\/api.w.org\/{rel}","templated":true}]}}