{"id":57786,"date":"2025-07-31T11:12:44","date_gmt":"2025-07-31T10:12:44","guid":{"rendered":"https:\/\/pracek.si\/racunalniskatrgovina\/?post_type=product&#038;p=57786"},"modified":"2026-01-27T11:11:53","modified_gmt":"2026-01-27T10:11:53","slug":"originalni-lenovo-thinkpad-t430s-hdd-trdi-disk-prikljucna-plosca-pn-04w3996","status":"publish","type":"product","link":"https:\/\/pracek.si\/racunalniskatrgovina\/izdelek\/originalni-lenovo-thinkpad-t430s-hdd-trdi-disk-prikljucna-plosca-pn-04w3996\/","title":{"rendered":"Originalni LENOVO THINKPAD T430S HDD trdi disk priklju\u010dna plo\u0161\u010da PN 04W3996"},"content":{"rendered":"<p>Nadgradite svoj Lenovo ThinkPad T430S s to pristno priklju\u010dno plo\u0161\u010do za trdi disk HDD. Enostaven za namestitev in zdru\u017eljiv s \u0161tevilko dela 04W3996. Izbolj\u0161ajte pomnilni\u0161ke zmogljivosti svojega prenosnika \u0161e danes!<\/p>\n","protected":false},"excerpt":{"rendered":"<p>Izbolj\u0161ajte zmogljivosti shranjevanja va\u0161ega prenosnika Lenovo ThinkPad T430S z originalno priklju\u010dno plo\u0161\u010do za trdi disk HDD, \u0161tevilka dela 04W3996. Ta avtenti\u010dni nadomestni del, izdelan za zdru\u017eljivost in zanesljivost, zagotavlja zanesljivo delovanje in enostavno namestitev.<\/p>\n<p>Klju\u010dne lastnosti:<\/p>\n<p>&#8211; Originalna zamenjava Lenovo: Zagotovite zdru\u017eljivost in zanesljivost s pristnim nadomestnim delom.<\/p>\n<p>&#8211; Enostavna namestitev: s preprosto namestitvijo nadgradite prostor za shranjevanje naprave brez te\u017eav.<\/p>\n<p>&#8211; Izbolj\u0161ane zmogljivosti shranjevanja: pove\u010dajte zmogljivost shranjevanja prenosnika za izbolj\u0161ano funkcionalnost.<\/p>\n<p>&#8211; Vzdr\u017eljiva konstrukcija: izdelana tako, da prenese uporabo, kar zagotavlja dolgo \u017eivljenjsko dobo in zanesljivost.<\/p>\n<p>Nadgradite svoj prenosni ra\u010dunalnik Lenovo ThinkPad T430S \u0161e danes z originalno priklju\u010dno plo\u0161\u010do za trdi disk HDD. Kupujte z zaupanjem, saj veste, da vlagate v kakovosten nadomestni del za svojo napravo. \u010ce imate kakr\u0161na koli vpra\u0161anja ali potrebujete pomo\u010d, ne oklevajte in nas kontaktirajte. Tukaj smo, da vam pomagamo izbolj\u0161ati funkcionalnost va\u0161ega prenosnika.<\/p>\n","protected":false},"featured_media":47017,"template":"","meta":[],"product_brand":[],"product_cat":[2062],"product_tag":[2061,1818],"class_list":{"0":"post-57786","1":"product","2":"type-product","3":"status-publish","4":"has-post-thumbnail","6":"product_cat-maticne-plosce-in-deli-plosc","7":"product_tag-lenovo","8":"product_tag-rezervni-deli","10":"first","11":"instock","12":"taxable","13":"shipping-taxable","14":"purchasable","15":"product-type-simple"},"_links":{"self":[{"href":"https:\/\/pracek.si\/racunalniskatrgovina\/wp-json\/wp\/v2\/product\/57786","targetHints":{"allow":["GET"]}}],"collection":[{"href":"https:\/\/pracek.si\/racunalniskatrgovina\/wp-json\/wp\/v2\/product"}],"about":[{"href":"https:\/\/pracek.si\/racunalniskatrgovina\/wp-json\/wp\/v2\/types\/product"}],"version-history":[{"count":0,"href":"https:\/\/pracek.si\/racunalniskatrgovina\/wp-json\/wp\/v2\/product\/57786\/revisions"}],"wp:featuredmedia":[{"embeddable":true,"href":"https:\/\/pracek.si\/racunalniskatrgovina\/wp-json\/wp\/v2\/media\/47017"}],"wp:attachment":[{"href":"https:\/\/pracek.si\/racunalniskatrgovina\/wp-json\/wp\/v2\/media?parent=57786"}],"wp:term":[{"taxonomy":"product_brand","embeddable":true,"href":"https:\/\/pracek.si\/racunalniskatrgovina\/wp-json\/wp\/v2\/product_brand?post=57786"},{"taxonomy":"product_cat","embeddable":true,"href":"https:\/\/pracek.si\/racunalniskatrgovina\/wp-json\/wp\/v2\/product_cat?post=57786"},{"taxonomy":"product_tag","embeddable":true,"href":"https:\/\/pracek.si\/racunalniskatrgovina\/wp-json\/wp\/v2\/product_tag?post=57786"}],"curies":[{"name":"wp","href":"https:\/\/api.w.org\/{rel}","templated":true}]}}