{"id":57797,"date":"2025-07-31T11:13:40","date_gmt":"2025-07-31T10:13:40","guid":{"rendered":"https:\/\/pracek.si\/racunalniskatrgovina\/?post_type=product&#038;p=57797"},"modified":"2026-01-27T11:12:39","modified_gmt":"2026-01-27T10:12:39","slug":"original-lenovo-thinkpad-t530-t530i-wwan-mobilna-sirokopasovna-kartica-04w3786","status":"publish","type":"product","link":"https:\/\/pracek.si\/racunalniskatrgovina\/izdelek\/original-lenovo-thinkpad-t530-t530i-wwan-mobilna-sirokopasovna-kartica-04w3786\/","title":{"rendered":"Original Lenovo Thinkpad T530 T530i WWAN mobilna \u0161irokopasovna kartica 04W3786"},"content":{"rendered":"<p>Izbolj\u0161ajte povezljivost va\u0161ega Lenovo Thinkpad T530 T530i s to pristno kartico mobilne \u0161irokopasovne kartice WWAN. Enostaven za namestitev in zdru\u017eljiv s \u0161tevilko dela 04W3786. Nadgradite zmogljivosti mobilne \u0161irokopasovne povezave svoje naprave \u0161e danes!<\/p>\n","protected":false},"excerpt":{"rendered":"<p>Izbolj\u0161ajte povezljivost va\u0161ega prenosnega ra\u010dunalnika Lenovo Thinkpad T530 T530i z originalno mobilno \u0161irokopasovno kartico WWAN, \u0161tevilka dela 04W3786. Ta avtenti\u010dni nadomestni del, zasnovan za brezhibno zdru\u017eljivost in zanesljivo delovanje, zagotavlja enostavno namestitev in izbolj\u0161ane zmogljivosti mobilne \u0161irokopasovne povezave.<\/p>\n<p>Klju\u010dne lastnosti:<\/p>\n<p>&#8211; Originalna zamenjava Lenovo: Zagotovite zdru\u017eljivost in zanesljivost s pristnim nadomestnim delom.<\/p>\n<p>&#8211; Enostavna namestitev: enostavno nadgradite povezljivost va\u0161e naprave s preprosto namestitvijo.<\/p>\n<p>&#8211; Izbolj\u0161ane mobilne \u0161irokopasovne zmogljivosti: Izbolj\u0161ajte mobilne \u0161irokopasovne zmogljivosti svojega prenosnika za ve\u010djo produktivnost na poti.<\/p>\n<p>&#8211; Vzdr\u017eljiva konstrukcija: izdelana za dolgo \u017eivljenjsko dobo in zanesljivost.<\/p>\n<p>Nadgradite svoj prenosni ra\u010dunalnik Lenovo Thinkpad T530 T530i \u0161e danes s pristno mobilno \u0161irokopasovno kartico WWAN. Kupujte z zaupanjem, saj veste, da vlagate v kakovosten nadomestni del za svojo napravo. \u010ce imate kakr\u0161na koli vpra\u0161anja ali potrebujete pomo\u010d, ne oklevajte in nas kontaktirajte. Tukaj smo, da vam pomagamo izbolj\u0161ati povezljivost va\u0161e naprave.<\/p>\n","protected":false},"featured_media":47028,"template":"","meta":[],"product_brand":[],"product_cat":[2062],"product_tag":[1818],"class_list":{"0":"post-57797","1":"product","2":"type-product","3":"status-publish","4":"has-post-thumbnail","6":"product_cat-maticne-plosce-in-deli-plosc","7":"product_tag-rezervni-deli","9":"first","10":"instock","11":"taxable","12":"shipping-taxable","13":"purchasable","14":"product-type-simple"},"_links":{"self":[{"href":"https:\/\/pracek.si\/racunalniskatrgovina\/wp-json\/wp\/v2\/product\/57797","targetHints":{"allow":["GET"]}}],"collection":[{"href":"https:\/\/pracek.si\/racunalniskatrgovina\/wp-json\/wp\/v2\/product"}],"about":[{"href":"https:\/\/pracek.si\/racunalniskatrgovina\/wp-json\/wp\/v2\/types\/product"}],"version-history":[{"count":0,"href":"https:\/\/pracek.si\/racunalniskatrgovina\/wp-json\/wp\/v2\/product\/57797\/revisions"}],"wp:featuredmedia":[{"embeddable":true,"href":"https:\/\/pracek.si\/racunalniskatrgovina\/wp-json\/wp\/v2\/media\/47028"}],"wp:attachment":[{"href":"https:\/\/pracek.si\/racunalniskatrgovina\/wp-json\/wp\/v2\/media?parent=57797"}],"wp:term":[{"taxonomy":"product_brand","embeddable":true,"href":"https:\/\/pracek.si\/racunalniskatrgovina\/wp-json\/wp\/v2\/product_brand?post=57797"},{"taxonomy":"product_cat","embeddable":true,"href":"https:\/\/pracek.si\/racunalniskatrgovina\/wp-json\/wp\/v2\/product_cat?post=57797"},{"taxonomy":"product_tag","embeddable":true,"href":"https:\/\/pracek.si\/racunalniskatrgovina\/wp-json\/wp\/v2\/product_tag?post=57797"}],"curies":[{"name":"wp","href":"https:\/\/api.w.org\/{rel}","templated":true}]}}