{"id":57806,"date":"2025-07-31T11:14:35","date_gmt":"2025-07-31T10:14:35","guid":{"rendered":"https:\/\/pracek.si\/racunalniskatrgovina\/?post_type=product&#038;p=57806"},"modified":"2025-07-31T11:17:44","modified_gmt":"2025-07-31T10:17:44","slug":"lenovo-t420-t430-t510-t520-t530-w510-w520-w530-super-multi-dvd-rewriter-notranji-sata-95-mm-zapisovalnik","status":"publish","type":"product","link":"https:\/\/pracek.si\/racunalniskatrgovina\/izdelek\/lenovo-t420-t430-t510-t520-t530-w510-w520-w530-super-multi-dvd-rewriter-notranji-sata-95-mm-zapisovalnik\/","title":{"rendered":"Lenovo T420 T430 T510 T520 T530 W510 W520 W530 Super Multi DVD Rewriter notranji SATA 9,5 mm zapisovalnik"},"content":{"rendered":"<p>Nadgradite svojo napravo z Lenovo GU70N Super Multi DVD Rewriter. Ta notranji zapisovalnik DVD-jev SATA z vi\u0161ino 9,5 mm je zasnovan za zanesljivo delovanje in zdru\u017eljivost. Popoln za zapisovanje DVD-jev in dostop do opti\u010dnih medijev. Nadgradite zmogljivosti svoje naprave \u0161e danes!<\/p>\n","protected":false},"excerpt":{"rendered":"<p>Izbolj\u0161ajte funkcionalnost svoje naprave z Lenovo GU70N Super Multi DVD Rewriter. Ta notranji zapisovalnik DVD-jev SATA ima vi\u0161ino 9,5 mm, zaradi \u010desar je primeren za razli\u010dne naprave. Ne glede na to, ali zapisujete DVD-je ali dostopate do opti\u010dnih medijev, ta zapisovalnik DVD-jev zagotavlja zanesljivo delovanje. Plasti\u010dni pokrov \/ okvir je zdru\u017eljiv s temi prenosniki: \u00a0T420 T430 T510 T520\u00a0<em>T530<\/em> W510 W520 W530.<\/p>\n<p>Klju\u010dne lastnosti:<\/p>\n<p>&#8211; Notranja povezava SATA: zdru\u017eljiva s \u0161tevilnimi napravami za brezhibno integracijo.<\/p>\n<p>&#8211; 9,5 mm vi\u0161ina: zasnovan tako, da se prilega standardnim le\u017ei\u0161\u010dem za pogone, kar zagotavlja zdru\u017eljivost z ve\u010dino naprav.<\/p>\n<p>&#8211; Super Multi DVD Rewriter: U\u017eivajte v prilagodljivosti zapisovanja DVD-jev in preprostega dostopanja do opti\u010dnih medijev.<\/p>\n<p>&#8211; Zanesljivo delovanje: Izdelan za vzdr\u017eljivost in zanesljivost, ki zagotavlja dosledno delovanje za va\u0161e potrebe.<\/p>\n<p>Nadgradite svojo napravo \u0161e danes z Lenovo GU70N Super Multi DVD Rewriter. Kupujte z zaupanjem, saj veste, da vlagate v kakovosten notranji zapisovalnik DVD-jev za svojo napravo. \u010ce imate kakr\u0161na koli vpra\u0161anja ali potrebujete pomo\u010d, ne oklevajte in nas kontaktirajte. Tukaj smo, da vam pomagamo izbolj\u0161ati zmogljivosti va\u0161e naprave.<\/p>\n","protected":false},"featured_media":47049,"template":"","meta":[],"product_brand":[],"product_cat":[2062],"product_tag":[2061,1818],"class_list":{"0":"post-57806","1":"product","2":"type-product","3":"status-publish","4":"has-post-thumbnail","6":"product_cat-maticne-plosce-in-deli-plosc","7":"product_tag-lenovo","8":"product_tag-rezervni-deli","10":"first","11":"instock","12":"taxable","13":"shipping-taxable","14":"purchasable","15":"product-type-simple"},"_links":{"self":[{"href":"https:\/\/pracek.si\/racunalniskatrgovina\/wp-json\/wp\/v2\/product\/57806","targetHints":{"allow":["GET"]}}],"collection":[{"href":"https:\/\/pracek.si\/racunalniskatrgovina\/wp-json\/wp\/v2\/product"}],"about":[{"href":"https:\/\/pracek.si\/racunalniskatrgovina\/wp-json\/wp\/v2\/types\/product"}],"version-history":[{"count":0,"href":"https:\/\/pracek.si\/racunalniskatrgovina\/wp-json\/wp\/v2\/product\/57806\/revisions"}],"wp:featuredmedia":[{"embeddable":true,"href":"https:\/\/pracek.si\/racunalniskatrgovina\/wp-json\/wp\/v2\/media\/47049"}],"wp:attachment":[{"href":"https:\/\/pracek.si\/racunalniskatrgovina\/wp-json\/wp\/v2\/media?parent=57806"}],"wp:term":[{"taxonomy":"product_brand","embeddable":true,"href":"https:\/\/pracek.si\/racunalniskatrgovina\/wp-json\/wp\/v2\/product_brand?post=57806"},{"taxonomy":"product_cat","embeddable":true,"href":"https:\/\/pracek.si\/racunalniskatrgovina\/wp-json\/wp\/v2\/product_cat?post=57806"},{"taxonomy":"product_tag","embeddable":true,"href":"https:\/\/pracek.si\/racunalniskatrgovina\/wp-json\/wp\/v2\/product_tag?post=57806"}],"curies":[{"name":"wp","href":"https:\/\/api.w.org\/{rel}","templated":true}]}}