{"id":57843,"date":"2025-07-31T11:17:36","date_gmt":"2025-07-31T10:17:36","guid":{"rendered":"https:\/\/pracek.si\/racunalniskatrgovina\/?post_type=product&#038;p=57843"},"modified":"2025-07-31T11:20:41","modified_gmt":"2025-07-31T10:20:41","slug":"0y4wd7-originalni-dell-latitude-7470-naslon-za-dlani-na-dotik-nie05-y4wd7","status":"publish","type":"product","link":"https:\/\/pracek.si\/racunalniskatrgovina\/izdelek\/0y4wd7-originalni-dell-latitude-7470-naslon-za-dlani-na-dotik-nie05-y4wd7\/","title":{"rendered":"0Y4WD7 ORIGINALNI DELL LATITUDE 7470 NASLON ZA DLANI NA DOTIK -NIE05- Y4WD7"},"content":{"rendered":"<p>Nadgradite sledilno plo\u0161\u010dico va\u0161ega Dell Latitude 7470 s to originalno sledilno plo\u0161\u010dico z naslonom za dlani. Enostaven za namestitev in zdru\u017eljiv s \u0161tevilko dela -NIE05- Y4WD7. Izbolj\u0161ajte uporabnost svojega prenosnika \u0161e danes!<\/p>\n","protected":false},"excerpt":{"rendered":"<p>Izbolj\u0161ajte uporabnost svojega prenosnika Dell Latitude 7470 z originalno sledilno plo\u0161\u010dico za naslon za dlani, \u0161tevilka dela -NIE05- Y4WD7. Ta pristni nadomestni del, izdelan za vzdr\u017eljivost in zdru\u017eljivost, zagotavlja natan\u010dno delovanje sledilne plo\u0161\u010dice in enostavno namestitev.<\/p>\n<p>Klju\u010dne lastnosti:<\/p>\n<p>&#8211; Originalna zamenjava Dell: Zagotovite zdru\u017eljivost in zanesljivost s pristnim nadomestnim delom.<\/p>\n<p>&#8211; Enostavna namestitev: Nadgradite svojo sledilno plo\u0161\u010dico brez truda s preprosto namestitvijo.<\/p>\n<p>&#8211; Izbolj\u0161ana uporabnost: izbolj\u0161ajte uporabnost svojega prenosnika z natan\u010dno zamenjavo sledilne plo\u0161\u010dice.<\/p>\n<p>&#8211; Vzdr\u017eljiva konstrukcija: izdelana tako, da prenese vsakodnevno uporabo, kar zagotavlja dolgo \u017eivljenjsko dobo in zanesljivost.<\/p>\n<p>Nadgradite svoj prenosni ra\u010dunalnik Dell Latitude 7470 \u0161e danes s pristno sledilno plo\u0161\u010dico za naslon za dlani. Kupujte z zaupanjem, saj veste, da vlagate v kakovosten nadomestni del za svojo napravo. \u010ce imate kakr\u0161na koli vpra\u0161anja ali potrebujete pomo\u010d, ne oklevajte in nas kontaktirajte. Tukaj smo, da vam pomagamo izbolj\u0161ati funkcionalnost va\u0161e naprave.<\/p>\n","protected":false},"featured_media":47113,"template":"","meta":[],"product_brand":[],"product_cat":[2051],"product_tag":[2052,1818],"class_list":{"0":"post-57843","1":"product","2":"type-product","3":"status-publish","4":"has-post-thumbnail","6":"product_cat-ohisje-prenosnika","7":"product_tag-dell","8":"product_tag-rezervni-deli","10":"first","11":"instock","12":"taxable","13":"shipping-taxable","14":"purchasable","15":"product-type-simple"},"_links":{"self":[{"href":"https:\/\/pracek.si\/racunalniskatrgovina\/wp-json\/wp\/v2\/product\/57843","targetHints":{"allow":["GET"]}}],"collection":[{"href":"https:\/\/pracek.si\/racunalniskatrgovina\/wp-json\/wp\/v2\/product"}],"about":[{"href":"https:\/\/pracek.si\/racunalniskatrgovina\/wp-json\/wp\/v2\/types\/product"}],"version-history":[{"count":0,"href":"https:\/\/pracek.si\/racunalniskatrgovina\/wp-json\/wp\/v2\/product\/57843\/revisions"}],"wp:featuredmedia":[{"embeddable":true,"href":"https:\/\/pracek.si\/racunalniskatrgovina\/wp-json\/wp\/v2\/media\/47113"}],"wp:attachment":[{"href":"https:\/\/pracek.si\/racunalniskatrgovina\/wp-json\/wp\/v2\/media?parent=57843"}],"wp:term":[{"taxonomy":"product_brand","embeddable":true,"href":"https:\/\/pracek.si\/racunalniskatrgovina\/wp-json\/wp\/v2\/product_brand?post=57843"},{"taxonomy":"product_cat","embeddable":true,"href":"https:\/\/pracek.si\/racunalniskatrgovina\/wp-json\/wp\/v2\/product_cat?post=57843"},{"taxonomy":"product_tag","embeddable":true,"href":"https:\/\/pracek.si\/racunalniskatrgovina\/wp-json\/wp\/v2\/product_tag?post=57843"}],"curies":[{"name":"wp","href":"https:\/\/api.w.org\/{rel}","templated":true}]}}