{"id":57868,"date":"2025-07-31T11:19:31","date_gmt":"2025-07-31T10:19:31","guid":{"rendered":"https:\/\/pracek.si\/racunalniskatrgovina\/?post_type=product&#038;p=57868"},"modified":"2026-01-27T11:26:57","modified_gmt":"2026-01-27T10:26:57","slug":"lcd-okvir-za-lenovo-ibm-thinkpad-x220-x220i-fru-04w2186-04w1404-04w0605-stevilka-dela-60-4kh09-006","status":"publish","type":"product","link":"https:\/\/pracek.si\/racunalniskatrgovina\/izdelek\/lcd-okvir-za-lenovo-ibm-thinkpad-x220-x220i-fru-04w2186-04w1404-04w0605-stevilka-dela-60-4kh09-006\/","title":{"rendered":"LCD okvir za Lenovo IBM Thinkpad X220 X220i ; FRU: 04W2186, 04W1404, 04W0605; \u0160tevilka dela: 60.4KH09.006"},"content":{"rendered":"<p>Izbolj\u0161ajte videz va\u0161ega Lenovo IBM Thinkpad X220 X220i s tem ohi\u0161jem LCD Bezel Case. Zdru\u017eljivo s \u0161tevilkami FRU 04W2186, 04W1404, 04W0605 in \u0161tevilko dela 60.4KH09.006. Nadgradite estetiko svojega prenosnika \u0161e danes!<\/p>\n","protected":false},"excerpt":{"rendered":"<p>Izbolj\u0161ajte videz svojega prenosnika Lenovo IBM Thinkpad X220 X220i z ohi\u0161jem LCD Bezel Case, ki je zdru\u017eljivo s \u0161tevilkami FRU 04W2186, 04W1404, 04W0605 in \u0161tevilko dela 60.4KH09.006. Ta avtenti\u010dni nadomestni del, izdelan z mislijo na natan\u010dnost in vzdr\u017eljivost, zagotavlja brezhibno prileganje in izbolj\u0161ano estetiko va\u0161e naprave.<\/p>\n<p>Klju\u010dne lastnosti:<\/p>\n<p>&#8211; Originalna zamenjava Lenovo IBM: Zagotovite zdru\u017eljivost in zanesljivost s pristnim nadomestnim delom.<\/p>\n<p>&#8211; Enostavna namestitev: nadgradite videz svojega prenosnika brez truda s preprosto namestitvijo.<\/p>\n<p>&#8211; Izbolj\u0161ana estetika: spremenite videz va\u0161ega Lenovo IBM Thinkpad X220 X220i s tem elegantnim ohi\u0161jem z okvirjem LCD.<\/p>\n<p>&#8211; Zdru\u017eljivost: zasnovan tako, da se popolnoma prilega va\u0161i napravi in zagotavlja popolno prileganje.<\/p>\n<p>Nadgradite svoj prenosnik \u0161e danes s pristnim ohi\u0161jem LCD z okvirjem. Kupujte z zaupanjem, saj veste, da vlagate v kakovosten nadomestni del za svojo napravo. \u010ce imate kakr\u0161na koli vpra\u0161anja ali potrebujete pomo\u010d, ne oklevajte in nas kontaktirajte. Tukaj smo, da vam pomagamo izbolj\u0161ati estetiko va\u0161ega prenosnika.<\/p>\n","protected":false},"featured_media":47150,"template":"","meta":[],"product_brand":[],"product_cat":[2051],"product_tag":[2061,1818],"class_list":{"0":"post-57868","1":"product","2":"type-product","3":"status-publish","4":"has-post-thumbnail","6":"product_cat-ohisje-prenosnika","7":"product_tag-lenovo","8":"product_tag-rezervni-deli","10":"first","11":"instock","12":"taxable","13":"shipping-taxable","14":"purchasable","15":"product-type-simple"},"_links":{"self":[{"href":"https:\/\/pracek.si\/racunalniskatrgovina\/wp-json\/wp\/v2\/product\/57868","targetHints":{"allow":["GET"]}}],"collection":[{"href":"https:\/\/pracek.si\/racunalniskatrgovina\/wp-json\/wp\/v2\/product"}],"about":[{"href":"https:\/\/pracek.si\/racunalniskatrgovina\/wp-json\/wp\/v2\/types\/product"}],"version-history":[{"count":0,"href":"https:\/\/pracek.si\/racunalniskatrgovina\/wp-json\/wp\/v2\/product\/57868\/revisions"}],"wp:featuredmedia":[{"embeddable":true,"href":"https:\/\/pracek.si\/racunalniskatrgovina\/wp-json\/wp\/v2\/media\/47150"}],"wp:attachment":[{"href":"https:\/\/pracek.si\/racunalniskatrgovina\/wp-json\/wp\/v2\/media?parent=57868"}],"wp:term":[{"taxonomy":"product_brand","embeddable":true,"href":"https:\/\/pracek.si\/racunalniskatrgovina\/wp-json\/wp\/v2\/product_brand?post=57868"},{"taxonomy":"product_cat","embeddable":true,"href":"https:\/\/pracek.si\/racunalniskatrgovina\/wp-json\/wp\/v2\/product_cat?post=57868"},{"taxonomy":"product_tag","embeddable":true,"href":"https:\/\/pracek.si\/racunalniskatrgovina\/wp-json\/wp\/v2\/product_tag?post=57868"}],"curies":[{"name":"wp","href":"https:\/\/api.w.org\/{rel}","templated":true}]}}