{"id":57871,"date":"2025-07-31T11:19:32","date_gmt":"2025-07-31T10:19:32","guid":{"rendered":"https:\/\/pracek.si\/racunalniskatrgovina\/?post_type=product&#038;p=57871"},"modified":"2026-01-27T11:27:26","modified_gmt":"2026-01-27T10:27:26","slug":"originalni-lenovo-thinkpad-x220-x220i-x230-x230i-x220t-x230t-spodnji-pokrov-ram-a-pn04w6948","status":"publish","type":"product","link":"https:\/\/pracek.si\/racunalniskatrgovina\/izdelek\/originalni-lenovo-thinkpad-x220-x220i-x230-x230i-x220t-x230t-spodnji-pokrov-ram-a-pn04w6948\/","title":{"rendered":"Originalni Lenovo Thinkpad X220 X220I X230 X230I X220T X230T spodnji pokrov RAM-a PN04W6948"},"content":{"rendered":"<p>Nadgradite pokrov RAM-a va\u0161ega Lenovo Thinkpad X220\/X220I\/X230\/X230I\/X220T\/X230T s tem pristnim spodnjim pokrovom PN04W6948. Enostaven za namestitev in zdru\u017eljiv z ve\u010d modeli. Izbolj\u0161ajte estetiko in za\u0161\u010dito svoje naprave \u0161e danes!<\/p>\n","protected":false},"excerpt":{"rendered":"<p>Izbolj\u0161ajte estetiko in za\u0161\u010dito va\u0161ega prenosnika Lenovo Thinkpad X220\/X220I\/X230\/X230I\/X220T\/X230T z originalnim spodnjim pokrovom RAM PN04W6948. Ta avtenti\u010dni nadomestni del, izdelan z natan\u010dnostjo in zasnovan posebej za ve\u010d modelov, ne le izbolj\u0161a videz va\u0161ega prenosnika, temve\u010d tudi dodatno za\u0161\u010diti prostor za RAM.<\/p>\n<p>Klju\u010dne lastnosti:<\/p>\n<p>&#8211; Originalna zamenjava Lenovo: Zagotovite zdru\u017eljivost in zanesljivost s pristnim nadomestnim delom.<\/p>\n<p>&#8211; Enostavna namestitev: s preprosto namestitvijo brez truda nadgradite pokrov RAM-a va\u0161e naprave.<\/p>\n<p>&#8211; Izbolj\u0161ana estetika: spremenite videz svojega prenosnika s tem elegantnim spodnjim pokrovom.<\/p>\n<p>&#8211; Dodana za\u0161\u010dita: s tem robustnim pokrovom za\u0161\u010ditite prostor za RAM pred prahom, umazanijo in morebitnimi po\u0161kodbami.<\/p>\n<p>Nadgradite svoj prenosni ra\u010dunalnik Lenovo Thinkpad X220\/X220I\/X230\/X230I\/X220T\/X230T \u0161e danes z originalnim spodnjim pokrovom RAM-a PN04W6948. Kupujte z zaupanjem, saj veste, da vlagate v kakovosten nadomestni del za svojo napravo. \u010ce imate kakr\u0161na koli vpra\u0161anja ali potrebujete pomo\u010d, ne oklevajte in nas kontaktirajte. Tukaj smo, da vam pomagamo izbolj\u0161ati estetiko in za\u0161\u010dito va\u0161e naprave.<\/p>\n","protected":false},"featured_media":47166,"template":"","meta":[],"product_brand":[],"product_cat":[2051],"product_tag":[2061,1818],"class_list":{"0":"post-57871","1":"product","2":"type-product","3":"status-publish","4":"has-post-thumbnail","6":"product_cat-ohisje-prenosnika","7":"product_tag-lenovo","8":"product_tag-rezervni-deli","10":"first","11":"instock","12":"taxable","13":"shipping-taxable","14":"purchasable","15":"product-type-simple"},"_links":{"self":[{"href":"https:\/\/pracek.si\/racunalniskatrgovina\/wp-json\/wp\/v2\/product\/57871","targetHints":{"allow":["GET"]}}],"collection":[{"href":"https:\/\/pracek.si\/racunalniskatrgovina\/wp-json\/wp\/v2\/product"}],"about":[{"href":"https:\/\/pracek.si\/racunalniskatrgovina\/wp-json\/wp\/v2\/types\/product"}],"version-history":[{"count":0,"href":"https:\/\/pracek.si\/racunalniskatrgovina\/wp-json\/wp\/v2\/product\/57871\/revisions"}],"wp:featuredmedia":[{"embeddable":true,"href":"https:\/\/pracek.si\/racunalniskatrgovina\/wp-json\/wp\/v2\/media\/47166"}],"wp:attachment":[{"href":"https:\/\/pracek.si\/racunalniskatrgovina\/wp-json\/wp\/v2\/media?parent=57871"}],"wp:term":[{"taxonomy":"product_brand","embeddable":true,"href":"https:\/\/pracek.si\/racunalniskatrgovina\/wp-json\/wp\/v2\/product_brand?post=57871"},{"taxonomy":"product_cat","embeddable":true,"href":"https:\/\/pracek.si\/racunalniskatrgovina\/wp-json\/wp\/v2\/product_cat?post=57871"},{"taxonomy":"product_tag","embeddable":true,"href":"https:\/\/pracek.si\/racunalniskatrgovina\/wp-json\/wp\/v2\/product_tag?post=57871"}],"curies":[{"name":"wp","href":"https:\/\/api.w.org\/{rel}","templated":true}]}}