{"id":57880,"date":"2025-07-31T11:20:35","date_gmt":"2025-07-31T10:20:35","guid":{"rendered":"https:\/\/pracek.si\/racunalniskatrgovina\/?post_type=product&#038;p=57880"},"modified":"2026-01-27T11:27:39","modified_gmt":"2026-01-27T10:27:39","slug":"bluetooth-4-0-original-lenovo-thinkpad-x230-t430-t430s-t530-w530-60y3305","status":"publish","type":"product","link":"https:\/\/pracek.si\/racunalniskatrgovina\/izdelek\/bluetooth-4-0-original-lenovo-thinkpad-x230-t430-t430s-t530-w530-60y3305\/","title":{"rendered":"Bluetooth 4.0 Original Lenovo ThinkPad X230 T430 T430S T530 W530 60Y3305"},"content":{"rendered":"<p>Nadgradite svoj Lenovo ThinkPad X230, T430, T430S, T530 ali W530 s tem pristnim modulom Bluetooth 4.0. Zagotovite brezhibno povezljivost in zdru\u017eljivost s \u0161tevilko dela 60Y3305. Izbolj\u0161ajte zmogljivosti svoje naprave \u0161e danes!<\/p>\n","protected":false},"excerpt":{"rendered":"<p>Izbolj\u0161ajte povezljivost svojega prenosnika Lenovo ThinkPad X230, T430, T430S, T530 ali W530 s pristnim modulom Bluetooth 4.0, \u0161tevilka dela 60Y3305. Ta pristen nadomestni del, izdelan za zanesljivost in zdru\u017eljivost, zagotavlja brezhibno povezljivost Bluetooth in enostavno namestitev.<\/p>\n<p>Klju\u010dne lastnosti:<\/p>\n<p>&#8211; Originalna zamenjava Lenovo: Zagotovite zdru\u017eljivost in zanesljivost s pristnim nadomestnim delom.<\/p>\n<p>&#8211; Brezhibna povezljivost: u\u017eivajte v teko\u010di in neprekinjeni povezavi Bluetooth za svoj prenosnik.<\/p>\n<p>&#8211; Zdru\u017eljivost: zasnovano posebej za modele Lenovo ThinkPad X230, T430, T430S, T530 in W530.<\/p>\n<p>&#8211; Enostavna namestitev: Nadgradite svoj prenosnik brez truda s preprosto namestitvijo.<\/p>\n<p>Nadgradite svoj prenosni ra\u010dunalnik Lenovo ThinkPad \u0161e danes s pristnim modulom Bluetooth 4.0. Kupujte z zaupanjem, saj veste, da vlagate v kakovosten nadomestni del za svojo napravo. \u010ce imate kakr\u0161na koli vpra\u0161anja ali potrebujete pomo\u010d, ne oklevajte in nas kontaktirajte. Tukaj smo, da vam pomagamo izbolj\u0161ati povezljivost va\u0161e naprave.<\/p>\n","protected":false},"featured_media":47171,"template":"","meta":[],"product_brand":[],"product_cat":[2062],"product_tag":[2061,1818],"class_list":{"0":"post-57880","1":"product","2":"type-product","3":"status-publish","4":"has-post-thumbnail","6":"product_cat-maticne-plosce-in-deli-plosc","7":"product_tag-lenovo","8":"product_tag-rezervni-deli","10":"first","11":"instock","12":"taxable","13":"shipping-taxable","14":"purchasable","15":"product-type-simple"},"_links":{"self":[{"href":"https:\/\/pracek.si\/racunalniskatrgovina\/wp-json\/wp\/v2\/product\/57880","targetHints":{"allow":["GET"]}}],"collection":[{"href":"https:\/\/pracek.si\/racunalniskatrgovina\/wp-json\/wp\/v2\/product"}],"about":[{"href":"https:\/\/pracek.si\/racunalniskatrgovina\/wp-json\/wp\/v2\/types\/product"}],"version-history":[{"count":0,"href":"https:\/\/pracek.si\/racunalniskatrgovina\/wp-json\/wp\/v2\/product\/57880\/revisions"}],"wp:featuredmedia":[{"embeddable":true,"href":"https:\/\/pracek.si\/racunalniskatrgovina\/wp-json\/wp\/v2\/media\/47171"}],"wp:attachment":[{"href":"https:\/\/pracek.si\/racunalniskatrgovina\/wp-json\/wp\/v2\/media?parent=57880"}],"wp:term":[{"taxonomy":"product_brand","embeddable":true,"href":"https:\/\/pracek.si\/racunalniskatrgovina\/wp-json\/wp\/v2\/product_brand?post=57880"},{"taxonomy":"product_cat","embeddable":true,"href":"https:\/\/pracek.si\/racunalniskatrgovina\/wp-json\/wp\/v2\/product_cat?post=57880"},{"taxonomy":"product_tag","embeddable":true,"href":"https:\/\/pracek.si\/racunalniskatrgovina\/wp-json\/wp\/v2\/product_tag?post=57880"}],"curies":[{"name":"wp","href":"https:\/\/api.w.org\/{rel}","templated":true}]}}