{"id":57898,"date":"2025-07-31T11:21:43","date_gmt":"2025-07-31T10:21:43","guid":{"rendered":"https:\/\/pracek.si\/racunalniskatrgovina\/?post_type=product&#038;p=57898"},"modified":"2026-01-27T11:30:33","modified_gmt":"2026-01-27T10:30:33","slug":"original-dell-latitude-14-7404-robusten-extreme-zadnji-plasticni-pokrov-r-desna-stran-2","status":"publish","type":"product","link":"https:\/\/pracek.si\/racunalniskatrgovina\/izdelek\/original-dell-latitude-14-7404-robusten-extreme-zadnji-plasticni-pokrov-r-desna-stran-2\/","title":{"rendered":"Original Dell Latitude 14 7404 Robusten Extreme Zadnji plasti\u010dni pokrov R Desna stran"},"content":{"rendered":"<p>Nadgradite svoj Dell Latitude 14 7404 Rugged Extreme s tem pristnim zadnjim plasti\u010dnim pokrovom za desno stran. Enostaven za namestitev in zasnovan za popolno zdru\u017eljivost. Izbolj\u0161ajte vzdr\u017eljivost in videz svojega prenosnika \u0161e danes!<\/p>\n","protected":false},"excerpt":{"rendered":"<p>Izbolj\u0161ajte vzdr\u017eljivost in videz svojega prenosnika Dell Latitude 14 7404 Rugged Extreme s pristnim zadnjim plasti\u010dnim pokrovom na desni strani. Ta pristni nadomestni del, zasnovan za popolno zdru\u017eljivost in izdelan tako, da vzdr\u017ei robustno uporabo, zagotavlja, da bo va\u0161 prenosnik ostal za\u0161\u010diten in videti odli\u010dno.<\/p>\n<p>Klju\u010dne lastnosti:<\/p>\n<p>&#8211; Originalna zamenjava Dell: Zagotovite zdru\u017eljivost in zanesljivost s pristnim nadomestnim delom.<\/p>\n<p>&#8211; Enostavna namestitev: Nadgradite svojo napravo brez truda s preprosto namestitvijo.<\/p>\n<p>&#8211; Izbolj\u0161ana vzdr\u017eljivost: za\u0161\u010ditite svoj prenosni ra\u010dunalnik s pokrovom, zasnovanim tako, da prenese ekstremne pogoje.<\/p>\n<p>&#8211; Popolno prileganje: zasnovano posebej za Dell Latitude 14 7404 Rugged Extreme, ki zagotavlja brezhibno prileganje.<\/p>\n<p>Nadgradite svoj prenosni ra\u010dunalnik Dell Latitude 14 7404 Rugged Extreme danes s pristnim zadnjim plasti\u010dnim pokrovom za desno stran. Kupujte z zaupanjem, saj veste, da vlagate v kakovosten nadomestni del za svojo napravo. \u010ce imate kakr\u0161na koli vpra\u0161anja ali potrebujete pomo\u010d, ne oklevajte in nas kontaktirajte. Tukaj smo, da vam pomagamo izbolj\u0161ati funkcionalnost in vzdr\u017eljivost va\u0161e naprave.<\/p>\n","protected":false},"featured_media":47210,"template":"","meta":[],"product_brand":[],"product_cat":[2051],"product_tag":[2052,1818],"class_list":{"0":"post-57898","1":"product","2":"type-product","3":"status-publish","4":"has-post-thumbnail","6":"product_cat-ohisje-prenosnika","7":"product_tag-dell","8":"product_tag-rezervni-deli","10":"first","11":"instock","12":"taxable","13":"shipping-taxable","14":"purchasable","15":"product-type-simple"},"_links":{"self":[{"href":"https:\/\/pracek.si\/racunalniskatrgovina\/wp-json\/wp\/v2\/product\/57898","targetHints":{"allow":["GET"]}}],"collection":[{"href":"https:\/\/pracek.si\/racunalniskatrgovina\/wp-json\/wp\/v2\/product"}],"about":[{"href":"https:\/\/pracek.si\/racunalniskatrgovina\/wp-json\/wp\/v2\/types\/product"}],"version-history":[{"count":0,"href":"https:\/\/pracek.si\/racunalniskatrgovina\/wp-json\/wp\/v2\/product\/57898\/revisions"}],"wp:featuredmedia":[{"embeddable":true,"href":"https:\/\/pracek.si\/racunalniskatrgovina\/wp-json\/wp\/v2\/media\/47210"}],"wp:attachment":[{"href":"https:\/\/pracek.si\/racunalniskatrgovina\/wp-json\/wp\/v2\/media?parent=57898"}],"wp:term":[{"taxonomy":"product_brand","embeddable":true,"href":"https:\/\/pracek.si\/racunalniskatrgovina\/wp-json\/wp\/v2\/product_brand?post=57898"},{"taxonomy":"product_cat","embeddable":true,"href":"https:\/\/pracek.si\/racunalniskatrgovina\/wp-json\/wp\/v2\/product_cat?post=57898"},{"taxonomy":"product_tag","embeddable":true,"href":"https:\/\/pracek.si\/racunalniskatrgovina\/wp-json\/wp\/v2\/product_tag?post=57898"}],"curies":[{"name":"wp","href":"https:\/\/api.w.org\/{rel}","templated":true}]}}