{"id":57907,"date":"2025-07-31T11:22:39","date_gmt":"2025-07-31T10:22:39","guid":{"rendered":"https:\/\/pracek.si\/racunalniskatrgovina\/?post_type=product&#038;p=57907"},"modified":"2026-01-27T11:31:17","modified_gmt":"2026-01-27T10:31:17","slug":"originalni-trdi-disk-dell-latitude-14-rugged-extreme-7404-cable-shroud-caddy","status":"publish","type":"product","link":"https:\/\/pracek.si\/racunalniskatrgovina\/izdelek\/originalni-trdi-disk-dell-latitude-14-rugged-extreme-7404-cable-shroud-caddy\/","title":{"rendered":"Originalni trdi disk Dell Latitude 14 Rugged Extreme 7404 Cable Shroud Caddy"},"content":{"rendered":"<p>Nadgradite prostor za shranjevanje va\u0161ega prenosnika Dell Latitude 14 Rugged Extreme 7404 s tem pristnim nosilcem za vmesni kabel trdega diska. Enostaven za namestitev in zasnovan za zdru\u017eljivost. Pove\u010dajte kapaciteto pomnilnika va\u0161e naprave \u0161e danes!<\/p>\n","protected":false},"excerpt":{"rendered":"<p>Izbolj\u0161ajte zmogljivost shranjevanja va\u0161ega prenosnega ra\u010dunalnika Dell Latitude 14 Rugged Extreme 7404 s pristnim vmesnim kablom trdega diska Cable Shroud Caddy. Ta avtenti\u010dni nadomestni del, zasnovan za vzdr\u017eljivost in zdru\u017eljivost, zagotavlja zanesljivo delovanje in preprosto namestitev.<\/p>\n<p>Klju\u010dne lastnosti:<\/p>\n<p>&#8211; Originalna zamenjava Dell: Zagotovite zdru\u017eljivost in zanesljivost s pristnim nadomestnim delom.<\/p>\n<p>&#8211; Enostavna namestitev: s preprosto namestitvijo nadgradite prostor za shranjevanje naprave brez te\u017eav.<\/p>\n<p>&#8211; Izbolj\u0161ana zmogljivost shranjevanja: pove\u010dajte zmogljivost shranjevanja prenosnika za izbolj\u0161ano funkcionalnost.<\/p>\n<p>&#8211; Vzdr\u017eljiva konstrukcija: izdelana tako, da prenese robustno uporabo, kar zagotavlja dolgo \u017eivljenjsko dobo in zanesljivost.<\/p>\n<p>Nadgradite svoj prenosni ra\u010dunalnik Dell Latitude 14 Rugged Extreme 7404 \u0161e danes s pristnim vmesnim kablom za trdi disk Cable Shroud Caddy. Kupujte z zaupanjem, saj veste, da vlagate v kakovosten nadomestni del za svojo napravo. \u010ce imate kakr\u0161na koli vpra\u0161anja ali potrebujete pomo\u010d, ne oklevajte in nas kontaktirajte. Tukaj smo, da vam pomagamo izbolj\u0161ati funkcionalnost va\u0161e naprave.<\/p>\n","protected":false},"featured_media":47216,"template":"","meta":[],"product_brand":[],"product_cat":[2051],"product_tag":[2052,1818],"class_list":{"0":"post-57907","1":"product","2":"type-product","3":"status-publish","4":"has-post-thumbnail","6":"product_cat-ohisje-prenosnika","7":"product_tag-dell","8":"product_tag-rezervni-deli","10":"first","11":"instock","12":"taxable","13":"shipping-taxable","14":"purchasable","15":"product-type-simple"},"_links":{"self":[{"href":"https:\/\/pracek.si\/racunalniskatrgovina\/wp-json\/wp\/v2\/product\/57907","targetHints":{"allow":["GET"]}}],"collection":[{"href":"https:\/\/pracek.si\/racunalniskatrgovina\/wp-json\/wp\/v2\/product"}],"about":[{"href":"https:\/\/pracek.si\/racunalniskatrgovina\/wp-json\/wp\/v2\/types\/product"}],"version-history":[{"count":0,"href":"https:\/\/pracek.si\/racunalniskatrgovina\/wp-json\/wp\/v2\/product\/57907\/revisions"}],"wp:featuredmedia":[{"embeddable":true,"href":"https:\/\/pracek.si\/racunalniskatrgovina\/wp-json\/wp\/v2\/media\/47216"}],"wp:attachment":[{"href":"https:\/\/pracek.si\/racunalniskatrgovina\/wp-json\/wp\/v2\/media?parent=57907"}],"wp:term":[{"taxonomy":"product_brand","embeddable":true,"href":"https:\/\/pracek.si\/racunalniskatrgovina\/wp-json\/wp\/v2\/product_brand?post=57907"},{"taxonomy":"product_cat","embeddable":true,"href":"https:\/\/pracek.si\/racunalniskatrgovina\/wp-json\/wp\/v2\/product_cat?post=57907"},{"taxonomy":"product_tag","embeddable":true,"href":"https:\/\/pracek.si\/racunalniskatrgovina\/wp-json\/wp\/v2\/product_tag?post=57907"}],"curies":[{"name":"wp","href":"https:\/\/api.w.org\/{rel}","templated":true}]}}