{"id":57909,"date":"2025-07-31T11:22:39","date_gmt":"2025-07-31T10:22:39","guid":{"rendered":"https:\/\/pracek.si\/racunalniskatrgovina\/?post_type=product&#038;p=57909"},"modified":"2025-12-29T22:38:09","modified_gmt":"2025-12-29T21:38:09","slug":"09m9fk-9m9fk-gu90n-za-prenosni-racunalnik-dell-latitude-inspiron-xps-precision-cd-dvd-burner-drive-m4800","status":"publish","type":"product","link":"https:\/\/pracek.si\/racunalniskatrgovina\/izdelek\/09m9fk-9m9fk-gu90n-za-prenosni-racunalnik-dell-latitude-inspiron-xps-precision-cd-dvd-burner-drive-m4800\/","title":{"rendered":"09M9FK 9M9FK GU90N za prenosni ra\u010dunalnik Dell Latitude Inspiron XPS Precision CD DVD Burner Drive M4800"},"content":{"rendered":"<p>Nadgradite opti\u010dni pogon va\u0161ega prenosnika Dell Latitude Inspiron XPS Precision M4800 s tem pristnim pogonom za zapisovanje CD-jev in DVD-jev. Enostaven za namestitev in zdru\u017eljiv s \u0161tevilko dela 09M9FK 9M9FK GU90N. Izbolj\u0161ajte zmogljivosti svojega prenosnika \u0161e danes!<\/p>\n","protected":false},"excerpt":{"rendered":"<p>Izbolj\u0161ajte zmogljivosti opti\u010dnega pogona va\u0161ega prenosnika Dell Latitude Inspiron XPS Precision M4800 s pristnim pogonom za zapisovanje CD-jev in DVD-jev, \u0161tevilka dela 09M9FK 9M9FK GU90N. Ta avtenti\u010dni nadomestni del, izdelan za vzdr\u017eljivost in zdru\u017eljivost, zagotavlja zanesljivo delovanje in enostavno namestitev.<\/p>\n<p>Klju\u010dne lastnosti:<\/p>\n<p>&#8211; Originalna zamenjava Dell: Zagotovite zdru\u017eljivost in zanesljivost s pristnim nadomestnim delom.<\/p>\n<p>&#8211; Enostavna namestitev: z enostavno namestitvijo nadgradite opti\u010dni pogon va\u0161ega prenosnika.<\/p>\n<p>&#8211; Izbolj\u0161ane zmogljivosti: u\u017eivajte v udobju zapisovanja CD-jev in DVD-jev z lahkoto.<\/p>\n<p>&#8211; Zdru\u017eljivost: Zasnovan za nemoteno delo z modeli Dell Latitude, Inspiron, XPS in Precision M4800.<\/p>\n<p>&#8211; Po\u0161iljanje po vsem svetu: nudimo hitro in varno po\u0161iljanje ter dostavo va\u0161ega nadomestnega opti\u010dnega pogona, kjerkoli \u017ee ste.<\/p>\n<p>Nadgradite svoj prenosni ra\u010dunalnik Dell Latitude Inspiron XPS Precision M4800 \u0161e danes s pristnim pogonom za zapisovanje CD-jev in DVD-jev. Kupujte z zaupanjem, saj veste, da vlagate v kakovosten nadomestni del za svojo napravo. \u010ce imate kakr\u0161na koli vpra\u0161anja ali potrebujete pomo\u010d, ne oklevajte in nas kontaktirajte. Tukaj smo, da vam pomagamo izbolj\u0161ati zmogljivosti va\u0161ega prenosnika.<\/p>\n","protected":false},"featured_media":47221,"template":"","meta":[],"product_brand":[],"product_cat":[2062],"product_tag":[2052,1818],"class_list":{"0":"post-57909","1":"product","2":"type-product","3":"status-publish","4":"has-post-thumbnail","6":"product_cat-maticne-plosce-in-deli-plosc","7":"product_tag-dell","8":"product_tag-rezervni-deli","10":"first","11":"outofstock","12":"taxable","13":"shipping-taxable","14":"purchasable","15":"product-type-simple"},"_links":{"self":[{"href":"https:\/\/pracek.si\/racunalniskatrgovina\/wp-json\/wp\/v2\/product\/57909","targetHints":{"allow":["GET"]}}],"collection":[{"href":"https:\/\/pracek.si\/racunalniskatrgovina\/wp-json\/wp\/v2\/product"}],"about":[{"href":"https:\/\/pracek.si\/racunalniskatrgovina\/wp-json\/wp\/v2\/types\/product"}],"version-history":[{"count":0,"href":"https:\/\/pracek.si\/racunalniskatrgovina\/wp-json\/wp\/v2\/product\/57909\/revisions"}],"wp:featuredmedia":[{"embeddable":true,"href":"https:\/\/pracek.si\/racunalniskatrgovina\/wp-json\/wp\/v2\/media\/47221"}],"wp:attachment":[{"href":"https:\/\/pracek.si\/racunalniskatrgovina\/wp-json\/wp\/v2\/media?parent=57909"}],"wp:term":[{"taxonomy":"product_brand","embeddable":true,"href":"https:\/\/pracek.si\/racunalniskatrgovina\/wp-json\/wp\/v2\/product_brand?post=57909"},{"taxonomy":"product_cat","embeddable":true,"href":"https:\/\/pracek.si\/racunalniskatrgovina\/wp-json\/wp\/v2\/product_cat?post=57909"},{"taxonomy":"product_tag","embeddable":true,"href":"https:\/\/pracek.si\/racunalniskatrgovina\/wp-json\/wp\/v2\/product_tag?post=57909"}],"curies":[{"name":"wp","href":"https:\/\/api.w.org\/{rel}","templated":true}]}}