{"id":57931,"date":"2025-07-31T11:24:30","date_gmt":"2025-07-31T10:24:30","guid":{"rendered":"https:\/\/pracek.si\/racunalniskatrgovina\/?post_type=product&#038;p=57931"},"modified":"2026-01-27T11:40:59","modified_gmt":"2026-01-27T10:40:59","slug":"robustni-originalni-odbijaci-dell-latitude-7404-2","status":"publish","type":"product","link":"https:\/\/pracek.si\/racunalniskatrgovina\/izdelek\/robustni-originalni-odbijaci-dell-latitude-7404-2\/","title":{"rendered":"Robustni originalni odbija\u010di Dell Latitude 7404"},"content":{"rendered":"<p>Za\u0161\u010ditite svoj prenosni ra\u010dunalnik Dell Latitude 7404 Rugged s temi pristnimi odbija\u010di. Ti odbija\u010di so enostavni za namestitev in zasnovani za vzdr\u017eljivost ter zagotavljajo, da je va\u0161a naprava za\u0161\u010ditena pred udarci in po\u0161kodbami. Nadgradite za\u0161\u010dito svojega prenosnika \u0161e danes!<\/p>\n","protected":false},"excerpt":{"rendered":"<p>Izbolj\u0161ajte za\u0161\u010dito va\u0161ega prenosnika Dell Latitude 7404 Rugged s pristnimi odbija\u010di. Ti \u0161\u010ditniki, posebej zasnovani za prileganje va\u0161i napravi, zagotavljajo vrhunsko vzdr\u017eljivost in odpornost na udarce, kar zagotavlja, da je va\u0161 prenosnik za\u0161\u010diten pred naklju\u010dnimi po\u0161kodbami.<\/p>\n<p>Klju\u010dne lastnosti:<\/p>\n<p>&#8211; Originalna zamenjava Dell: Zagotovite zdru\u017eljivost in zanesljivost s pristnimi nadomestnimi odbija\u010di.<\/p>\n<p>&#8211; Enostavna namestitev: Z enostavno namestitvijo nadgradite za\u0161\u010dito svoje naprave.<\/p>\n<p>&#8211; Izbolj\u0161ana za\u0161\u010dita: Za\u0161\u010ditite svoj prenosnik pred udarci in morebitnimi po\u0161kodbami s trpe\u017enimi odbija\u010di.<\/p>\n<p>&#8211; Robustna zasnova: Izdelan, da prenese te\u017eka okolja, kot nala\u0161\u010d za robusten model Dell Latitude 7404.<\/p>\n<p>Nadgradite svoj prenosni ra\u010dunalnik Dell Latitude 7404 Rugged danes s pristnimi odbija\u010di. Kupujte z zaupanjem, saj veste, da vlagate v kakovostne nadomestne dele, zasnovane za optimalno za\u0161\u010dito. \u010ce imate kakr\u0161na koli vpra\u0161anja ali potrebujete pomo\u010d, ne oklevajte in nas kontaktirajte. Tukaj smo, da vam pomagamo pove\u010dati vzdr\u017eljivost in \u017eivljenjsko dobo va\u0161e naprave.<\/p>\n","protected":false},"featured_media":47249,"template":"","meta":[],"product_brand":[],"product_cat":[2051],"product_tag":[2052,1818],"class_list":{"0":"post-57931","1":"product","2":"type-product","3":"status-publish","4":"has-post-thumbnail","6":"product_cat-ohisje-prenosnika","7":"product_tag-dell","8":"product_tag-rezervni-deli","10":"first","11":"instock","12":"taxable","13":"shipping-taxable","14":"purchasable","15":"product-type-simple"},"_links":{"self":[{"href":"https:\/\/pracek.si\/racunalniskatrgovina\/wp-json\/wp\/v2\/product\/57931","targetHints":{"allow":["GET"]}}],"collection":[{"href":"https:\/\/pracek.si\/racunalniskatrgovina\/wp-json\/wp\/v2\/product"}],"about":[{"href":"https:\/\/pracek.si\/racunalniskatrgovina\/wp-json\/wp\/v2\/types\/product"}],"version-history":[{"count":0,"href":"https:\/\/pracek.si\/racunalniskatrgovina\/wp-json\/wp\/v2\/product\/57931\/revisions"}],"wp:featuredmedia":[{"embeddable":true,"href":"https:\/\/pracek.si\/racunalniskatrgovina\/wp-json\/wp\/v2\/media\/47249"}],"wp:attachment":[{"href":"https:\/\/pracek.si\/racunalniskatrgovina\/wp-json\/wp\/v2\/media?parent=57931"}],"wp:term":[{"taxonomy":"product_brand","embeddable":true,"href":"https:\/\/pracek.si\/racunalniskatrgovina\/wp-json\/wp\/v2\/product_brand?post=57931"},{"taxonomy":"product_cat","embeddable":true,"href":"https:\/\/pracek.si\/racunalniskatrgovina\/wp-json\/wp\/v2\/product_cat?post=57931"},{"taxonomy":"product_tag","embeddable":true,"href":"https:\/\/pracek.si\/racunalniskatrgovina\/wp-json\/wp\/v2\/product_tag?post=57931"}],"curies":[{"name":"wp","href":"https:\/\/api.w.org\/{rel}","templated":true}]}}