{"id":57933,"date":"2025-07-31T11:24:31","date_gmt":"2025-07-31T10:24:31","guid":{"rendered":"https:\/\/pracek.si\/racunalniskatrgovina\/?post_type=product&#038;p=57933"},"modified":"2026-01-27T11:45:38","modified_gmt":"2026-01-27T10:45:38","slug":"original-dell-latitude-14-7404-robusten-ekstremni-kotni-gumijasti-odbijac-sprednja-desna-stran-2","status":"publish","type":"product","link":"https:\/\/pracek.si\/racunalniskatrgovina\/izdelek\/original-dell-latitude-14-7404-robusten-ekstremni-kotni-gumijasti-odbijac-sprednja-desna-stran-2\/","title":{"rendered":"Original Dell Latitude 14 7404 Robusten ekstremni kotni gumijasti odbija\u010d SPREDNJA DESNA stran"},"content":{"rendered":"<p>Pove\u010dajte vzdr\u017eljivost va\u0161ega Dell Latitude 14 7404 Rugged Extreme s tem pristnim gumijastim odbija\u010dem v sprednjem desnem kotu. Enostaven za namestitev in oblikovan za popolno prileganje. Nadgradite za\u0161\u010dito svojega prenosnika \u0161e danes!<\/p>\n","protected":false},"excerpt":{"rendered":"<p>Pove\u010dajte vzdr\u017eljivost svojega prenosnika Dell Latitude 14 7404 Rugged Extreme s pristnim gumijastim odbija\u010dem v sprednjem desnem kotu. Ta avtenti\u010dni nadomestni del je zasnovan tako, da zagotavlja optimalno za\u0161\u010dito in se popolnoma prilega va\u0161i napravi.<\/p>\n<p>Klju\u010dne lastnosti:<\/p>\n<p>&#8211; Originalna zamenjava Dell: Zagotovite zdru\u017eljivost in zanesljivost s pristnim nadomestnim delom.<\/p>\n<p>&#8211; Enostavna namestitev: Z enostavno namestitvijo nadgradite za\u0161\u010dito svojega prenosnika.<\/p>\n<p>&#8211; Izbolj\u0161ana vzdr\u017eljivost: S tem robustnim gumijastim odbija\u010dem za\u0161\u010ditite sprednji desni kot svojega prenosnika pred udarci.<\/p>\n<p>&#8211; Popolno prileganje: zasnovano posebej za Dell Latitude 14 7404 Rugged Extreme, ki zagotavlja brezhibno prileganje.<\/p>\n<p>Nadgradite svoj prenosni ra\u010dunalnik Dell Latitude 14 7404 Rugged Extreme danes s pristnim gumijastim odbija\u010dem v sprednjem desnem kotu. Kupujte z zaupanjem, saj veste, da vlagate v kakovosten nadomestni del za svojo napravo. \u010ce imate kakr\u0161na koli vpra\u0161anja ali potrebujete pomo\u010d, ne oklevajte in nas kontaktirajte. Tukaj smo, da vam pomagamo izbolj\u0161ati za\u0161\u010dito va\u0161e naprave.<\/p>\n","protected":false},"featured_media":47253,"template":"","meta":[],"product_brand":[],"product_cat":[2051],"product_tag":[2052,1818],"class_list":{"0":"post-57933","1":"product","2":"type-product","3":"status-publish","4":"has-post-thumbnail","6":"product_cat-ohisje-prenosnika","7":"product_tag-dell","8":"product_tag-rezervni-deli","10":"first","11":"instock","12":"taxable","13":"shipping-taxable","14":"purchasable","15":"product-type-simple"},"_links":{"self":[{"href":"https:\/\/pracek.si\/racunalniskatrgovina\/wp-json\/wp\/v2\/product\/57933","targetHints":{"allow":["GET"]}}],"collection":[{"href":"https:\/\/pracek.si\/racunalniskatrgovina\/wp-json\/wp\/v2\/product"}],"about":[{"href":"https:\/\/pracek.si\/racunalniskatrgovina\/wp-json\/wp\/v2\/types\/product"}],"version-history":[{"count":0,"href":"https:\/\/pracek.si\/racunalniskatrgovina\/wp-json\/wp\/v2\/product\/57933\/revisions"}],"wp:featuredmedia":[{"embeddable":true,"href":"https:\/\/pracek.si\/racunalniskatrgovina\/wp-json\/wp\/v2\/media\/47253"}],"wp:attachment":[{"href":"https:\/\/pracek.si\/racunalniskatrgovina\/wp-json\/wp\/v2\/media?parent=57933"}],"wp:term":[{"taxonomy":"product_brand","embeddable":true,"href":"https:\/\/pracek.si\/racunalniskatrgovina\/wp-json\/wp\/v2\/product_brand?post=57933"},{"taxonomy":"product_cat","embeddable":true,"href":"https:\/\/pracek.si\/racunalniskatrgovina\/wp-json\/wp\/v2\/product_cat?post=57933"},{"taxonomy":"product_tag","embeddable":true,"href":"https:\/\/pracek.si\/racunalniskatrgovina\/wp-json\/wp\/v2\/product_tag?post=57933"}],"curies":[{"name":"wp","href":"https:\/\/api.w.org\/{rel}","templated":true}]}}