{"id":57950,"date":"2025-07-31T11:25:40","date_gmt":"2025-07-31T10:25:40","guid":{"rendered":"https:\/\/pracek.si\/racunalniskatrgovina\/?post_type=product&#038;p=57950"},"modified":"2026-01-27T11:47:03","modified_gmt":"2026-01-27T10:47:03","slug":"originalna-robustna-tipkovnica-dell-7414-s-kablom-aa002a","status":"publish","type":"product","link":"https:\/\/pracek.si\/racunalniskatrgovina\/izdelek\/originalna-robustna-tipkovnica-dell-7414-s-kablom-aa002a\/","title":{"rendered":"Originalna robustna tipkovnica Dell 7414 s kablom AA002A"},"content":{"rendered":"<p>Izbolj\u0161ajte funkcionalnost va\u0161ega Dell Rugged 7414 s to pristno tipkovnico, vklju\u010dno s kablom. Enostaven za namestitev in zdru\u017eljiv z razli\u010dnimi modeli. Nadgradite svojo napravo \u0161e danes!<\/p>\n","protected":false},"excerpt":{"rendered":"<p>Nadgradite funkcionalnost svojega prenosnika Dell Rugged 7414 s pristno tipkovnico, vklju\u010dno s kablom. Ta avtenti\u010dni nadomestni del, izdelan z natan\u010dnostjo in zanesljivostjo, zagotavlja brezhibno zdru\u017eljivost in enostavno namestitev.<\/p>\n<p>Klju\u010dne lastnosti:<\/p>\n<p>&#8211; Originalna zamenjava Dell: Zagotovite zdru\u017eljivost in zanesljivost s pristnim nadomestnim delom.<\/p>\n<p>&#8211; Enostavna namestitev: Nadgradite svojo napravo brez truda s preprosto namestitvijo.<\/p>\n<p>&#8211; Izbolj\u0161ana funkcionalnost: izbolj\u0161ajte izku\u0161njo tipkanja in splo\u0161no funkcionalnost s to pristno tipkovnico.<\/p>\n<p>&#8211; Zdru\u017eljivost: Zasnovan za brezhibno delovanje z modeli Dell Rugged 7414.<\/p>\n<p>Nadgradite svoj prenosni ra\u010dunalnik Dell Rugged 7414 \u0161e danes s pristno tipkovnico, vklju\u010dno s kablom. Kupujte z zaupanjem, saj veste, da vlagate v kakovosten nadomestni del za svojo napravo. \u010ce imate kakr\u0161na koli vpra\u0161anja ali potrebujete pomo\u010d, ne oklevajte in nas kontaktirajte. Tukaj smo, da vam pomagamo izbolj\u0161ati funkcionalnost va\u0161e naprave.<\/p>\n","protected":false},"featured_media":47290,"template":"","meta":[],"product_brand":[],"product_cat":[2062],"product_tag":[2052,1818],"class_list":{"0":"post-57950","1":"product","2":"type-product","3":"status-publish","4":"has-post-thumbnail","6":"product_cat-maticne-plosce-in-deli-plosc","7":"product_tag-dell","8":"product_tag-rezervni-deli","10":"first","11":"instock","12":"taxable","13":"shipping-taxable","14":"purchasable","15":"product-type-simple"},"_links":{"self":[{"href":"https:\/\/pracek.si\/racunalniskatrgovina\/wp-json\/wp\/v2\/product\/57950","targetHints":{"allow":["GET"]}}],"collection":[{"href":"https:\/\/pracek.si\/racunalniskatrgovina\/wp-json\/wp\/v2\/product"}],"about":[{"href":"https:\/\/pracek.si\/racunalniskatrgovina\/wp-json\/wp\/v2\/types\/product"}],"version-history":[{"count":0,"href":"https:\/\/pracek.si\/racunalniskatrgovina\/wp-json\/wp\/v2\/product\/57950\/revisions"}],"wp:featuredmedia":[{"embeddable":true,"href":"https:\/\/pracek.si\/racunalniskatrgovina\/wp-json\/wp\/v2\/media\/47290"}],"wp:attachment":[{"href":"https:\/\/pracek.si\/racunalniskatrgovina\/wp-json\/wp\/v2\/media?parent=57950"}],"wp:term":[{"taxonomy":"product_brand","embeddable":true,"href":"https:\/\/pracek.si\/racunalniskatrgovina\/wp-json\/wp\/v2\/product_brand?post=57950"},{"taxonomy":"product_cat","embeddable":true,"href":"https:\/\/pracek.si\/racunalniskatrgovina\/wp-json\/wp\/v2\/product_cat?post=57950"},{"taxonomy":"product_tag","embeddable":true,"href":"https:\/\/pracek.si\/racunalniskatrgovina\/wp-json\/wp\/v2\/product_tag?post=57950"}],"curies":[{"name":"wp","href":"https:\/\/api.w.org\/{rel}","templated":true}]}}