{"id":57983,"date":"2025-07-31T11:28:43","date_gmt":"2025-07-31T10:28:43","guid":{"rendered":"https:\/\/pracek.si\/racunalniskatrgovina\/?post_type=product&#038;p=57983"},"modified":"2025-07-31T11:32:10","modified_gmt":"2025-07-31T10:32:10","slug":"original-dell-latitude-14-7404-robusten-ekstremni-kotni-gumijasti-odbijac-spredaj-leva-stran-3","status":"publish","type":"product","link":"https:\/\/pracek.si\/racunalniskatrgovina\/izdelek\/original-dell-latitude-14-7404-robusten-ekstremni-kotni-gumijasti-odbijac-spredaj-leva-stran-3\/","title":{"rendered":"Original Dell Latitude 14 7404 Robusten ekstremni kotni gumijasti odbija\u010d SPREDAJ LEVA stran"},"content":{"rendered":"<p>Nadgradite svoj Dell Latitude 14 7404 Rugged s to pristno loputo. Enostaven za namestitev in zdru\u017eljiv s \u0161tevilko dela 7404SDCVR A. Pove\u010dajte vzdr\u017eljivost svoje naprave \u0161e danes!<\/p>\n","protected":false},"excerpt":{"rendered":"<p>Za\u0161\u010ditite va\u0161 Dell Latitude 14 7404 Rugged Extreme pred udarci s pristnim sprednjim levim kotnim gumijastim odbija\u010dem. Ta avtenti\u010dni nadomestni del, izdelan za vzdr\u017eljivost in zdru\u017eljivost, zagotavlja zanesljivo delovanje in enostavno namestitev.<\/p>\n<p>Klju\u010dne lastnosti:<\/p>\n<p>&#8211; Originalna zamenjava Dell: Zagotovite zdru\u017eljivost in zanesljivost s pristnim nadomestnim delom.<\/p>\n<p>&#8211; Robustna zasnova: zasnovana tako, da vzdr\u017ei ekstremne pogoje in zagotavlja dodatno za\u0161\u010dito va\u0161i napravi.<\/p>\n<p>&#8211; Enostavna namestitev: Z enostavno namestitvijo nadgradite za\u0161\u010dito svoje naprave.<\/p>\n<p>&#8211; Sprednja leva stran: posebej zasnovano za sprednji levi kot va\u0161ega Dell Latitude 14 7404 Rugged Extreme.<\/p>\n<p>Nadgradite svoj Dell Latitude 14 7404 Rugged Extreme \u0161e danes s pristnim gumijastim odbija\u010dem v sprednjem levem kotu. Kupujte z zaupanjem, saj veste, da vlagate v kakovosten nadomestni del za svojo napravo. \u010ce imate kakr\u0161na koli vpra\u0161anja ali potrebujete pomo\u010d, ne oklevajte in nas kontaktirajte. Tukaj smo, da vam pomagamo pove\u010dati vzdr\u017eljivost va\u0161e naprave.<\/p>\n","protected":false},"featured_media":47340,"template":"","meta":[],"product_brand":[],"product_cat":[2051],"product_tag":[2052,1818],"class_list":{"0":"post-57983","1":"product","2":"type-product","3":"status-publish","4":"has-post-thumbnail","6":"product_cat-ohisje-prenosnika","7":"product_tag-dell","8":"product_tag-rezervni-deli","10":"first","11":"instock","12":"taxable","13":"shipping-taxable","14":"purchasable","15":"product-type-simple"},"_links":{"self":[{"href":"https:\/\/pracek.si\/racunalniskatrgovina\/wp-json\/wp\/v2\/product\/57983","targetHints":{"allow":["GET"]}}],"collection":[{"href":"https:\/\/pracek.si\/racunalniskatrgovina\/wp-json\/wp\/v2\/product"}],"about":[{"href":"https:\/\/pracek.si\/racunalniskatrgovina\/wp-json\/wp\/v2\/types\/product"}],"version-history":[{"count":0,"href":"https:\/\/pracek.si\/racunalniskatrgovina\/wp-json\/wp\/v2\/product\/57983\/revisions"}],"wp:featuredmedia":[{"embeddable":true,"href":"https:\/\/pracek.si\/racunalniskatrgovina\/wp-json\/wp\/v2\/media\/47340"}],"wp:attachment":[{"href":"https:\/\/pracek.si\/racunalniskatrgovina\/wp-json\/wp\/v2\/media?parent=57983"}],"wp:term":[{"taxonomy":"product_brand","embeddable":true,"href":"https:\/\/pracek.si\/racunalniskatrgovina\/wp-json\/wp\/v2\/product_brand?post=57983"},{"taxonomy":"product_cat","embeddable":true,"href":"https:\/\/pracek.si\/racunalniskatrgovina\/wp-json\/wp\/v2\/product_cat?post=57983"},{"taxonomy":"product_tag","embeddable":true,"href":"https:\/\/pracek.si\/racunalniskatrgovina\/wp-json\/wp\/v2\/product_tag?post=57983"}],"curies":[{"name":"wp","href":"https:\/\/api.w.org\/{rel}","templated":true}]}}