{"id":57986,"date":"2025-07-31T11:28:44","date_gmt":"2025-07-31T10:28:44","guid":{"rendered":"https:\/\/pracek.si\/racunalniskatrgovina\/?post_type=product&#038;p=57986"},"modified":"2026-01-27T12:02:11","modified_gmt":"2026-01-27T11:02:11","slug":"robustni-originalni-odbijaci-dell-latitude-7404-3","status":"publish","type":"product","link":"https:\/\/pracek.si\/racunalniskatrgovina\/izdelek\/robustni-originalni-odbijaci-dell-latitude-7404-3\/","title":{"rendered":"Robustni originalni odbija\u010di Dell Latitude 7404"},"content":{"rendered":"<p>Pove\u010dajte vzdr\u017eljivost va\u0161ega Dell Latitude 7404 Rugged s temi pristnimi odbija\u010di. Ti odbija\u010di, zasnovani za robustno uporabo, zagotavljajo dodatno za\u0161\u010dito va\u0161i napravi. Nadgradite vzdr\u017eljivost svojega prenosnika \u0161e danes!<\/p>\n","protected":false},"excerpt":{"rendered":"<p>Izbolj\u0161ajte vzdr\u017eljivost in robustnost svojega prenosnika Dell Latitude 7404 Rugged s temi pristnimi odbija\u010di. Ti odbija\u010di, izdelani za vzdr\u017eljivost in zasnovani posebej za va\u0161o napravo, zagotavljajo dodatno za\u0161\u010dito pred udarci in udarci.<\/p>\n<p>Klju\u010dne lastnosti:<\/p>\n<p>&#8211; Originalna zamenjava Dell: Zagotovite zdru\u017eljivost in zanesljivost s pristnimi nadomestnimi deli.<\/p>\n<p>&#8211; Izbolj\u0161ana vzdr\u017eljivost: za\u0161\u010ditite svoj prenosnik pred udarci in udarci s temi robustnimi odbija\u010di.<\/p>\n<p>&#8211; Enostavna namestitev: Brez truda nadgradite vzdr\u017eljivost svojega prenosnika s preprosto namestitvijo.<\/p>\n<p>&#8211; Zasnovano za robustno uporabo: izdelano tako, da prenese te\u017eke pogoje, kar zagotavlja dolgo \u017eivljenjsko dobo in zanesljivost.<\/p>\n<p>Nadgradite svoj prenosni ra\u010dunalnik Dell Latitude 7404 Rugged danes s temi pristnimi odbija\u010di. Kupujte z zaupanjem, saj veste, da vlagate v kakovostne nadomestne dele za svojo napravo. \u010ce imate kakr\u0161na koli vpra\u0161anja ali potrebujete pomo\u010d, ne oklevajte in nas kontaktirajte. Tukaj smo, da vam pomagamo pove\u010dati vzdr\u017eljivost va\u0161e naprave.<\/p>\n","protected":false},"featured_media":47346,"template":"","meta":[],"product_brand":[],"product_cat":[2051],"product_tag":[2052,1818],"class_list":{"0":"post-57986","1":"product","2":"type-product","3":"status-publish","4":"has-post-thumbnail","6":"product_cat-ohisje-prenosnika","7":"product_tag-dell","8":"product_tag-rezervni-deli","10":"first","11":"instock","12":"taxable","13":"shipping-taxable","14":"purchasable","15":"product-type-simple"},"_links":{"self":[{"href":"https:\/\/pracek.si\/racunalniskatrgovina\/wp-json\/wp\/v2\/product\/57986","targetHints":{"allow":["GET"]}}],"collection":[{"href":"https:\/\/pracek.si\/racunalniskatrgovina\/wp-json\/wp\/v2\/product"}],"about":[{"href":"https:\/\/pracek.si\/racunalniskatrgovina\/wp-json\/wp\/v2\/types\/product"}],"version-history":[{"count":0,"href":"https:\/\/pracek.si\/racunalniskatrgovina\/wp-json\/wp\/v2\/product\/57986\/revisions"}],"wp:featuredmedia":[{"embeddable":true,"href":"https:\/\/pracek.si\/racunalniskatrgovina\/wp-json\/wp\/v2\/media\/47346"}],"wp:attachment":[{"href":"https:\/\/pracek.si\/racunalniskatrgovina\/wp-json\/wp\/v2\/media?parent=57986"}],"wp:term":[{"taxonomy":"product_brand","embeddable":true,"href":"https:\/\/pracek.si\/racunalniskatrgovina\/wp-json\/wp\/v2\/product_brand?post=57986"},{"taxonomy":"product_cat","embeddable":true,"href":"https:\/\/pracek.si\/racunalniskatrgovina\/wp-json\/wp\/v2\/product_cat?post=57986"},{"taxonomy":"product_tag","embeddable":true,"href":"https:\/\/pracek.si\/racunalniskatrgovina\/wp-json\/wp\/v2\/product_tag?post=57986"}],"curies":[{"name":"wp","href":"https:\/\/api.w.org\/{rel}","templated":true}]}}