{"id":58004,"date":"2025-07-31T11:30:46","date_gmt":"2025-07-31T10:30:46","guid":{"rendered":"https:\/\/pracek.si\/racunalniskatrgovina\/?post_type=product&#038;p=58004"},"modified":"2025-07-31T11:33:57","modified_gmt":"2025-07-31T10:33:57","slug":"originalna-maticna-plosca-prenosnika-asus-chromebook-flip-c434ta-m3-8100y-8-gb-64-gb","status":"publish","type":"product","link":"https:\/\/pracek.si\/racunalniskatrgovina\/izdelek\/originalna-maticna-plosca-prenosnika-asus-chromebook-flip-c434ta-m3-8100y-8-gb-64-gb\/","title":{"rendered":"ORIGINALNA mati\u010dna plo\u0161\u010da prenosnika ASUS Chromebook Flip C434TA M3-8100Y \/ 8 gb \/ 64 gb"},"content":{"rendered":"<p>Nadgradite svoj ASUS Chromebook Flip C434TA s to pristno mati\u010dno plo\u0161\u010do prenosnika. Ta mati\u010dna plo\u0161\u010da, ki je enostavna za namestitev in zdru\u017eljiva z va\u0161o napravo, zagotavlja zanesljivo delovanje. Izbolj\u0161ajte funkcionalnost svojega Chromebooka \u0161e danes!<\/p>\n","protected":false},"excerpt":{"rendered":"<p><strong>POPOLNOMA PREIZKU\u0160ENO!<\/strong><\/p>\n<p>Izbolj\u0161ajte zmogljivost svojega ASUS Chromebook Flip C434TA s pristno mati\u010dno plo\u0161\u010do prenosnika. Ta avtenti\u010dni nadomestni del, zasnovan za brezhibno zdru\u017eljivost in zanesljivost, zagotavlja optimalno delovanje va\u0161e naprave.<\/p>\n<p>Specifikacije:<\/p>\n<ul>\n<li><span data-sheets-root=\"1\" data-sheets-value=\"{&quot;1&quot;:2,&quot;2&quot;:&quot;M3-8100Y&quot;}\" data-sheets-userformat=\"{&quot;2&quot;:13185,&quot;3&quot;:{&quot;1&quot;:0},&quot;10&quot;:2,&#038; quot;11&quot;:0,&quot;12&quot;:0,&quot;15&quot;:&quot;Calibri&quot;,&quot;16&quot;:11}\">M3-8100Y procesor<\/span><\/li>\n<li>8 GB RAM<\/li>\n<li>64 GB disk<\/li>\n<\/ul>\n<p>Klju\u010dne lastnosti:<\/p>\n<p>&#8211; Originalna zamenjava ASUS: Zagotovite zdru\u017eljivost in zanesljivost s pristnim nadomestnim delom.<\/p>\n<p>&#8211; Enostavna namestitev: Nadgradite svojo napravo brez truda s preprosto namestitvijo.<\/p>\n<p>&#8211; Izbolj\u0161ana zmogljivost: s to mati\u010dno plo\u0161\u010do izbolj\u0161ajte funkcionalnost in hitrost svojega Chromebooka.<\/p>\n<p>&#8211; Zdru\u017eljivost: Zasnovan posebej za ASUS Chromebook Flip C434TA za popolno prileganje in brezhibno integracijo.<\/p>\n<p>&#8211; Zagotavljanje kakovosti: Bodite mirni, saj veste, da vlagate v pristno ASUS tehnologijo, podprto s strogim testiranjem za zagotavljanje kakovosti.<\/p>\n<p>Nadgradite svoj ASUS Chromebook Flip C434TA \u0161e danes s pristno mati\u010dno plo\u0161\u010do prenosnika. Kupujte z zaupanjem, saj veste, da vlagate v kakovosten nadomestni del za svojo napravo. \u010ce imate kakr\u0161na koli vpra\u0161anja ali potrebujete pomo\u010d, ne oklevajte in nas kontaktirajte. Tukaj smo, da vam pomagamo izbolj\u0161ati delovanje va\u0161ega Chromebooka.<\/p>\n","protected":false},"featured_media":47376,"template":"","meta":[],"product_brand":[],"product_cat":[2062],"product_tag":[2065,1818],"class_list":{"0":"post-58004","1":"product","2":"type-product","3":"status-publish","4":"has-post-thumbnail","6":"product_cat-maticne-plosce-in-deli-plosc","7":"product_tag-asus","8":"product_tag-rezervni-deli","10":"first","11":"instock","12":"taxable","13":"shipping-taxable","14":"purchasable","15":"product-type-simple"},"_links":{"self":[{"href":"https:\/\/pracek.si\/racunalniskatrgovina\/wp-json\/wp\/v2\/product\/58004","targetHints":{"allow":["GET"]}}],"collection":[{"href":"https:\/\/pracek.si\/racunalniskatrgovina\/wp-json\/wp\/v2\/product"}],"about":[{"href":"https:\/\/pracek.si\/racunalniskatrgovina\/wp-json\/wp\/v2\/types\/product"}],"version-history":[{"count":0,"href":"https:\/\/pracek.si\/racunalniskatrgovina\/wp-json\/wp\/v2\/product\/58004\/revisions"}],"wp:featuredmedia":[{"embeddable":true,"href":"https:\/\/pracek.si\/racunalniskatrgovina\/wp-json\/wp\/v2\/media\/47376"}],"wp:attachment":[{"href":"https:\/\/pracek.si\/racunalniskatrgovina\/wp-json\/wp\/v2\/media?parent=58004"}],"wp:term":[{"taxonomy":"product_brand","embeddable":true,"href":"https:\/\/pracek.si\/racunalniskatrgovina\/wp-json\/wp\/v2\/product_brand?post=58004"},{"taxonomy":"product_cat","embeddable":true,"href":"https:\/\/pracek.si\/racunalniskatrgovina\/wp-json\/wp\/v2\/product_cat?post=58004"},{"taxonomy":"product_tag","embeddable":true,"href":"https:\/\/pracek.si\/racunalniskatrgovina\/wp-json\/wp\/v2\/product_tag?post=58004"}],"curies":[{"name":"wp","href":"https:\/\/api.w.org\/{rel}","templated":true}]}}